{"id":314,"date":"2016-09-20T01:43:17","date_gmt":"2016-09-19T23:43:17","guid":{"rendered":"https:\/\/raphaelvaucourte.wordpress.com\/?page_id=314"},"modified":"2018-07-25T23:37:22","modified_gmt":"2018-07-25T21:37:22","slug":"autres-telechargements","status":"publish","type":"page","link":"https:\/\/raphael.vaucourte.rparejo.eu\/index.php\/presse-et-professionnels\/autres-telechargements\/","title":{"rendered":"Autres t\u00e9l\u00e9chargements"},"content":{"rendered":"<h1>Prospectus 50 ann\u00e9es de musique professionnelle<\/h1>\n<p>50 ann\u00e9es de musique en Fran\u00e7ais : <a href=\"https:\/\/raphael.vaucourte.rparejo.eu\/wp-content\/uploads\/2018\/07\/Raph_1966-2016_50-ans-musique_Fr.pdf\" target=\"_blank\" rel=\"noopener\">Raph_1966-2016_50-ans-musique_Fr<\/a><\/p>\n<p>50 a\u00f1os de m\u00fasica en Castellano (Espa\u00f1ol): <a href=\"https:\/\/raphael.vaucourte.rparejo.eu\/wp-content\/uploads\/2018\/07\/Raph_1966-2016_50-ans-musique_Es.pdf\" target=\"_blank\" rel=\"noopener\">Raph_1966-2016_50-ans-musique_Es<\/a><\/p>\n<p>50 years of music in English: <a href=\"https:\/\/raphael.vaucourte.rparejo.eu\/wp-content\/uploads\/2018\/07\/Raph_1966-2016_50-years-music.pdf\" target=\"_blank\" rel=\"noopener\">Raph_1966-2016_50-years-music<\/a><\/p>\n<p>&nbsp;<\/p>\n","protected":false},"excerpt":{"rendered":"<p>Prospectus 50 ann\u00e9es de musique professionnelle 50 ann\u00e9es de musique en Fran\u00e7ais : Raph_1966-2016_50-ans-musique_Fr 50 a\u00f1os de m\u00fasica en Castellano (Espa\u00f1ol): Raph_1966-2016_50-ans-musique_Es 50 years of music in English: Raph_1966-2016_50-years-music &nbsp;<\/p>\n","protected":false},"author":1,"featured_media":0,"parent":50,"menu_order":4,"comment_status":"closed","ping_status":"closed","template":"","meta":{"footnotes":""},"class_list":["post-314","page","type-page","status-publish","hentry"],"yoast_head":"<!-- This site is optimized with the Yoast SEO plugin v27.5 - https:\/\/yoast.com\/product\/yoast-seo-wordpress\/ -->\n<title>Autres t\u00e9l\u00e9chargements - Rapha\u00ebl Vaucourte (site officiel)<\/title>\n<meta name=\"robots\" content=\"index, follow, max-snippet:-1, max-image-preview:large, max-video-preview:-1\" \/>\n<link rel=\"canonical\" href=\"https:\/\/raphael.vaucourte.rparejo.eu\/index.php\/presse-et-professionnels\/autres-telechargements\/\" \/>\n<meta property=\"og:locale\" content=\"fr_FR\" \/>\n<meta property=\"og:type\" content=\"article\" \/>\n<meta property=\"og:title\" content=\"Autres t\u00e9l\u00e9chargements - Rapha\u00ebl Vaucourte (site officiel)\" \/>\n<meta property=\"og:description\" content=\"Prospectus 50 ann\u00e9es de musique professionnelle 50 ann\u00e9es de musique en Fran\u00e7ais : Raph_1966-2016_50-ans-musique_Fr 50 a\u00f1os de m\u00fasica en Castellano (Espa\u00f1ol): Raph_1966-2016_50-ans-musique_Es 50 years of music in English: Raph_1966-2016_50-years-music &nbsp;\" \/>\n<meta property=\"og:url\" content=\"https:\/\/raphael.vaucourte.rparejo.eu\/index.php\/presse-et-professionnels\/autres-telechargements\/\" \/>\n<meta property=\"og:site_name\" content=\"Rapha\u00ebl Vaucourte (site officiel)\" \/>\n<meta property=\"article:modified_time\" content=\"2018-07-25T21:37:22+00:00\" \/>\n<meta name=\"twitter:card\" content=\"summary_large_image\" \/>\n<script type=\"application\/ld+json\" class=\"yoast-schema-graph\">{\"@context\":\"https:\\\/\\\/schema.org\",\"@graph\":[{\"@type\":\"WebPage\",\"@id\":\"https:\\\/\\\/raphael.vaucourte.rparejo.eu\\\/index.php\\\/presse-et-professionnels\\\/autres-telechargements\\\/\",\"url\":\"https:\\\/\\\/raphael.vaucourte.rparejo.eu\\\/index.php\\\/presse-et-professionnels\\\/autres-telechargements\\\/\",\"name\":\"Autres t\u00e9l\u00e9chargements - Rapha\u00ebl Vaucourte (site officiel)\",\"isPartOf\":{\"@id\":\"https:\\\/\\\/raphael.vaucourte.rparejo.eu\\\/#website\"},\"datePublished\":\"2016-09-19T23:43:17+00:00\",\"dateModified\":\"2018-07-25T21:37:22+00:00\",\"breadcrumb\":{\"@id\":\"https:\\\/\\\/raphael.vaucourte.rparejo.eu\\\/index.php\\\/presse-et-professionnels\\\/autres-telechargements\\\/#breadcrumb\"},\"inLanguage\":\"fr-FR\",\"potentialAction\":[{\"@type\":\"ReadAction\",\"target\":[\"https:\\\/\\\/raphael.vaucourte.rparejo.eu\\\/index.php\\\/presse-et-professionnels\\\/autres-telechargements\\\/\"]}]},{\"@type\":\"BreadcrumbList\",\"@id\":\"https:\\\/\\\/raphael.vaucourte.rparejo.eu\\\/index.php\\\/presse-et-professionnels\\\/autres-telechargements\\\/#breadcrumb\",\"itemListElement\":[{\"@type\":\"ListItem\",\"position\":1,\"name\":\"Accueil\",\"item\":\"https:\\\/\\\/raphael.vaucourte.rparejo.eu\\\/\"},{\"@type\":\"ListItem\",\"position\":2,\"name\":\"Espace pro\",\"item\":\"https:\\\/\\\/raphael.vaucourte.rparejo.eu\\\/index.php\\\/presse-et-professionnels\\\/\"},{\"@type\":\"ListItem\",\"position\":3,\"name\":\"Autres t\u00e9l\u00e9chargements\"}]},{\"@type\":\"WebSite\",\"@id\":\"https:\\\/\\\/raphael.vaucourte.rparejo.eu\\\/#website\",\"url\":\"https:\\\/\\\/raphael.vaucourte.rparejo.eu\\\/\",\"name\":\"Rapha\u00ebl Vaucourte (site officiel)\",\"description\":\"Chanson fran\u00e7aise\",\"potentialAction\":[{\"@type\":\"SearchAction\",\"target\":{\"@type\":\"EntryPoint\",\"urlTemplate\":\"https:\\\/\\\/raphael.vaucourte.rparejo.eu\\\/?s={search_term_string}\"},\"query-input\":{\"@type\":\"PropertyValueSpecification\",\"valueRequired\":true,\"valueName\":\"search_term_string\"}}],\"inLanguage\":\"fr-FR\"}]}<\/script>\n<!-- \/ Yoast SEO plugin. -->","yoast_head_json":{"title":"Autres t\u00e9l\u00e9chargements - Rapha\u00ebl Vaucourte (site officiel)","robots":{"index":"index","follow":"follow","max-snippet":"max-snippet:-1","max-image-preview":"max-image-preview:large","max-video-preview":"max-video-preview:-1"},"canonical":"https:\/\/raphael.vaucourte.rparejo.eu\/index.php\/presse-et-professionnels\/autres-telechargements\/","og_locale":"fr_FR","og_type":"article","og_title":"Autres t\u00e9l\u00e9chargements - Rapha\u00ebl Vaucourte (site officiel)","og_description":"Prospectus 50 ann\u00e9es de musique professionnelle 50 ann\u00e9es de musique en Fran\u00e7ais : Raph_1966-2016_50-ans-musique_Fr 50 a\u00f1os de m\u00fasica en Castellano (Espa\u00f1ol): Raph_1966-2016_50-ans-musique_Es 50 years of music in English: Raph_1966-2016_50-years-music &nbsp;","og_url":"https:\/\/raphael.vaucourte.rparejo.eu\/index.php\/presse-et-professionnels\/autres-telechargements\/","og_site_name":"Rapha\u00ebl Vaucourte (site officiel)","article_modified_time":"2018-07-25T21:37:22+00:00","twitter_card":"summary_large_image","schema":{"@context":"https:\/\/schema.org","@graph":[{"@type":"WebPage","@id":"https:\/\/raphael.vaucourte.rparejo.eu\/index.php\/presse-et-professionnels\/autres-telechargements\/","url":"https:\/\/raphael.vaucourte.rparejo.eu\/index.php\/presse-et-professionnels\/autres-telechargements\/","name":"Autres t\u00e9l\u00e9chargements - Rapha\u00ebl Vaucourte (site officiel)","isPartOf":{"@id":"https:\/\/raphael.vaucourte.rparejo.eu\/#website"},"datePublished":"2016-09-19T23:43:17+00:00","dateModified":"2018-07-25T21:37:22+00:00","breadcrumb":{"@id":"https:\/\/raphael.vaucourte.rparejo.eu\/index.php\/presse-et-professionnels\/autres-telechargements\/#breadcrumb"},"inLanguage":"fr-FR","potentialAction":[{"@type":"ReadAction","target":["https:\/\/raphael.vaucourte.rparejo.eu\/index.php\/presse-et-professionnels\/autres-telechargements\/"]}]},{"@type":"BreadcrumbList","@id":"https:\/\/raphael.vaucourte.rparejo.eu\/index.php\/presse-et-professionnels\/autres-telechargements\/#breadcrumb","itemListElement":[{"@type":"ListItem","position":1,"name":"Accueil","item":"https:\/\/raphael.vaucourte.rparejo.eu\/"},{"@type":"ListItem","position":2,"name":"Espace pro","item":"https:\/\/raphael.vaucourte.rparejo.eu\/index.php\/presse-et-professionnels\/"},{"@type":"ListItem","position":3,"name":"Autres t\u00e9l\u00e9chargements"}]},{"@type":"WebSite","@id":"https:\/\/raphael.vaucourte.rparejo.eu\/#website","url":"https:\/\/raphael.vaucourte.rparejo.eu\/","name":"Rapha\u00ebl Vaucourte (site officiel)","description":"Chanson fran\u00e7aise","potentialAction":[{"@type":"SearchAction","target":{"@type":"EntryPoint","urlTemplate":"https:\/\/raphael.vaucourte.rparejo.eu\/?s={search_term_string}"},"query-input":{"@type":"PropertyValueSpecification","valueRequired":true,"valueName":"search_term_string"}}],"inLanguage":"fr-FR"}]}},"_links":{"self":[{"href":"https:\/\/raphael.vaucourte.rparejo.eu\/index.php\/wp-json\/wp\/v2\/pages\/314","targetHints":{"allow":["GET"]}}],"collection":[{"href":"https:\/\/raphael.vaucourte.rparejo.eu\/index.php\/wp-json\/wp\/v2\/pages"}],"about":[{"href":"https:\/\/raphael.vaucourte.rparejo.eu\/index.php\/wp-json\/wp\/v2\/types\/page"}],"author":[{"embeddable":true,"href":"https:\/\/raphael.vaucourte.rparejo.eu\/index.php\/wp-json\/wp\/v2\/users\/1"}],"replies":[{"embeddable":true,"href":"https:\/\/raphael.vaucourte.rparejo.eu\/index.php\/wp-json\/wp\/v2\/comments?post=314"}],"version-history":[{"count":0,"href":"https:\/\/raphael.vaucourte.rparejo.eu\/index.php\/wp-json\/wp\/v2\/pages\/314\/revisions"}],"up":[{"embeddable":true,"href":"https:\/\/raphael.vaucourte.rparejo.eu\/index.php\/wp-json\/wp\/v2\/pages\/50"}],"wp:attachment":[{"href":"https:\/\/raphael.vaucourte.rparejo.eu\/index.php\/wp-json\/wp\/v2\/media?parent=314"}],"curies":[{"name":"wp","href":"https:\/\/api.w.org\/{rel}","templated":true}]}}