{"id":312,"date":"2016-09-20T01:41:09","date_gmt":"2016-09-19T23:41:09","guid":{"rendered":"https:\/\/raphaelvaucourte.wordpress.com\/?page_id=312"},"modified":"2020-01-27T00:35:10","modified_gmt":"2020-01-26T23:35:10","slug":"technical-rider-fiche-technique-stage-plot-plan-de-scene","status":"publish","type":"page","link":"https:\/\/raphael.vaucourte.rparejo.eu\/index.php\/presse-et-professionnels\/technical-rider-fiche-technique-stage-plot-plan-de-scene\/","title":{"rendered":"Technical Rider (Fiche technique)"},"content":{"rendered":"\t\t<div data-elementor-type=\"wp-page\" data-elementor-id=\"312\" class=\"elementor elementor-312\">\n\t\t\t\t\t\t<section class=\"elementor-section elementor-top-section elementor-element elementor-element-e69b4ee elementor-section-boxed elementor-section-height-default elementor-section-height-default\" data-id=\"e69b4ee\" data-element_type=\"section\" data-e-type=\"section\">\n\t\t\t\t\t\t<div class=\"elementor-container elementor-column-gap-default\">\n\t\t\t\t\t<div class=\"elementor-column elementor-col-66 elementor-top-column elementor-element elementor-element-7c1e4fd\" data-id=\"7c1e4fd\" data-element_type=\"column\" data-e-type=\"column\">\n\t\t\t<div class=\"elementor-widget-wrap elementor-element-populated\">\n\t\t\t\t\t\t<div class=\"elementor-element elementor-element-c45055a elementor-widget elementor-widget-text-editor\" data-id=\"c45055a\" data-element_type=\"widget\" data-e-type=\"widget\" data-widget_type=\"text-editor.default\">\n\t\t\t\t<div class=\"elementor-widget-container\">\n\t\t\t\t\t\t\t\t\t<p style=\"text-align: justify;\"><span style=\"font-size: 12pt;\">Au th\u00e9\u00e2tre comme sur une sc\u00e8ne musique la fiche technique (ou technical rider en anglais)\u00a0 est l&rsquo;ensemble des requ\u00eates ou demandes \u00e9manant d&rsquo;un artiste ou d&rsquo;un groupe d&rsquo;artistes, r\u00e9sumant ses (ou leurs) besoins techniques\u00a0<\/span><span style=\"font-family: 'Open Sans'; font-size: 16px; font-style: normal; font-variant-ligatures: normal; font-variant-caps: normal; font-weight: 400;\">sur sc\u00e8ne<\/span><span style=\"font-family: 'Open Sans'; font-size: 16px; font-style: normal; font-variant-ligatures: normal; font-variant-caps: normal; font-weight: 400;\">\u00a0<\/span><span style=\"font-size: 12pt; text-indent: 0em;\">\u2013 qu&rsquo;ils soient minimaux ou optimaux \u2013 pour \u00eatre en mesure de donner leur spectacle.<\/span><\/p>\t\t\t\t\t\t\t\t<\/div>\n\t\t\t\t<\/div>\n\t\t\t\t\t<\/div>\n\t\t<\/div>\n\t\t\t\t<div class=\"elementor-column elementor-col-33 elementor-top-column elementor-element elementor-element-3f8f254\" data-id=\"3f8f254\" data-element_type=\"column\" data-e-type=\"column\">\n\t\t\t<div class=\"elementor-widget-wrap\">\n\t\t\t\t\t\t\t<\/div>\n\t\t<\/div>\n\t\t\t\t\t<\/div>\n\t\t<\/section>\n\t\t\t\t<section class=\"elementor-section elementor-top-section elementor-element elementor-element-7d5125c elementor-section-boxed elementor-section-height-default elementor-section-height-default\" data-id=\"7d5125c\" data-element_type=\"section\" data-e-type=\"section\">\n\t\t\t\t\t\t<div class=\"elementor-container elementor-column-gap-default\">\n\t\t\t\t\t<div class=\"elementor-column elementor-col-100 elementor-top-column elementor-element elementor-element-cfea200\" data-id=\"cfea200\" data-element_type=\"column\" data-e-type=\"column\">\n\t\t\t<div class=\"elementor-widget-wrap elementor-element-populated\">\n\t\t\t\t\t\t<div class=\"elementor-element elementor-element-d9dbaad elementor-widget elementor-widget-heading\" data-id=\"d9dbaad\" data-element_type=\"widget\" data-e-type=\"widget\" data-widget_type=\"heading.default\">\n\t\t\t\t<div class=\"elementor-widget-container\">\n\t\t\t\t\t<h3 class=\"elementor-heading-title elementor-size-default\">Chansons d'en France et de la Francophonie<\/h3>\t\t\t\t<\/div>\n\t\t\t\t<\/div>\n\t\t\t\t\t<\/div>\n\t\t<\/div>\n\t\t\t\t\t<\/div>\n\t\t<\/section>\n\t\t\t\t<section class=\"elementor-section elementor-top-section elementor-element elementor-element-33b26d8 elementor-section-boxed elementor-section-height-default elementor-section-height-default\" data-id=\"33b26d8\" data-element_type=\"section\" data-e-type=\"section\">\n\t\t\t\t\t\t<div class=\"elementor-container elementor-column-gap-default\">\n\t\t\t\t\t<div class=\"elementor-column elementor-col-50 elementor-top-column elementor-element elementor-element-961f04e\" data-id=\"961f04e\" data-element_type=\"column\" data-e-type=\"column\">\n\t\t\t<div class=\"elementor-widget-wrap elementor-element-populated\">\n\t\t\t\t\t\t<div class=\"elementor-element elementor-element-b3c4545 elementor-widget elementor-widget-heading\" data-id=\"b3c4545\" data-element_type=\"widget\" data-e-type=\"widget\" data-widget_type=\"heading.default\">\n\t\t\t\t<div class=\"elementor-widget-container\">\n\t\t\t\t\t<h4 class=\"elementor-heading-title elementor-size-default\">En solo (guitares acoustique et classique)<\/h4>\t\t\t\t<\/div>\n\t\t\t\t<\/div>\n\t\t\t\t<div class=\"elementor-element elementor-element-36c4090 elementor-widget elementor-widget-text-editor\" data-id=\"36c4090\" data-element_type=\"widget\" data-e-type=\"widget\" data-widget_type=\"text-editor.default\">\n\t\t\t\t<div class=\"elementor-widget-container\">\n\t\t\t\t\t\t\t\t\t<p style=\"text-align: left;\"><span style=\"font-size: 12pt;\">En Fran\u00e7ais<span style=\"color: #000000; text-indent: 0em; text-align: inherit;\"> :\u00a0<\/span><a style=\"text-indent: 0em; text-align: inherit;\" href=\"https:\/\/raphael.vaucourte.rparejo.eu\/wp-content\/uploads\/2017\/11\/Raphael-Vaucourte_solo_technical-rider_Fr_web.pdf\" target=\"_blank\" rel=\"noopener\">Raphael-Vaucourte_solo_technical-rider_Fr_web<\/a><span style=\"color: #000000; text-indent: 0em; text-align: inherit;\"> (<\/span><\/span><\/p><p style=\"text-align: left;\"><span style=\"text-align: inherit; text-indent: 0em; font-size: 12pt;\">En Espa\u00f1ol :<\/span><span style=\"text-align: inherit; text-indent: 0em; color: #000000; font-size: 12pt;\">\u00a0<\/span><a style=\"text-align: inherit; text-indent: 0em; font-size: 12pt;\" href=\"https:\/\/raphael.vaucourte.rparejo.eu\/wp-content\/uploads\/2017\/11\/Raphae\u0308l-Vaucourte-solo_technical-rider_Es_web.pdf\">Raphae\u0308l-Vaucourte-solo_technical-rider_Es_web<\/a><span style=\"text-align: inherit; text-indent: 0em; color: #000000; font-size: 12pt;\"> (PDF)<\/span><\/p>\t\t\t\t\t\t\t\t<\/div>\n\t\t\t\t<\/div>\n\t\t\t\t\t<\/div>\n\t\t<\/div>\n\t\t\t\t<div class=\"elementor-column elementor-col-50 elementor-top-column elementor-element elementor-element-3ed7533\" data-id=\"3ed7533\" data-element_type=\"column\" data-e-type=\"column\">\n\t\t\t<div class=\"elementor-widget-wrap elementor-element-populated\">\n\t\t\t\t\t\t<div class=\"elementor-element elementor-element-e2c295b elementor-widget elementor-widget-heading\" data-id=\"e2c295b\" data-element_type=\"widget\" data-e-type=\"widget\" data-widget_type=\"heading.default\">\n\t\t\t\t<div class=\"elementor-widget-container\">\n\t\t\t\t\t<h4 class=\"elementor-heading-title elementor-size-default\">Avec violoncelliste (ou contrebassiste)<\/h4>\t\t\t\t<\/div>\n\t\t\t\t<\/div>\n\t\t\t\t<div class=\"elementor-element elementor-element-6842f38 elementor-widget elementor-widget-text-editor\" data-id=\"6842f38\" data-element_type=\"widget\" data-e-type=\"widget\" data-widget_type=\"text-editor.default\">\n\t\t\t\t<div class=\"elementor-widget-container\">\n\t\t\t\t\t\t\t\t\t<p><span style=\"color: #ffffff; font-size: 12pt;\">En Fran\u00e7ais : [disponible sous peu]<\/span><\/p><p><span style=\"font-size: 12pt;\">En Espa\u00f1ol: [disponible proximadamente]<\/span><\/p>\t\t\t\t\t\t\t\t<\/div>\n\t\t\t\t<\/div>\n\t\t\t\t\t<\/div>\n\t\t<\/div>\n\t\t\t\t\t<\/div>\n\t\t<\/section>\n\t\t\t\t<section class=\"elementor-section elementor-top-section elementor-element elementor-element-f9dca2e elementor-section-boxed elementor-section-height-default elementor-section-height-default\" data-id=\"f9dca2e\" data-element_type=\"section\" data-e-type=\"section\">\n\t\t\t\t\t\t<div class=\"elementor-container elementor-column-gap-default\">\n\t\t\t\t\t<div class=\"elementor-column elementor-col-100 elementor-top-column elementor-element elementor-element-0092d03\" data-id=\"0092d03\" data-element_type=\"column\" data-e-type=\"column\">\n\t\t\t<div class=\"elementor-widget-wrap elementor-element-populated\">\n\t\t\t\t\t\t<div class=\"elementor-element elementor-element-6f9fbe4 elementor-widget elementor-widget-text-editor\" data-id=\"6f9fbe4\" data-element_type=\"widget\" data-e-type=\"widget\" data-widget_type=\"text-editor.default\">\n\t\t\t\t<div class=\"elementor-widget-container\">\n\t\t\t\t\t\t\t\t\t<p style=\"text-align: justify;\"><span style=\"font-size: 14pt;\">Dans tous les cas il est pr\u00e9f\u00e9rable de nous contacter \u00e0 l&rsquo;avance par <a href=\"https:\/\/raphael.vaucourte.rparejo.eu\/index.php\/contact-booking\/formulaire-de-contact\/\" target=\"_blank\" rel=\"noopener\">courrier \u00e9lectronique<\/a>.<\/span><\/p>\t\t\t\t\t\t\t\t<\/div>\n\t\t\t\t<\/div>\n\t\t\t\t\t<\/div>\n\t\t<\/div>\n\t\t\t\t\t<\/div>\n\t\t<\/section>\n\t\t\t\t<section class=\"elementor-section elementor-top-section elementor-element elementor-element-4c7e0af elementor-section-boxed elementor-section-height-default elementor-section-height-default\" data-id=\"4c7e0af\" data-element_type=\"section\" data-e-type=\"section\">\n\t\t\t\t\t\t<div class=\"elementor-container elementor-column-gap-default\">\n\t\t\t\t\t<div class=\"elementor-column elementor-col-100 elementor-top-column elementor-element elementor-element-0261273\" data-id=\"0261273\" data-element_type=\"column\" data-e-type=\"column\">\n\t\t\t<div class=\"elementor-widget-wrap elementor-element-populated\">\n\t\t\t\t\t\t<div class=\"elementor-element elementor-element-69450c4 elementor-widget elementor-widget-heading\" data-id=\"69450c4\" data-element_type=\"widget\" data-e-type=\"widget\" data-widget_type=\"heading.default\">\n\t\t\t\t<div class=\"elementor-widget-container\">\n\t\t\t\t\t<h3 class=\"elementor-heading-title elementor-size-default\">Chansons pour la route<\/h3>\t\t\t\t<\/div>\n\t\t\t\t<\/div>\n\t\t\t\t\t<\/div>\n\t\t<\/div>\n\t\t\t\t\t<\/div>\n\t\t<\/section>\n\t\t\t\t<section class=\"elementor-section elementor-top-section elementor-element elementor-element-6ad024b elementor-section-boxed elementor-section-height-default elementor-section-height-default\" data-id=\"6ad024b\" data-element_type=\"section\" data-e-type=\"section\">\n\t\t\t\t\t\t<div class=\"elementor-container elementor-column-gap-default\">\n\t\t\t\t\t<div class=\"elementor-column elementor-col-50 elementor-top-column elementor-element elementor-element-3a24fc0\" data-id=\"3a24fc0\" data-element_type=\"column\" data-e-type=\"column\">\n\t\t\t<div class=\"elementor-widget-wrap elementor-element-populated\">\n\t\t\t\t\t\t<div class=\"elementor-element elementor-element-a45f012 elementor-widget elementor-widget-heading\" data-id=\"a45f012\" data-element_type=\"widget\" data-e-type=\"widget\" data-widget_type=\"heading.default\">\n\t\t\t\t<div class=\"elementor-widget-container\">\n\t\t\t\t\t<h4 class=\"elementor-heading-title elementor-size-default\">En solo<\/h4>\t\t\t\t<\/div>\n\t\t\t\t<\/div>\n\t\t\t\t<div class=\"elementor-element elementor-element-65f1ecc elementor-widget elementor-widget-text-editor\" data-id=\"65f1ecc\" data-element_type=\"widget\" data-e-type=\"widget\" data-widget_type=\"text-editor.default\">\n\t\t\t\t<div class=\"elementor-widget-container\">\n\t\t\t\t\t\t\t\t\t<p style=\"text-align: justify;\"><span style=\"font-size: 12pt;\">Ce spectacle est globalement plus \u00ab \u00e9lectrique\u00a0\u00bb que <em>Chansons d&rsquo;en France et de la Francophonie.<\/em> Rapha\u00ebl y utilise 3 types de guitares : 1 guitare classique non \u00e9lectrifi\u00e9e, une guitare acoustique non \u00e9lectrifi\u00e9e, et une guitare \u00e9lectro-acoustique avec micro et pr\u00e9ampli incorpor\u00e9s.\u00a0 De plus il utilise quelques p\u00e9dales d&rsquo;effets. C&rsquo;est la raison pour laquelle la fiche technique diff\u00e8re de la pr\u00e9c\u00e9dente.<\/span><\/p><p style=\"text-align: justify;\"><span style=\"font-size: 12pt;\">En Fran\u00e7ais :\u00a0<\/span><\/p><p style=\"text-align: justify;\"><span style=\"font-size: 12pt;\">En Espa\u00f1ol:<\/span><\/p><p style=\"text-align: justify;\">\u00a0<\/p>\t\t\t\t\t\t\t\t<\/div>\n\t\t\t\t<\/div>\n\t\t\t\t\t<\/div>\n\t\t<\/div>\n\t\t\t\t<div class=\"elementor-column elementor-col-50 elementor-top-column elementor-element elementor-element-64296e6\" data-id=\"64296e6\" data-element_type=\"column\" data-e-type=\"column\">\n\t\t\t<div class=\"elementor-widget-wrap elementor-element-populated\">\n\t\t\t\t\t\t<div class=\"elementor-element elementor-element-7653a0d elementor-widget elementor-widget-heading\" data-id=\"7653a0d\" data-element_type=\"widget\" data-e-type=\"widget\" data-widget_type=\"heading.default\">\n\t\t\t\t<div class=\"elementor-widget-container\">\n\t\t\t\t\t<h4 class=\"elementor-heading-title elementor-size-default\">Avec un ou plusieurs accompagnateurs<\/h4>\t\t\t\t<\/div>\n\t\t\t\t<\/div>\n\t\t\t\t<div class=\"elementor-element elementor-element-62b30ad elementor-widget elementor-widget-text-editor\" data-id=\"62b30ad\" data-element_type=\"widget\" data-e-type=\"widget\" data-widget_type=\"text-editor.default\">\n\t\t\t\t<div class=\"elementor-widget-container\">\n\t\t\t\t\t\t\t\t\t<p style=\"text-align: justify;\">\n<\/p><p><span style=\"font-size: 12pt;\">Le nombre de musiciens accompagnant Rapha\u00ebl pouvant varier de il est l\u00e0 aussi pr\u00e9f\u00e9rable de nous consulter suffisamment \u00e0 l&rsquo;avance, les donn\u00e9es techniques pouvant varier en fonction du nombre de musiciens, des instruments et des effets utilis\u00e9s.<\/span><\/p>\n<p><span style=\"font-size: 12pt;\">Contacter Rapha\u00ebl par <a href=\"https:\/\/raphael.vaucourte.rparejo.eu\/index.php\/contact-booking\/formulaire-de-contact\/\" target=\"_blank\" rel=\"noopener\">courrier \u00e9lectronique<\/a>.<\/span><\/p>\t\t\t\t\t\t\t\t<\/div>\n\t\t\t\t<\/div>\n\t\t\t\t\t<\/div>\n\t\t<\/div>\n\t\t\t\t\t<\/div>\n\t\t<\/section>\n\t\t\t\t<section class=\"elementor-section elementor-top-section elementor-element elementor-element-6f70bde2 elementor-section-boxed elementor-section-height-default elementor-section-height-default\" data-id=\"6f70bde2\" data-element_type=\"section\" data-e-type=\"section\">\n\t\t\t\t\t\t<div class=\"elementor-container elementor-column-gap-default\">\n\t\t\t\t\t<div class=\"elementor-column elementor-col-100 elementor-top-column elementor-element elementor-element-616110c2\" data-id=\"616110c2\" data-element_type=\"column\" data-e-type=\"column\">\n\t\t\t<div class=\"elementor-widget-wrap elementor-element-populated\">\n\t\t\t\t\t\t\t<\/div>\n\t\t<\/div>\n\t\t\t\t\t<\/div>\n\t\t<\/section>\n\t\t\t\t<\/div>\n\t\t","protected":false},"excerpt":{"rendered":"<p>Au th\u00e9\u00e2tre comme sur une sc\u00e8ne musique la fiche technique (ou technical rider en anglais)\u00a0 est l&rsquo;ensemble des requ\u00eates ou demandes \u00e9manant d&rsquo;un artiste ou d&rsquo;un groupe d&rsquo;artistes, r\u00e9sumant ses (ou leurs) besoins techniques\u00a0sur sc\u00e8ne\u00a0\u2013 qu&rsquo;ils soient minimaux ou optimaux \u2013 pour \u00eatre en mesure de donner leur spectacle. Chansons d&rsquo;en France et de la Francophonie En solo (guitares acoustique &hellip;<\/p>\n","protected":false},"author":1,"featured_media":0,"parent":50,"menu_order":1,"comment_status":"closed","ping_status":"closed","template":"","meta":{"footnotes":""},"class_list":["post-312","page","type-page","status-publish","hentry"],"yoast_head":"<!-- This site is optimized with the Yoast SEO plugin v27.5 - https:\/\/yoast.com\/product\/yoast-seo-wordpress\/ -->\n<title>Technical Rider (Fiche technique) - Rapha\u00ebl Vaucourte (site officiel)<\/title>\n<meta name=\"robots\" content=\"index, follow, max-snippet:-1, max-image-preview:large, max-video-preview:-1\" \/>\n<link rel=\"canonical\" href=\"https:\/\/raphael.vaucourte.rparejo.eu\/index.php\/presse-et-professionnels\/technical-rider-fiche-technique-stage-plot-plan-de-scene\/\" \/>\n<meta property=\"og:locale\" content=\"fr_FR\" \/>\n<meta property=\"og:type\" content=\"article\" \/>\n<meta property=\"og:title\" content=\"Technical Rider (Fiche technique) - Rapha\u00ebl Vaucourte (site officiel)\" \/>\n<meta property=\"og:description\" content=\"Au th\u00e9\u00e2tre comme sur une sc\u00e8ne musique la fiche technique (ou technical rider en anglais)\u00a0 est l&rsquo;ensemble des requ\u00eates ou demandes \u00e9manant d&rsquo;un artiste ou d&rsquo;un groupe d&rsquo;artistes, r\u00e9sumant ses (ou leurs) besoins techniques\u00a0sur sc\u00e8ne\u00a0\u2013 qu&rsquo;ils soient minimaux ou optimaux \u2013 pour \u00eatre en mesure de donner leur spectacle. Chansons d&rsquo;en France et de la Francophonie En solo (guitares acoustique &hellip;\" \/>\n<meta property=\"og:url\" content=\"https:\/\/raphael.vaucourte.rparejo.eu\/index.php\/presse-et-professionnels\/technical-rider-fiche-technique-stage-plot-plan-de-scene\/\" \/>\n<meta property=\"og:site_name\" content=\"Rapha\u00ebl Vaucourte (site officiel)\" \/>\n<meta property=\"article:modified_time\" content=\"2020-01-26T23:35:10+00:00\" \/>\n<meta name=\"twitter:card\" content=\"summary_large_image\" \/>\n<meta name=\"twitter:label1\" content=\"Dur\u00e9e de lecture estim\u00e9e\" \/>\n\t<meta name=\"twitter:data1\" content=\"1 minute\" \/>\n<script type=\"application\/ld+json\" class=\"yoast-schema-graph\">{\"@context\":\"https:\\\/\\\/schema.org\",\"@graph\":[{\"@type\":\"WebPage\",\"@id\":\"https:\\\/\\\/raphael.vaucourte.rparejo.eu\\\/index.php\\\/presse-et-professionnels\\\/technical-rider-fiche-technique-stage-plot-plan-de-scene\\\/\",\"url\":\"https:\\\/\\\/raphael.vaucourte.rparejo.eu\\\/index.php\\\/presse-et-professionnels\\\/technical-rider-fiche-technique-stage-plot-plan-de-scene\\\/\",\"name\":\"Technical Rider (Fiche technique) - Rapha\u00ebl Vaucourte (site officiel)\",\"isPartOf\":{\"@id\":\"https:\\\/\\\/raphael.vaucourte.rparejo.eu\\\/#website\"},\"datePublished\":\"2016-09-19T23:41:09+00:00\",\"dateModified\":\"2020-01-26T23:35:10+00:00\",\"breadcrumb\":{\"@id\":\"https:\\\/\\\/raphael.vaucourte.rparejo.eu\\\/index.php\\\/presse-et-professionnels\\\/technical-rider-fiche-technique-stage-plot-plan-de-scene\\\/#breadcrumb\"},\"inLanguage\":\"fr-FR\",\"potentialAction\":[{\"@type\":\"ReadAction\",\"target\":[\"https:\\\/\\\/raphael.vaucourte.rparejo.eu\\\/index.php\\\/presse-et-professionnels\\\/technical-rider-fiche-technique-stage-plot-plan-de-scene\\\/\"]}]},{\"@type\":\"BreadcrumbList\",\"@id\":\"https:\\\/\\\/raphael.vaucourte.rparejo.eu\\\/index.php\\\/presse-et-professionnels\\\/technical-rider-fiche-technique-stage-plot-plan-de-scene\\\/#breadcrumb\",\"itemListElement\":[{\"@type\":\"ListItem\",\"position\":1,\"name\":\"Accueil\",\"item\":\"https:\\\/\\\/raphael.vaucourte.rparejo.eu\\\/\"},{\"@type\":\"ListItem\",\"position\":2,\"name\":\"Espace pro\",\"item\":\"https:\\\/\\\/raphael.vaucourte.rparejo.eu\\\/index.php\\\/presse-et-professionnels\\\/\"},{\"@type\":\"ListItem\",\"position\":3,\"name\":\"Technical Rider (Fiche technique)\"}]},{\"@type\":\"WebSite\",\"@id\":\"https:\\\/\\\/raphael.vaucourte.rparejo.eu\\\/#website\",\"url\":\"https:\\\/\\\/raphael.vaucourte.rparejo.eu\\\/\",\"name\":\"Rapha\u00ebl Vaucourte (site officiel)\",\"description\":\"Chanson fran\u00e7aise\",\"potentialAction\":[{\"@type\":\"SearchAction\",\"target\":{\"@type\":\"EntryPoint\",\"urlTemplate\":\"https:\\\/\\\/raphael.vaucourte.rparejo.eu\\\/?s={search_term_string}\"},\"query-input\":{\"@type\":\"PropertyValueSpecification\",\"valueRequired\":true,\"valueName\":\"search_term_string\"}}],\"inLanguage\":\"fr-FR\"}]}<\/script>\n<!-- \/ Yoast SEO plugin. -->","yoast_head_json":{"title":"Technical Rider (Fiche technique) - Rapha\u00ebl Vaucourte (site officiel)","robots":{"index":"index","follow":"follow","max-snippet":"max-snippet:-1","max-image-preview":"max-image-preview:large","max-video-preview":"max-video-preview:-1"},"canonical":"https:\/\/raphael.vaucourte.rparejo.eu\/index.php\/presse-et-professionnels\/technical-rider-fiche-technique-stage-plot-plan-de-scene\/","og_locale":"fr_FR","og_type":"article","og_title":"Technical Rider (Fiche technique) - Rapha\u00ebl Vaucourte (site officiel)","og_description":"Au th\u00e9\u00e2tre comme sur une sc\u00e8ne musique la fiche technique (ou technical rider en anglais)\u00a0 est l&rsquo;ensemble des requ\u00eates ou demandes \u00e9manant d&rsquo;un artiste ou d&rsquo;un groupe d&rsquo;artistes, r\u00e9sumant ses (ou leurs) besoins techniques\u00a0sur sc\u00e8ne\u00a0\u2013 qu&rsquo;ils soient minimaux ou optimaux \u2013 pour \u00eatre en mesure de donner leur spectacle. Chansons d&rsquo;en France et de la Francophonie En solo (guitares acoustique &hellip;","og_url":"https:\/\/raphael.vaucourte.rparejo.eu\/index.php\/presse-et-professionnels\/technical-rider-fiche-technique-stage-plot-plan-de-scene\/","og_site_name":"Rapha\u00ebl Vaucourte (site officiel)","article_modified_time":"2020-01-26T23:35:10+00:00","twitter_card":"summary_large_image","twitter_misc":{"Dur\u00e9e de lecture estim\u00e9e":"1 minute"},"schema":{"@context":"https:\/\/schema.org","@graph":[{"@type":"WebPage","@id":"https:\/\/raphael.vaucourte.rparejo.eu\/index.php\/presse-et-professionnels\/technical-rider-fiche-technique-stage-plot-plan-de-scene\/","url":"https:\/\/raphael.vaucourte.rparejo.eu\/index.php\/presse-et-professionnels\/technical-rider-fiche-technique-stage-plot-plan-de-scene\/","name":"Technical Rider (Fiche technique) - Rapha\u00ebl Vaucourte (site officiel)","isPartOf":{"@id":"https:\/\/raphael.vaucourte.rparejo.eu\/#website"},"datePublished":"2016-09-19T23:41:09+00:00","dateModified":"2020-01-26T23:35:10+00:00","breadcrumb":{"@id":"https:\/\/raphael.vaucourte.rparejo.eu\/index.php\/presse-et-professionnels\/technical-rider-fiche-technique-stage-plot-plan-de-scene\/#breadcrumb"},"inLanguage":"fr-FR","potentialAction":[{"@type":"ReadAction","target":["https:\/\/raphael.vaucourte.rparejo.eu\/index.php\/presse-et-professionnels\/technical-rider-fiche-technique-stage-plot-plan-de-scene\/"]}]},{"@type":"BreadcrumbList","@id":"https:\/\/raphael.vaucourte.rparejo.eu\/index.php\/presse-et-professionnels\/technical-rider-fiche-technique-stage-plot-plan-de-scene\/#breadcrumb","itemListElement":[{"@type":"ListItem","position":1,"name":"Accueil","item":"https:\/\/raphael.vaucourte.rparejo.eu\/"},{"@type":"ListItem","position":2,"name":"Espace pro","item":"https:\/\/raphael.vaucourte.rparejo.eu\/index.php\/presse-et-professionnels\/"},{"@type":"ListItem","position":3,"name":"Technical Rider (Fiche technique)"}]},{"@type":"WebSite","@id":"https:\/\/raphael.vaucourte.rparejo.eu\/#website","url":"https:\/\/raphael.vaucourte.rparejo.eu\/","name":"Rapha\u00ebl Vaucourte (site officiel)","description":"Chanson fran\u00e7aise","potentialAction":[{"@type":"SearchAction","target":{"@type":"EntryPoint","urlTemplate":"https:\/\/raphael.vaucourte.rparejo.eu\/?s={search_term_string}"},"query-input":{"@type":"PropertyValueSpecification","valueRequired":true,"valueName":"search_term_string"}}],"inLanguage":"fr-FR"}]}},"_links":{"self":[{"href":"https:\/\/raphael.vaucourte.rparejo.eu\/index.php\/wp-json\/wp\/v2\/pages\/312","targetHints":{"allow":["GET"]}}],"collection":[{"href":"https:\/\/raphael.vaucourte.rparejo.eu\/index.php\/wp-json\/wp\/v2\/pages"}],"about":[{"href":"https:\/\/raphael.vaucourte.rparejo.eu\/index.php\/wp-json\/wp\/v2\/types\/page"}],"author":[{"embeddable":true,"href":"https:\/\/raphael.vaucourte.rparejo.eu\/index.php\/wp-json\/wp\/v2\/users\/1"}],"replies":[{"embeddable":true,"href":"https:\/\/raphael.vaucourte.rparejo.eu\/index.php\/wp-json\/wp\/v2\/comments?post=312"}],"version-history":[{"count":0,"href":"https:\/\/raphael.vaucourte.rparejo.eu\/index.php\/wp-json\/wp\/v2\/pages\/312\/revisions"}],"up":[{"embeddable":true,"href":"https:\/\/raphael.vaucourte.rparejo.eu\/index.php\/wp-json\/wp\/v2\/pages\/50"}],"wp:attachment":[{"href":"https:\/\/raphael.vaucourte.rparejo.eu\/index.php\/wp-json\/wp\/v2\/media?parent=312"}],"curies":[{"name":"wp","href":"https:\/\/api.w.org\/{rel}","templated":true}]}}