{"id":2822,"date":"2021-10-05T16:10:30","date_gmt":"2021-10-05T14:10:30","guid":{"rendered":"https:\/\/raphael.vaucourte.rparejo.eu\/?page_id=2822"},"modified":"2021-10-05T17:00:33","modified_gmt":"2021-10-05T15:00:33","slug":"plus-dinformations-sur-le-recital-chansons-den-france-et-de-la-francophonie","status":"publish","type":"page","link":"https:\/\/raphael.vaucourte.rparejo.eu\/index.php\/plus-dinformations-sur-le-recital-chansons-den-france-et-de-la-francophonie\/","title":{"rendered":"Plus d&rsquo;informations sur le r\u00e9cital Chansons d&rsquo;en France et de la Francophonie"},"content":{"rendered":"\t\t<div data-elementor-type=\"wp-page\" data-elementor-id=\"2822\" class=\"elementor elementor-2822\">\n\t\t\t\t\t\t<section class=\"elementor-section elementor-top-section elementor-element elementor-element-1c6a2696 elementor-section-boxed elementor-section-height-default elementor-section-height-default\" data-id=\"1c6a2696\" data-element_type=\"section\" data-e-type=\"section\">\n\t\t\t\t\t\t<div class=\"elementor-container elementor-column-gap-default\">\n\t\t\t\t\t<div class=\"elementor-column elementor-col-100 elementor-top-column elementor-element elementor-element-493b0e22\" data-id=\"493b0e22\" data-element_type=\"column\" data-e-type=\"column\">\n\t\t\t<div class=\"elementor-widget-wrap elementor-element-populated\">\n\t\t\t\t\t\t<div class=\"elementor-element elementor-element-56716139 elementor-widget elementor-widget-heading\" data-id=\"56716139\" data-element_type=\"widget\" data-e-type=\"widget\" data-widget_type=\"heading.default\">\n\t\t\t\t<div class=\"elementor-widget-container\">\n\t\t\t\t\t<h3 class=\"elementor-heading-title elementor-size-default\">La gen\u00e8se du projet musical\u00a0: les \u00e9changes avec des professeurs de Fran\u00e7ais en Argentine<\/h3>\t\t\t\t<\/div>\n\t\t\t\t<\/div>\n\t\t\t\t\t<\/div>\n\t\t<\/div>\n\t\t\t\t\t<\/div>\n\t\t<\/section>\n\t\t\t\t<section class=\"elementor-section elementor-top-section elementor-element elementor-element-6d0f7f74 elementor-section-boxed elementor-section-height-default elementor-section-height-default\" data-id=\"6d0f7f74\" data-element_type=\"section\" data-e-type=\"section\">\n\t\t\t\t\t\t<div class=\"elementor-container elementor-column-gap-default\">\n\t\t\t\t\t<div class=\"elementor-column elementor-col-50 elementor-top-column elementor-element elementor-element-13f60231\" data-id=\"13f60231\" data-element_type=\"column\" data-e-type=\"column\">\n\t\t\t<div class=\"elementor-widget-wrap elementor-element-populated\">\n\t\t\t\t\t\t<div class=\"elementor-element elementor-element-5412cbae elementor-invisible elementor-widget elementor-widget-image\" data-id=\"5412cbae\" data-element_type=\"widget\" data-e-type=\"widget\" data-settings=\"{&quot;_animation&quot;:&quot;fadeInLeft&quot;}\" data-widget_type=\"image.default\">\n\t\t\t\t<div class=\"elementor-widget-container\">\n\t\t\t\t\t\t\t\t\t\t\t\t<figure class=\"wp-caption\">\n\t\t\t\t\t\t\t\t\t\t<img decoding=\"async\" src=\"https:\/\/raphael.vaucourte.rparejo.eu\/wp-content\/uploads\/elementor\/thumbs\/Congreso-Andino-Jujuy-2012_organizadores_web-qee2kd2x23x80gx7kvp2z6xuo22xir6mxyqas1884g.jpg\" title=\"Congreso-Andino-Jujuy-2012_organizadores_web\" alt=\"Congreso-Andino-Jujuy-2012_organizadores_web\" loading=\"lazy\" \/>\t\t\t\t\t\t\t\t\t\t\t<figcaption class=\"widget-image-caption wp-caption-text\">Le \u00ab noyau dur\u00bb de l\u2019\u00e9quipe qui a organis\u00e9 le congr\u00e8s. De gauche \u00e0 droite : Pra. Adelma Francisca Landriel, Pra. Mar\u00eda Liz\u00e1rraga, Lca. Antonela Centanni, le recteur Patricia A. Elias, Gustavo Ricardo Muro (secr\u00e9taire de planification et d\u00e9veloppement de Jujuy), Pra. Isabel Mamani, et Pr. Sergio Tocon\u00e1s. Note : il manque sur cette photo Amanda Medrano, professeur de Fran\u00e7ais et vice-recteur, qui n'avait pu \u00eatre pr\u00e9sente. [1] Voir photo en bas de page.<\/figcaption>\n\t\t\t\t\t\t\t\t\t\t<\/figure>\n\t\t\t\t\t\t\t\t\t<\/div>\n\t\t\t\t<\/div>\n\t\t\t\t\t<\/div>\n\t\t<\/div>\n\t\t\t\t<div class=\"elementor-column elementor-col-50 elementor-top-column elementor-element elementor-element-541cf9e7\" data-id=\"541cf9e7\" data-element_type=\"column\" data-e-type=\"column\">\n\t\t\t<div class=\"elementor-widget-wrap elementor-element-populated\">\n\t\t\t\t\t\t<div class=\"elementor-element elementor-element-633b8661 elementor-invisible elementor-widget elementor-widget-text-editor\" data-id=\"633b8661\" data-element_type=\"widget\" data-e-type=\"widget\" data-settings=\"{&quot;_animation&quot;:&quot;fadeInRight&quot;}\" data-widget_type=\"text-editor.default\">\n\t\t\t\t<div class=\"elementor-widget-container\">\n\t\t\t\t\t\t\t\t\t<p style=\"text-align: justify;\">Rapha\u00ebl nous explique\u00a0:<\/p><p style=\"text-align: justify;\"><em>\u00ab Le projet a pris une forme plus concr\u00e8te \u00e0 l\u2019automne 2012, au retour d\u2019un s\u00e9jour de pratiquement un mois en Argentine. J\u2019avais \u00e9t\u00e9 invit\u00e9 en tant qu\u2019ethnomusicologue au <a href=\"https:\/\/sites.google.com\/site\/icongrandinodesarrocultural\/\" target=\"_blank\" rel=\"noopener\">1er congr\u00e8s andin sur le patrimoine culturel<\/a> (province de\u00a0<\/em><a href=\"https:\/\/fr.wikipedia.org\/wiki\/Province_de_Jujuy\" target=\"_blank\" rel=\"noopener noreferrer\">Jujuy)<\/a><em>,<\/em>\u00a0\u00ab\u00a0Identit\u00e9 et d\u00e9veloppement des peuples\u00a0\u00bb,\u00a0<em>organis\u00e9 par une \u00e9quipe de professeurs de l\u2019Institut sup\u00e9rieur de formation des ma\u00eetres n\u00b0\u00a04 de\u00a0<a href=\"https:\/\/fr.wikipedia.org\/wiki\/San_Salvador_de_Jujuy\" target=\"_blank\" rel=\"noopener noreferrer\">San Salvador de Jujuy.<\/a> Parmi ces professeurs figuraient plusieurs professeurs de Fran\u00e7ais qui m\u2019ont fait part de leurs grandes difficult\u00e9s \u00e0 trouver un mat\u00e9riel didactique int\u00e9ressant, que ce soient livres, disques et autres documents se r\u00e9f\u00e9rant \u00e0 la culture fran\u00e7aise. Elles souhaitaient entre autres m\u00e9thodes utiliser la chanson comme vecteur d\u2019apprentissage de la langue, et d\u00e9ploraient qu\u2019aucun interpr\u00e8te n\u2019ait eu l\u2019id\u00e9e de rassembler un floril\u00e8ge des meilleures chansons fran\u00e7aises anciennes et modernes dans un r\u00e9cital. De retour en France, j\u2019ai pu constater le bien-fond\u00e9 de leurs remarques et j\u2019ai r\u00e9fl\u00e9chi \u00e0 cette probl\u00e9matique. Et c\u2019est ainsi qu\u2019est n\u00e9 mon projet<\/em> \u00abChansons d&rsquo;en France et de la Francophonie\u00bb, sur lequel j&rsquo;ai commenc\u00e9 \u00e0 travailler r\u00e9guli\u00e8rement en 2015-2016.<\/p>\t\t\t\t\t\t\t\t<\/div>\n\t\t\t\t<\/div>\n\t\t\t\t\t<\/div>\n\t\t<\/div>\n\t\t\t\t\t<\/div>\n\t\t<\/section>\n\t\t\t\t<section class=\"elementor-section elementor-top-section elementor-element elementor-element-12433206 elementor-section-boxed elementor-section-height-default elementor-section-height-default\" data-id=\"12433206\" data-element_type=\"section\" data-e-type=\"section\">\n\t\t\t\t\t\t<div class=\"elementor-container elementor-column-gap-default\">\n\t\t\t\t\t<div class=\"elementor-column elementor-col-100 elementor-top-column elementor-element elementor-element-79046524\" data-id=\"79046524\" data-element_type=\"column\" data-e-type=\"column\">\n\t\t\t<div class=\"elementor-widget-wrap elementor-element-populated\">\n\t\t\t\t\t\t<div class=\"elementor-element elementor-element-3f051559 elementor-widget elementor-widget-text-editor\" data-id=\"3f051559\" data-element_type=\"widget\" data-e-type=\"widget\" data-widget_type=\"text-editor.default\">\n\t\t\t\t<div class=\"elementor-widget-container\">\n\t\t\t\t\t\t\t\t\t<p>[1] Photo avec le Pr. Amanda Medrano<\/p>\t\t\t\t\t\t\t\t<\/div>\n\t\t\t\t<\/div>\n\t\t\t\t\t<\/div>\n\t\t<\/div>\n\t\t\t\t\t<\/div>\n\t\t<\/section>\n\t\t\t\t<section class=\"elementor-section elementor-top-section elementor-element elementor-element-58ec0a23 elementor-section-boxed elementor-section-height-default elementor-section-height-default\" data-id=\"58ec0a23\" data-element_type=\"section\" data-e-type=\"section\">\n\t\t\t\t\t\t<div class=\"elementor-container elementor-column-gap-default\">\n\t\t\t\t\t<div class=\"elementor-column elementor-col-33 elementor-top-column elementor-element elementor-element-21ea8f89\" data-id=\"21ea8f89\" data-element_type=\"column\" data-e-type=\"column\">\n\t\t\t<div class=\"elementor-widget-wrap\">\n\t\t\t\t\t\t\t<\/div>\n\t\t<\/div>\n\t\t\t\t<div class=\"elementor-column elementor-col-33 elementor-top-column elementor-element elementor-element-4976c924\" data-id=\"4976c924\" data-element_type=\"column\" data-e-type=\"column\">\n\t\t\t<div class=\"elementor-widget-wrap elementor-element-populated\">\n\t\t\t\t\t\t<div class=\"elementor-element elementor-element-77492ca7 elementor-widget elementor-widget-image\" data-id=\"77492ca7\" data-element_type=\"widget\" data-e-type=\"widget\" data-widget_type=\"image.default\">\n\t\t\t\t<div class=\"elementor-widget-container\">\n\t\t\t\t\t\t\t\t\t\t\t\t<figure class=\"wp-caption\">\n\t\t\t\t\t\t\t\t\t\t<img decoding=\"async\" src=\"https:\/\/raphael.vaucourte.rparejo.eu\/wp-content\/uploads\/2020\/03\/Amanda-eta-Rafa-e1585091715882.jpg\" title=\"Amanda eta Rafa\" alt=\"Amanda eta Rafa\" loading=\"lazy\" \/>\t\t\t\t\t\t\t\t\t\t\t<figcaption class=\"widget-image-caption wp-caption-text\">Pr. Amanda Medrano avec Rapha\u00ebl (San Salvador de Jujuy,Argentine, ao\u00fbt 2012)<\/figcaption>\n\t\t\t\t\t\t\t\t\t\t<\/figure>\n\t\t\t\t\t\t\t\t\t<\/div>\n\t\t\t\t<\/div>\n\t\t\t\t\t<\/div>\n\t\t<\/div>\n\t\t\t\t<div class=\"elementor-column elementor-col-33 elementor-top-column elementor-element elementor-element-4b49d4c2\" data-id=\"4b49d4c2\" data-element_type=\"column\" data-e-type=\"column\">\n\t\t\t<div class=\"elementor-widget-wrap\">\n\t\t\t\t\t\t\t<\/div>\n\t\t<\/div>\n\t\t\t\t\t<\/div>\n\t\t<\/section>\n\t\t\t\t<section class=\"elementor-section elementor-top-section elementor-element elementor-element-18eb5b4 elementor-section-boxed elementor-section-height-default elementor-section-height-default\" data-id=\"18eb5b4\" data-element_type=\"section\" data-e-type=\"section\">\n\t\t\t\t\t\t<div class=\"elementor-container elementor-column-gap-default\">\n\t\t\t\t\t<div class=\"elementor-column elementor-col-100 elementor-top-column elementor-element elementor-element-2b31f3f\" data-id=\"2b31f3f\" data-element_type=\"column\" data-e-type=\"column\">\n\t\t\t<div class=\"elementor-widget-wrap elementor-element-populated\">\n\t\t\t\t\t\t<div class=\"elementor-element elementor-element-a3ed230 elementor-widget elementor-widget-text-editor\" data-id=\"a3ed230\" data-element_type=\"widget\" data-e-type=\"widget\" data-widget_type=\"text-editor.default\">\n\t\t\t\t<div class=\"elementor-widget-container\">\n\t\t\t\t\t\t\t\t\t<p style=\"text-align: center;\">Retour \u00e0 la page du r\u00e9cital : <a href=\"https:\/\/raphael.vaucourte.rparejo.eu\/index.php\/chansons-den-france-et-de-la-francophonie\/\" target=\"_blank\" rel=\"noopener\">https:\/\/raphael.vaucourte.rparejo.eu\/index.php\/chansons-den-france-et-de-la-francophonie\/<\/a><\/p>\t\t\t\t\t\t\t\t<\/div>\n\t\t\t\t<\/div>\n\t\t\t\t\t<\/div>\n\t\t<\/div>\n\t\t\t\t\t<\/div>\n\t\t<\/section>\n\t\t\t\t<\/div>\n\t\t","protected":false},"excerpt":{"rendered":"<p>La gen\u00e8se du projet musical\u00a0: les \u00e9changes avec des professeurs de Fran\u00e7ais en Argentine Le \u00ab noyau dur\u00bb de l\u2019\u00e9quipe qui a organis\u00e9 le congr\u00e8s. De gauche \u00e0 droite : Pra. Adelma Francisca Landriel, Pra. Mar\u00eda Liz\u00e1rraga, Lca. Antonela Centanni, le recteur Patricia A. Elias, Gustavo Ricardo Muro (secr\u00e9taire de planification et d\u00e9veloppement de Jujuy), Pra. Isabel Mamani, et Pr. &hellip;<\/p>\n","protected":false},"author":1,"featured_media":0,"parent":0,"menu_order":0,"comment_status":"closed","ping_status":"closed","template":"elementor_header_footer","meta":{"footnotes":""},"class_list":["post-2822","page","type-page","status-publish","hentry"],"yoast_head":"<!-- This site is optimized with the Yoast SEO plugin v27.6 - https:\/\/yoast.com\/product\/yoast-seo-wordpress\/ -->\n<title>Plus d&#039;informations sur le r\u00e9cital Chansons d&#039;en France et de la Francophonie - Rapha\u00ebl Vaucourte (site officiel)<\/title>\n<meta name=\"robots\" content=\"index, follow, max-snippet:-1, max-image-preview:large, max-video-preview:-1\" \/>\n<link rel=\"canonical\" href=\"https:\/\/raphael.vaucourte.rparejo.eu\/index.php\/plus-dinformations-sur-le-recital-chansons-den-france-et-de-la-francophonie\/\" \/>\n<meta property=\"og:locale\" content=\"fr_FR\" \/>\n<meta property=\"og:type\" content=\"article\" \/>\n<meta property=\"og:title\" content=\"Plus d&#039;informations sur le r\u00e9cital Chansons d&#039;en France et de la Francophonie - Rapha\u00ebl Vaucourte (site officiel)\" \/>\n<meta property=\"og:description\" content=\"La gen\u00e8se du projet musical\u00a0: les \u00e9changes avec des professeurs de Fran\u00e7ais en Argentine Le \u00ab noyau dur\u00bb de l\u2019\u00e9quipe qui a organis\u00e9 le congr\u00e8s. De gauche \u00e0 droite : Pra. Adelma Francisca Landriel, Pra. Mar\u00eda Liz\u00e1rraga, Lca. Antonela Centanni, le recteur Patricia A. Elias, Gustavo Ricardo Muro (secr\u00e9taire de planification et d\u00e9veloppement de Jujuy), Pra. Isabel Mamani, et Pr. &hellip;\" \/>\n<meta property=\"og:url\" content=\"https:\/\/raphael.vaucourte.rparejo.eu\/index.php\/plus-dinformations-sur-le-recital-chansons-den-france-et-de-la-francophonie\/\" \/>\n<meta property=\"og:site_name\" content=\"Rapha\u00ebl Vaucourte (site officiel)\" \/>\n<meta property=\"article:modified_time\" content=\"2021-10-05T15:00:33+00:00\" \/>\n<meta property=\"og:image\" content=\"https:\/\/raphael.vaucourte.rparejo.eu\/wp-content\/uploads\/elementor\/thumbs\/Congreso-Andino-Jujuy-2012_organizadores_web-p2arbz4jxzq4nz4i3yolsuvzcc0h1lktg5srlf7mdc.jpg\" \/>\n<meta name=\"twitter:card\" content=\"summary_large_image\" \/>\n<meta name=\"twitter:label1\" content=\"Dur\u00e9e de lecture estim\u00e9e\" \/>\n\t<meta name=\"twitter:data1\" content=\"2 minutes\" \/>\n<script type=\"application\/ld+json\" class=\"yoast-schema-graph\">{\"@context\":\"https:\\\/\\\/schema.org\",\"@graph\":[{\"@type\":\"WebPage\",\"@id\":\"https:\\\/\\\/raphael.vaucourte.rparejo.eu\\\/index.php\\\/plus-dinformations-sur-le-recital-chansons-den-france-et-de-la-francophonie\\\/\",\"url\":\"https:\\\/\\\/raphael.vaucourte.rparejo.eu\\\/index.php\\\/plus-dinformations-sur-le-recital-chansons-den-france-et-de-la-francophonie\\\/\",\"name\":\"Plus d'informations sur le r\u00e9cital Chansons d'en France et de la Francophonie - Rapha\u00ebl Vaucourte (site officiel)\",\"isPartOf\":{\"@id\":\"https:\\\/\\\/raphael.vaucourte.rparejo.eu\\\/#website\"},\"primaryImageOfPage\":{\"@id\":\"https:\\\/\\\/raphael.vaucourte.rparejo.eu\\\/index.php\\\/plus-dinformations-sur-le-recital-chansons-den-france-et-de-la-francophonie\\\/#primaryimage\"},\"image\":{\"@id\":\"https:\\\/\\\/raphael.vaucourte.rparejo.eu\\\/index.php\\\/plus-dinformations-sur-le-recital-chansons-den-france-et-de-la-francophonie\\\/#primaryimage\"},\"thumbnailUrl\":\"https:\\\/\\\/raphael.vaucourte.rparejo.eu\\\/wp-content\\\/uploads\\\/elementor\\\/thumbs\\\/Congreso-Andino-Jujuy-2012_organizadores_web-p2arbz4jxzq4nz4i3yolsuvzcc0h1lktg5srlf7mdc.jpg\",\"datePublished\":\"2021-10-05T14:10:30+00:00\",\"dateModified\":\"2021-10-05T15:00:33+00:00\",\"breadcrumb\":{\"@id\":\"https:\\\/\\\/raphael.vaucourte.rparejo.eu\\\/index.php\\\/plus-dinformations-sur-le-recital-chansons-den-france-et-de-la-francophonie\\\/#breadcrumb\"},\"inLanguage\":\"fr-FR\",\"potentialAction\":[{\"@type\":\"ReadAction\",\"target\":[\"https:\\\/\\\/raphael.vaucourte.rparejo.eu\\\/index.php\\\/plus-dinformations-sur-le-recital-chansons-den-france-et-de-la-francophonie\\\/\"]}]},{\"@type\":\"ImageObject\",\"inLanguage\":\"fr-FR\",\"@id\":\"https:\\\/\\\/raphael.vaucourte.rparejo.eu\\\/index.php\\\/plus-dinformations-sur-le-recital-chansons-den-france-et-de-la-francophonie\\\/#primaryimage\",\"url\":\"https:\\\/\\\/raphael.vaucourte.rparejo.eu\\\/wp-content\\\/uploads\\\/elementor\\\/thumbs\\\/Congreso-Andino-Jujuy-2012_organizadores_web-p2arbz4jxzq4nz4i3yolsuvzcc0h1lktg5srlf7mdc.jpg\",\"contentUrl\":\"https:\\\/\\\/raphael.vaucourte.rparejo.eu\\\/wp-content\\\/uploads\\\/elementor\\\/thumbs\\\/Congreso-Andino-Jujuy-2012_organizadores_web-p2arbz4jxzq4nz4i3yolsuvzcc0h1lktg5srlf7mdc.jpg\"},{\"@type\":\"BreadcrumbList\",\"@id\":\"https:\\\/\\\/raphael.vaucourte.rparejo.eu\\\/index.php\\\/plus-dinformations-sur-le-recital-chansons-den-france-et-de-la-francophonie\\\/#breadcrumb\",\"itemListElement\":[{\"@type\":\"ListItem\",\"position\":1,\"name\":\"Accueil\",\"item\":\"https:\\\/\\\/raphael.vaucourte.rparejo.eu\\\/\"},{\"@type\":\"ListItem\",\"position\":2,\"name\":\"Plus d&rsquo;informations sur le r\u00e9cital Chansons d&rsquo;en France et de la Francophonie\"}]},{\"@type\":\"WebSite\",\"@id\":\"https:\\\/\\\/raphael.vaucourte.rparejo.eu\\\/#website\",\"url\":\"https:\\\/\\\/raphael.vaucourte.rparejo.eu\\\/\",\"name\":\"Rapha\u00ebl Vaucourte (site officiel)\",\"description\":\"Chanson fran\u00e7aise\",\"potentialAction\":[{\"@type\":\"SearchAction\",\"target\":{\"@type\":\"EntryPoint\",\"urlTemplate\":\"https:\\\/\\\/raphael.vaucourte.rparejo.eu\\\/?s={search_term_string}\"},\"query-input\":{\"@type\":\"PropertyValueSpecification\",\"valueRequired\":true,\"valueName\":\"search_term_string\"}}],\"inLanguage\":\"fr-FR\"}]}<\/script>\n<!-- \/ Yoast SEO plugin. -->","yoast_head_json":{"title":"Plus d'informations sur le r\u00e9cital Chansons d'en France et de la Francophonie - Rapha\u00ebl Vaucourte (site officiel)","robots":{"index":"index","follow":"follow","max-snippet":"max-snippet:-1","max-image-preview":"max-image-preview:large","max-video-preview":"max-video-preview:-1"},"canonical":"https:\/\/raphael.vaucourte.rparejo.eu\/index.php\/plus-dinformations-sur-le-recital-chansons-den-france-et-de-la-francophonie\/","og_locale":"fr_FR","og_type":"article","og_title":"Plus d'informations sur le r\u00e9cital Chansons d'en France et de la Francophonie - Rapha\u00ebl Vaucourte (site officiel)","og_description":"La gen\u00e8se du projet musical\u00a0: les \u00e9changes avec des professeurs de Fran\u00e7ais en Argentine Le \u00ab noyau dur\u00bb de l\u2019\u00e9quipe qui a organis\u00e9 le congr\u00e8s. De gauche \u00e0 droite : Pra. Adelma Francisca Landriel, Pra. Mar\u00eda Liz\u00e1rraga, Lca. Antonela Centanni, le recteur Patricia A. Elias, Gustavo Ricardo Muro (secr\u00e9taire de planification et d\u00e9veloppement de Jujuy), Pra. Isabel Mamani, et Pr. &hellip;","og_url":"https:\/\/raphael.vaucourte.rparejo.eu\/index.php\/plus-dinformations-sur-le-recital-chansons-den-france-et-de-la-francophonie\/","og_site_name":"Rapha\u00ebl Vaucourte (site officiel)","article_modified_time":"2021-10-05T15:00:33+00:00","og_image":[{"url":"https:\/\/raphael.vaucourte.rparejo.eu\/wp-content\/uploads\/elementor\/thumbs\/Congreso-Andino-Jujuy-2012_organizadores_web-p2arbz4jxzq4nz4i3yolsuvzcc0h1lktg5srlf7mdc.jpg","type":"","width":"","height":""}],"twitter_card":"summary_large_image","twitter_misc":{"Dur\u00e9e de lecture estim\u00e9e":"2 minutes"},"schema":{"@context":"https:\/\/schema.org","@graph":[{"@type":"WebPage","@id":"https:\/\/raphael.vaucourte.rparejo.eu\/index.php\/plus-dinformations-sur-le-recital-chansons-den-france-et-de-la-francophonie\/","url":"https:\/\/raphael.vaucourte.rparejo.eu\/index.php\/plus-dinformations-sur-le-recital-chansons-den-france-et-de-la-francophonie\/","name":"Plus d'informations sur le r\u00e9cital Chansons d'en France et de la Francophonie - Rapha\u00ebl Vaucourte (site officiel)","isPartOf":{"@id":"https:\/\/raphael.vaucourte.rparejo.eu\/#website"},"primaryImageOfPage":{"@id":"https:\/\/raphael.vaucourte.rparejo.eu\/index.php\/plus-dinformations-sur-le-recital-chansons-den-france-et-de-la-francophonie\/#primaryimage"},"image":{"@id":"https:\/\/raphael.vaucourte.rparejo.eu\/index.php\/plus-dinformations-sur-le-recital-chansons-den-france-et-de-la-francophonie\/#primaryimage"},"thumbnailUrl":"https:\/\/raphael.vaucourte.rparejo.eu\/wp-content\/uploads\/elementor\/thumbs\/Congreso-Andino-Jujuy-2012_organizadores_web-p2arbz4jxzq4nz4i3yolsuvzcc0h1lktg5srlf7mdc.jpg","datePublished":"2021-10-05T14:10:30+00:00","dateModified":"2021-10-05T15:00:33+00:00","breadcrumb":{"@id":"https:\/\/raphael.vaucourte.rparejo.eu\/index.php\/plus-dinformations-sur-le-recital-chansons-den-france-et-de-la-francophonie\/#breadcrumb"},"inLanguage":"fr-FR","potentialAction":[{"@type":"ReadAction","target":["https:\/\/raphael.vaucourte.rparejo.eu\/index.php\/plus-dinformations-sur-le-recital-chansons-den-france-et-de-la-francophonie\/"]}]},{"@type":"ImageObject","inLanguage":"fr-FR","@id":"https:\/\/raphael.vaucourte.rparejo.eu\/index.php\/plus-dinformations-sur-le-recital-chansons-den-france-et-de-la-francophonie\/#primaryimage","url":"https:\/\/raphael.vaucourte.rparejo.eu\/wp-content\/uploads\/elementor\/thumbs\/Congreso-Andino-Jujuy-2012_organizadores_web-p2arbz4jxzq4nz4i3yolsuvzcc0h1lktg5srlf7mdc.jpg","contentUrl":"https:\/\/raphael.vaucourte.rparejo.eu\/wp-content\/uploads\/elementor\/thumbs\/Congreso-Andino-Jujuy-2012_organizadores_web-p2arbz4jxzq4nz4i3yolsuvzcc0h1lktg5srlf7mdc.jpg"},{"@type":"BreadcrumbList","@id":"https:\/\/raphael.vaucourte.rparejo.eu\/index.php\/plus-dinformations-sur-le-recital-chansons-den-france-et-de-la-francophonie\/#breadcrumb","itemListElement":[{"@type":"ListItem","position":1,"name":"Accueil","item":"https:\/\/raphael.vaucourte.rparejo.eu\/"},{"@type":"ListItem","position":2,"name":"Plus d&rsquo;informations sur le r\u00e9cital Chansons d&rsquo;en France et de la Francophonie"}]},{"@type":"WebSite","@id":"https:\/\/raphael.vaucourte.rparejo.eu\/#website","url":"https:\/\/raphael.vaucourte.rparejo.eu\/","name":"Rapha\u00ebl Vaucourte (site officiel)","description":"Chanson fran\u00e7aise","potentialAction":[{"@type":"SearchAction","target":{"@type":"EntryPoint","urlTemplate":"https:\/\/raphael.vaucourte.rparejo.eu\/?s={search_term_string}"},"query-input":{"@type":"PropertyValueSpecification","valueRequired":true,"valueName":"search_term_string"}}],"inLanguage":"fr-FR"}]}},"_links":{"self":[{"href":"https:\/\/raphael.vaucourte.rparejo.eu\/index.php\/wp-json\/wp\/v2\/pages\/2822","targetHints":{"allow":["GET"]}}],"collection":[{"href":"https:\/\/raphael.vaucourte.rparejo.eu\/index.php\/wp-json\/wp\/v2\/pages"}],"about":[{"href":"https:\/\/raphael.vaucourte.rparejo.eu\/index.php\/wp-json\/wp\/v2\/types\/page"}],"author":[{"embeddable":true,"href":"https:\/\/raphael.vaucourte.rparejo.eu\/index.php\/wp-json\/wp\/v2\/users\/1"}],"replies":[{"embeddable":true,"href":"https:\/\/raphael.vaucourte.rparejo.eu\/index.php\/wp-json\/wp\/v2\/comments?post=2822"}],"version-history":[{"count":0,"href":"https:\/\/raphael.vaucourte.rparejo.eu\/index.php\/wp-json\/wp\/v2\/pages\/2822\/revisions"}],"wp:attachment":[{"href":"https:\/\/raphael.vaucourte.rparejo.eu\/index.php\/wp-json\/wp\/v2\/media?parent=2822"}],"curies":[{"name":"wp","href":"https:\/\/api.w.org\/{rel}","templated":true}]}}