{"id":2622,"date":"2020-06-05T18:36:47","date_gmt":"2020-06-05T16:36:47","guid":{"rendered":"https:\/\/raphael.vaucourte.rparejo.eu\/?page_id=2622"},"modified":"2020-06-05T19:33:21","modified_gmt":"2020-06-05T17:33:21","slug":"concerts-prives","status":"publish","type":"page","link":"https:\/\/raphael.vaucourte.rparejo.eu\/index.php\/concerts-prives\/","title":{"rendered":"Concerts priv\u00e9s"},"content":{"rendered":"<p>Depuis deux ans, l&rsquo;id\u00e9e de donner des concerts priv\u00e9s \u2013 notamment \u2013 \u00e0 domicile a fait son chemin et cette pratique entre d\u00e9sormais dans le domaine du possible pour un \u00e9ventail large de musiciens. C&rsquo;est ce que font nombre d&rsquo;artistes aux \u00c9tats-Unis d&rsquo;Am\u00e9rique depuis d\u00e9j\u00e0 des ann\u00e9es, et depuis quelque temps en Europe o\u00f9 cette id\u00e9e a mis du temps \u00e0 s&rsquo;imposer comme une alternative compl\u00e9mentaire aux concerts \u00ab classiques \u00bb. Les concerts priv\u00e9s, permettent \u00e9galement aux artistes de pr\u00e9senter un nouveau r\u00e9pertoire ou un nouveau disque avant de les offrir \u00e0 un public plus large, ou tout simplement leur offre l&rsquo;opportunit\u00e9 de partager autrement un moment musical ou culturel. Le contact plus direct et interactif avec un public attentif est en effet aussi un des \u00e9l\u00e9ments int\u00e9ressants des concerts priv\u00e9s.<\/p>\n<p>De mon c\u00f4t\u00e9 j&rsquo;ai d\u00e9j\u00e0 eu des exp\u00e9riences de concerts pour des publics assez restreints, que ce soit dans des salons et caf\u00e9s-litt\u00e9raires (en Am\u00e9rique latine et en Europe), des biblioth\u00e8ques, des h\u00f4pitaux, mais aussi chez des amis ou sur invitation de personnes de rencontre pour des soir\u00e9es culturelles priv\u00e9es. Plus r\u00e9cemment nous avons donn\u00e9 des concerts priv\u00e9s avec notre duo de chansons et ballades internationales Sweet Winds avec chaque fois un beau succ\u00e8s.<\/p>\n<p>Il s&rsquo;agit donc pour moi de formaliser et d\u00e9limiter plus pr\u00e9cis\u00e9ment ce que je peux offrir dans un concert priv\u00e9. Je propose des concerts \u00e0 partir de mon r\u00e9cital de chansons fran\u00e7aises \u00ab <a href=\"https:\/\/raphael.vaucourte.rparejo.eu\/index.php\/chansons-den-france-et-de-la-francophonie\/\" target=\"_blank\" rel=\"noopener noreferrer\"><em>Chansons d&rsquo;en France et de la francophonie<\/em><\/a> \u00bb qui pr\u00e9sente un floril\u00e8ge de la chanson fran\u00e7aise de qualit\u00e9, ou encore un concert combinant des chansons de ce premier r\u00e9cital avec une s\u00e9lection de celles du concert \u00ab <a href=\"https:\/\/raphael.vaucourte.rparejo.eu\/index.php\/chansons-pour-la-route\/\" target=\"_blank\" rel=\"noopener noreferrer\"><em>Chansons pour la route<\/em><\/a> \u00bb. La dur\u00e9e propos\u00e9e est d&rsquo;une heure, ce qui autorise un \u00e9change sympathique avec le public en fin de concert. Pour plus d&rsquo;informations, vous pouvez <a href=\"https:\/\/raphael.vaucourte.rparejo.eu\/index.php\/227-2\/\" target=\"_blank\" rel=\"noopener noreferrer\">contacter mon agent artistique<\/a> pour plus de pr\u00e9cisions, notamment concernant les conditions et ma disponibilit\u00e9.<\/p>\n","protected":false},"excerpt":{"rendered":"<p>Depuis deux ans, l&rsquo;id\u00e9e de donner des concerts priv\u00e9s \u2013 notamment \u2013 \u00e0 domicile a fait son chemin et cette pratique entre d\u00e9sormais dans le domaine du possible pour un \u00e9ventail large de musiciens. C&rsquo;est ce que font nombre d&rsquo;artistes aux \u00c9tats-Unis d&rsquo;Am\u00e9rique depuis d\u00e9j\u00e0 des ann\u00e9es, et depuis quelque temps en Europe o\u00f9 cette id\u00e9e a mis du temps &hellip;<\/p>\n","protected":false},"author":1,"featured_media":2429,"parent":0,"menu_order":5,"comment_status":"closed","ping_status":"closed","template":"","meta":{"footnotes":""},"class_list":["post-2622","page","type-page","status-publish","has-post-thumbnail","hentry"],"yoast_head":"<!-- This site is optimized with the Yoast SEO plugin v27.4 - https:\/\/yoast.com\/product\/yoast-seo-wordpress\/ -->\n<title>Concerts priv\u00e9s - Rapha\u00ebl Vaucourte (site officiel)<\/title>\n<meta name=\"robots\" content=\"index, follow, max-snippet:-1, max-image-preview:large, max-video-preview:-1\" \/>\n<link rel=\"canonical\" href=\"https:\/\/raphael.vaucourte.rparejo.eu\/index.php\/concerts-prives\/\" \/>\n<meta property=\"og:locale\" content=\"fr_FR\" \/>\n<meta property=\"og:type\" content=\"article\" \/>\n<meta property=\"og:title\" content=\"Concerts priv\u00e9s - Rapha\u00ebl Vaucourte (site officiel)\" \/>\n<meta property=\"og:description\" content=\"Depuis deux ans, l&rsquo;id\u00e9e de donner des concerts priv\u00e9s \u2013 notamment \u2013 \u00e0 domicile a fait son chemin et cette pratique entre d\u00e9sormais dans le domaine du possible pour un \u00e9ventail large de musiciens. C&rsquo;est ce que font nombre d&rsquo;artistes aux \u00c9tats-Unis d&rsquo;Am\u00e9rique depuis d\u00e9j\u00e0 des ann\u00e9es, et depuis quelque temps en Europe o\u00f9 cette id\u00e9e a mis du temps &hellip;\" \/>\n<meta property=\"og:url\" content=\"https:\/\/raphael.vaucourte.rparejo.eu\/index.php\/concerts-prives\/\" \/>\n<meta property=\"og:site_name\" content=\"Rapha\u00ebl Vaucourte (site officiel)\" \/>\n<meta property=\"article:modified_time\" content=\"2020-06-05T17:33:21+00:00\" \/>\n<meta property=\"og:image\" content=\"https:\/\/raphael.vaucourte.rparejo.eu\/wp-content\/uploads\/2019\/12\/Raphael-Vaucourte_Avant-remiere_image-en-avant.jpg\" \/>\n\t<meta property=\"og:image:width\" content=\"1921\" \/>\n\t<meta property=\"og:image:height\" content=\"650\" \/>\n\t<meta property=\"og:image:type\" content=\"image\/jpeg\" \/>\n<meta name=\"twitter:card\" content=\"summary_large_image\" \/>\n<meta name=\"twitter:label1\" content=\"Dur\u00e9e de lecture estim\u00e9e\" \/>\n\t<meta name=\"twitter:data1\" content=\"2 minutes\" \/>\n<script type=\"application\/ld+json\" class=\"yoast-schema-graph\">{\"@context\":\"https:\\\/\\\/schema.org\",\"@graph\":[{\"@type\":\"WebPage\",\"@id\":\"https:\\\/\\\/raphael.vaucourte.rparejo.eu\\\/index.php\\\/concerts-prives\\\/\",\"url\":\"https:\\\/\\\/raphael.vaucourte.rparejo.eu\\\/index.php\\\/concerts-prives\\\/\",\"name\":\"Concerts priv\u00e9s - Rapha\u00ebl Vaucourte (site officiel)\",\"isPartOf\":{\"@id\":\"https:\\\/\\\/raphael.vaucourte.rparejo.eu\\\/#website\"},\"primaryImageOfPage\":{\"@id\":\"https:\\\/\\\/raphael.vaucourte.rparejo.eu\\\/index.php\\\/concerts-prives\\\/#primaryimage\"},\"image\":{\"@id\":\"https:\\\/\\\/raphael.vaucourte.rparejo.eu\\\/index.php\\\/concerts-prives\\\/#primaryimage\"},\"thumbnailUrl\":\"https:\\\/\\\/raphael.vaucourte.rparejo.eu\\\/wp-content\\\/uploads\\\/2019\\\/12\\\/Raphael-Vaucourte_Avant-remiere_image-en-avant.jpg\",\"datePublished\":\"2020-06-05T16:36:47+00:00\",\"dateModified\":\"2020-06-05T17:33:21+00:00\",\"breadcrumb\":{\"@id\":\"https:\\\/\\\/raphael.vaucourte.rparejo.eu\\\/index.php\\\/concerts-prives\\\/#breadcrumb\"},\"inLanguage\":\"fr-FR\",\"potentialAction\":[{\"@type\":\"ReadAction\",\"target\":[\"https:\\\/\\\/raphael.vaucourte.rparejo.eu\\\/index.php\\\/concerts-prives\\\/\"]}]},{\"@type\":\"ImageObject\",\"inLanguage\":\"fr-FR\",\"@id\":\"https:\\\/\\\/raphael.vaucourte.rparejo.eu\\\/index.php\\\/concerts-prives\\\/#primaryimage\",\"url\":\"https:\\\/\\\/raphael.vaucourte.rparejo.eu\\\/wp-content\\\/uploads\\\/2019\\\/12\\\/Raphael-Vaucourte_Avant-remiere_image-en-avant.jpg\",\"contentUrl\":\"https:\\\/\\\/raphael.vaucourte.rparejo.eu\\\/wp-content\\\/uploads\\\/2019\\\/12\\\/Raphael-Vaucourte_Avant-remiere_image-en-avant.jpg\",\"width\":1921,\"height\":650},{\"@type\":\"BreadcrumbList\",\"@id\":\"https:\\\/\\\/raphael.vaucourte.rparejo.eu\\\/index.php\\\/concerts-prives\\\/#breadcrumb\",\"itemListElement\":[{\"@type\":\"ListItem\",\"position\":1,\"name\":\"Accueil\",\"item\":\"https:\\\/\\\/raphael.vaucourte.rparejo.eu\\\/\"},{\"@type\":\"ListItem\",\"position\":2,\"name\":\"Concerts priv\u00e9s\"}]},{\"@type\":\"WebSite\",\"@id\":\"https:\\\/\\\/raphael.vaucourte.rparejo.eu\\\/#website\",\"url\":\"https:\\\/\\\/raphael.vaucourte.rparejo.eu\\\/\",\"name\":\"Rapha\u00ebl Vaucourte (site officiel)\",\"description\":\"Chanson fran\u00e7aise\",\"potentialAction\":[{\"@type\":\"SearchAction\",\"target\":{\"@type\":\"EntryPoint\",\"urlTemplate\":\"https:\\\/\\\/raphael.vaucourte.rparejo.eu\\\/?s={search_term_string}\"},\"query-input\":{\"@type\":\"PropertyValueSpecification\",\"valueRequired\":true,\"valueName\":\"search_term_string\"}}],\"inLanguage\":\"fr-FR\"}]}<\/script>\n<!-- \/ Yoast SEO plugin. -->","yoast_head_json":{"title":"Concerts priv\u00e9s - Rapha\u00ebl Vaucourte (site officiel)","robots":{"index":"index","follow":"follow","max-snippet":"max-snippet:-1","max-image-preview":"max-image-preview:large","max-video-preview":"max-video-preview:-1"},"canonical":"https:\/\/raphael.vaucourte.rparejo.eu\/index.php\/concerts-prives\/","og_locale":"fr_FR","og_type":"article","og_title":"Concerts priv\u00e9s - Rapha\u00ebl Vaucourte (site officiel)","og_description":"Depuis deux ans, l&rsquo;id\u00e9e de donner des concerts priv\u00e9s \u2013 notamment \u2013 \u00e0 domicile a fait son chemin et cette pratique entre d\u00e9sormais dans le domaine du possible pour un \u00e9ventail large de musiciens. C&rsquo;est ce que font nombre d&rsquo;artistes aux \u00c9tats-Unis d&rsquo;Am\u00e9rique depuis d\u00e9j\u00e0 des ann\u00e9es, et depuis quelque temps en Europe o\u00f9 cette id\u00e9e a mis du temps &hellip;","og_url":"https:\/\/raphael.vaucourte.rparejo.eu\/index.php\/concerts-prives\/","og_site_name":"Rapha\u00ebl Vaucourte (site officiel)","article_modified_time":"2020-06-05T17:33:21+00:00","og_image":[{"width":1921,"height":650,"url":"https:\/\/raphael.vaucourte.rparejo.eu\/wp-content\/uploads\/2019\/12\/Raphael-Vaucourte_Avant-remiere_image-en-avant.jpg","type":"image\/jpeg"}],"twitter_card":"summary_large_image","twitter_misc":{"Dur\u00e9e de lecture estim\u00e9e":"2 minutes"},"schema":{"@context":"https:\/\/schema.org","@graph":[{"@type":"WebPage","@id":"https:\/\/raphael.vaucourte.rparejo.eu\/index.php\/concerts-prives\/","url":"https:\/\/raphael.vaucourte.rparejo.eu\/index.php\/concerts-prives\/","name":"Concerts priv\u00e9s - Rapha\u00ebl Vaucourte (site officiel)","isPartOf":{"@id":"https:\/\/raphael.vaucourte.rparejo.eu\/#website"},"primaryImageOfPage":{"@id":"https:\/\/raphael.vaucourte.rparejo.eu\/index.php\/concerts-prives\/#primaryimage"},"image":{"@id":"https:\/\/raphael.vaucourte.rparejo.eu\/index.php\/concerts-prives\/#primaryimage"},"thumbnailUrl":"https:\/\/raphael.vaucourte.rparejo.eu\/wp-content\/uploads\/2019\/12\/Raphael-Vaucourte_Avant-remiere_image-en-avant.jpg","datePublished":"2020-06-05T16:36:47+00:00","dateModified":"2020-06-05T17:33:21+00:00","breadcrumb":{"@id":"https:\/\/raphael.vaucourte.rparejo.eu\/index.php\/concerts-prives\/#breadcrumb"},"inLanguage":"fr-FR","potentialAction":[{"@type":"ReadAction","target":["https:\/\/raphael.vaucourte.rparejo.eu\/index.php\/concerts-prives\/"]}]},{"@type":"ImageObject","inLanguage":"fr-FR","@id":"https:\/\/raphael.vaucourte.rparejo.eu\/index.php\/concerts-prives\/#primaryimage","url":"https:\/\/raphael.vaucourte.rparejo.eu\/wp-content\/uploads\/2019\/12\/Raphael-Vaucourte_Avant-remiere_image-en-avant.jpg","contentUrl":"https:\/\/raphael.vaucourte.rparejo.eu\/wp-content\/uploads\/2019\/12\/Raphael-Vaucourte_Avant-remiere_image-en-avant.jpg","width":1921,"height":650},{"@type":"BreadcrumbList","@id":"https:\/\/raphael.vaucourte.rparejo.eu\/index.php\/concerts-prives\/#breadcrumb","itemListElement":[{"@type":"ListItem","position":1,"name":"Accueil","item":"https:\/\/raphael.vaucourte.rparejo.eu\/"},{"@type":"ListItem","position":2,"name":"Concerts priv\u00e9s"}]},{"@type":"WebSite","@id":"https:\/\/raphael.vaucourte.rparejo.eu\/#website","url":"https:\/\/raphael.vaucourte.rparejo.eu\/","name":"Rapha\u00ebl Vaucourte (site officiel)","description":"Chanson fran\u00e7aise","potentialAction":[{"@type":"SearchAction","target":{"@type":"EntryPoint","urlTemplate":"https:\/\/raphael.vaucourte.rparejo.eu\/?s={search_term_string}"},"query-input":{"@type":"PropertyValueSpecification","valueRequired":true,"valueName":"search_term_string"}}],"inLanguage":"fr-FR"}]}},"_links":{"self":[{"href":"https:\/\/raphael.vaucourte.rparejo.eu\/index.php\/wp-json\/wp\/v2\/pages\/2622","targetHints":{"allow":["GET"]}}],"collection":[{"href":"https:\/\/raphael.vaucourte.rparejo.eu\/index.php\/wp-json\/wp\/v2\/pages"}],"about":[{"href":"https:\/\/raphael.vaucourte.rparejo.eu\/index.php\/wp-json\/wp\/v2\/types\/page"}],"author":[{"embeddable":true,"href":"https:\/\/raphael.vaucourte.rparejo.eu\/index.php\/wp-json\/wp\/v2\/users\/1"}],"replies":[{"embeddable":true,"href":"https:\/\/raphael.vaucourte.rparejo.eu\/index.php\/wp-json\/wp\/v2\/comments?post=2622"}],"version-history":[{"count":0,"href":"https:\/\/raphael.vaucourte.rparejo.eu\/index.php\/wp-json\/wp\/v2\/pages\/2622\/revisions"}],"wp:featuredmedia":[{"embeddable":true,"href":"https:\/\/raphael.vaucourte.rparejo.eu\/index.php\/wp-json\/wp\/v2\/media\/2429"}],"wp:attachment":[{"href":"https:\/\/raphael.vaucourte.rparejo.eu\/index.php\/wp-json\/wp\/v2\/media?parent=2622"}],"curies":[{"name":"wp","href":"https:\/\/api.w.org\/{rel}","templated":true}]}}