{"id":225,"date":"2015-11-02T02:32:33","date_gmt":"2015-11-02T01:32:33","guid":{"rendered":"https:\/\/raphaelvaucourte.wordpress.com\/?page_id=225"},"modified":"2025-03-31T19:06:30","modified_gmt":"2025-03-31T17:06:30","slug":"formulaire-de-contact","status":"publish","type":"page","link":"https:\/\/raphael.vaucourte.rparejo.eu\/index.php\/formulaire-de-contact\/","title":{"rendered":"Contacter Rapha\u00ebl"},"content":{"rendered":"\t\t<div data-elementor-type=\"wp-post\" data-elementor-id=\"225\" class=\"elementor elementor-225\">\n\t\t\t\t\t\t<section class=\"elementor-section elementor-top-section elementor-element elementor-element-d96678c elementor-section-boxed elementor-section-height-default elementor-section-height-default\" data-id=\"d96678c\" data-element_type=\"section\" data-e-type=\"section\">\n\t\t\t\t\t\t<div class=\"elementor-container elementor-column-gap-default\">\n\t\t\t\t\t<div class=\"elementor-column elementor-col-100 elementor-top-column elementor-element elementor-element-32d82db\" data-id=\"32d82db\" data-element_type=\"column\" data-e-type=\"column\">\n\t\t\t<div class=\"elementor-widget-wrap elementor-element-populated\">\n\t\t\t\t\t\t<div class=\"elementor-element elementor-element-2f194ec elementor-widget-divider--view-line elementor-widget elementor-widget-divider\" data-id=\"2f194ec\" data-element_type=\"widget\" data-e-type=\"widget\" data-widget_type=\"divider.default\">\n\t\t\t\t<div class=\"elementor-widget-container\">\n\t\t\t\t\t\t\t<div class=\"elementor-divider\">\n\t\t\t<span class=\"elementor-divider-separator\">\n\t\t\t\t\t\t<\/span>\n\t\t<\/div>\n\t\t\t\t\t\t<\/div>\n\t\t\t\t<\/div>\n\t\t\t\t\t<\/div>\n\t\t<\/div>\n\t\t\t\t\t<\/div>\n\t\t<\/section>\n\t\t\t\t<section class=\"elementor-section elementor-top-section elementor-element elementor-element-4a5b031 elementor-section-boxed elementor-section-height-default elementor-section-height-default\" data-id=\"4a5b031\" data-element_type=\"section\" data-e-type=\"section\">\n\t\t\t\t\t\t<div class=\"elementor-container elementor-column-gap-default\">\n\t\t\t\t\t<div class=\"elementor-column elementor-col-33 elementor-top-column elementor-element elementor-element-1034fa1\" data-id=\"1034fa1\" data-element_type=\"column\" data-e-type=\"column\">\n\t\t\t<div class=\"elementor-widget-wrap elementor-element-populated\">\n\t\t\t\t\t\t<div class=\"elementor-element elementor-element-8a4ea00 elementor-widget elementor-widget-image\" data-id=\"8a4ea00\" data-element_type=\"widget\" data-e-type=\"widget\" data-widget_type=\"image.default\">\n\t\t\t\t<div class=\"elementor-widget-container\">\n\t\t\t\t\t\t\t\t\t\t\t\t\t\t\t<img decoding=\"async\" src=\"https:\/\/raphael.vaucourte.rparejo.eu\/wp-content\/uploads\/elementor\/thumbs\/Martha_The-last-carrier-pigeon_web-qee2jltgohrjbl05qza4hmg27r8uqn2dvenc4i3ops.jpg\" title=\"Martha_The-last-carrier-pigeon_web\" alt=\"Martha_The-last-carrier-pigeon_web\" loading=\"lazy\" \/>\t\t\t\t\t\t\t\t\t\t\t\t\t\t\t<\/div>\n\t\t\t\t<\/div>\n\t\t\t\t\t<\/div>\n\t\t<\/div>\n\t\t\t\t<div class=\"elementor-column elementor-col-33 elementor-top-column elementor-element elementor-element-1c914e8\" data-id=\"1c914e8\" data-element_type=\"column\" data-e-type=\"column\">\n\t\t\t<div class=\"elementor-widget-wrap elementor-element-populated\">\n\t\t\t\t\t\t<div class=\"elementor-element elementor-element-35102d2 elementor-widget elementor-widget-text-editor\" data-id=\"35102d2\" data-element_type=\"widget\" data-e-type=\"widget\" data-widget_type=\"text-editor.default\">\n\t\t\t\t<div class=\"elementor-widget-container\">\n\t\t\t\t\t\t\t\t\t<p style=\"text-align: justify;\"><span style=\"font-size: 12pt;\"><span style=\"color: #ffffff;\">Si vous souhaitez contacter Rapha\u00ebl directement, merci de remplir le formulaire suivant. Il vous r\u00e9pondra d\u00e8s que possible. Vous pouvez \u00e9galement contacter son agent tourneur Ingrid Kuschick, par<\/span> <a href=\"artistic-management@kuschick.eu\" target=\"_blank\" rel=\"noopener\">courriel<\/a><span style=\"color: #ffffff;\"> ou par<\/span> <a href=\"https:\/\/raphael.vaucourte.rparejo.eu\/index.php\/227-2\/\" target=\"_blank\" rel=\"noopener\">t\u00e9l\u00e9phone<\/a>.<\/span><\/p><p style=\"text-align: justify;\"><span style=\"font-size: 12pt;\">Vous pouvez \u00e9galement \u00e9changer avec Rapha\u00ebl par la messagerie s\u00e9curis\u00e9e Signal (<a href=\"https:\/\/signal.org\/\" target=\"_blank\" rel=\"noopener\">https:\/\/signal.org\/<\/a>), que ce soit pour \u00e9viter des frais t\u00e9l\u00e9phoniques ou pour une interview. Il suffit d&rsquo;installer Signal sur son mobile ou sur son ordinateur et de retrouver Rapha\u00ebl par son identifiant Signal qui est <strong>Raph PC<\/strong>.<\/span><\/p><p style=\"text-align: justify;\"><span style=\"font-size: 12pt;\">Dans le cas d&rsquo;une interview, faites-en d&rsquo;abord la demande comme expliqu\u00e9 <a href=\"https:\/\/raphael.vaucourte.rparejo.eu\/index.php\/solliciter-un-entretien\/\" target=\"_blank\" rel=\"noopener\">ICI<\/a>. Merci\u00a0!<\/span><\/p>\t\t\t\t\t\t\t\t<\/div>\n\t\t\t\t<\/div>\n\t\t\t\t\t<\/div>\n\t\t<\/div>\n\t\t\t\t<div class=\"elementor-column elementor-col-33 elementor-top-column elementor-element elementor-element-ba5b936\" data-id=\"ba5b936\" data-element_type=\"column\" data-e-type=\"column\">\n\t\t\t<div class=\"elementor-widget-wrap elementor-element-populated\">\n\t\t\t\t\t\t<div class=\"elementor-element elementor-element-ad93ac1 elementor-widget elementor-widget-text-editor\" data-id=\"ad93ac1\" data-element_type=\"widget\" data-e-type=\"widget\" data-widget_type=\"text-editor.default\">\n\t\t\t\t<div class=\"elementor-widget-container\">\n\t\t\t\t\t\t\t\t\t<p><img fetchpriority=\"high\" decoding=\"async\" class=\"size-medium wp-image-1428 aligncenter\" src=\"https:\/\/raphael.vaucourte.rparejo.eu\/wp-content\/uploads\/2018\/08\/Raph-guitare-classique-telephone-345x460.jpg\" alt=\"\" width=\"345\" height=\"460\" srcset=\"https:\/\/raphael.vaucourte.rparejo.eu\/wp-content\/uploads\/2018\/08\/Raph-guitare-classique-telephone-345x460.jpg 345w, https:\/\/raphael.vaucourte.rparejo.eu\/wp-content\/uploads\/2018\/08\/Raph-guitare-classique-telephone-768x1024.jpg 768w, https:\/\/raphael.vaucourte.rparejo.eu\/wp-content\/uploads\/2018\/08\/Raph-guitare-classique-telephone-488x650.jpg 488w, https:\/\/raphael.vaucourte.rparejo.eu\/wp-content\/uploads\/2018\/08\/Raph-guitare-classique-telephone.jpg 900w\" sizes=\"(max-width: 345px) 100vw, 345px\" \/><\/p>\t\t\t\t\t\t\t\t<\/div>\n\t\t\t\t<\/div>\n\t\t\t\t\t<\/div>\n\t\t<\/div>\n\t\t\t\t\t<\/div>\n\t\t<\/section>\n\t\t\t\t<section class=\"elementor-section elementor-top-section elementor-element elementor-element-45c981a elementor-section-boxed elementor-section-height-default elementor-section-height-default\" data-id=\"45c981a\" data-element_type=\"section\" data-e-type=\"section\">\n\t\t\t\t\t\t<div class=\"elementor-container elementor-column-gap-default\">\n\t\t\t\t\t<div class=\"elementor-column elementor-col-100 elementor-top-column elementor-element elementor-element-2ed2866\" data-id=\"2ed2866\" data-element_type=\"column\" data-e-type=\"column\">\n\t\t\t<div class=\"elementor-widget-wrap elementor-element-populated\">\n\t\t\t\t\t\t<div class=\"elementor-element elementor-element-ce68574 elementor-invisible elementor-widget elementor-widget-heading\" data-id=\"ce68574\" data-element_type=\"widget\" data-e-type=\"widget\" data-settings=\"{&quot;_animation&quot;:&quot;rotateIn&quot;}\" data-widget_type=\"heading.default\">\n\t\t\t\t<div class=\"elementor-widget-container\">\n\t\t\t\t\t<h3 class=\"elementor-heading-title elementor-size-default\">Formulaire de contact<\/h3>\t\t\t\t<\/div>\n\t\t\t\t<\/div>\n\t\t\t\t\t<\/div>\n\t\t<\/div>\n\t\t\t\t\t<\/div>\n\t\t<\/section>\n\t\t\t\t<section class=\"elementor-section elementor-top-section elementor-element elementor-element-f7634c2 elementor-section-boxed elementor-section-height-default elementor-section-height-default\" data-id=\"f7634c2\" data-element_type=\"section\" data-e-type=\"section\">\n\t\t\t\t\t\t<div class=\"elementor-container elementor-column-gap-default\">\n\t\t\t\t\t<div class=\"elementor-column elementor-col-100 elementor-top-column elementor-element elementor-element-64b767b\" data-id=\"64b767b\" data-element_type=\"column\" data-e-type=\"column\">\n\t\t\t<div class=\"elementor-widget-wrap elementor-element-populated\">\n\t\t\t\t\t\t<div class=\"elementor-element elementor-element-e3817ae elementor-widget elementor-widget-text-editor\" data-id=\"e3817ae\" data-element_type=\"widget\" data-e-type=\"widget\" data-widget_type=\"text-editor.default\">\n\t\t\t\t<div class=\"elementor-widget-container\">\n\t\t\t\t\t\t\t\t\t<h4 style=\"text-align: center;\"><strong><span style=\"color: #999999;\">Mentions importantes sur la confidentialit\u00e9 avant de soumettre ce formulaire.<\/span><\/strong><\/h4><p><span style=\"font-size: 12pt;\"><strong><span style=\"color: #ffffff;\">En envoyant le formulaire j\u00a0\u00bbautorise le site \u00e0 r\u00e9pondre de mani\u00e8re personnalis\u00e9e \u00e0 mes messages ou \u00e0 mes demandes d&rsquo;information.\u00a0<\/span><\/strong><\/span><span style=\"color: #ffffff; font-size: 12pt; text-indent: 0em; text-align: inherit;\">Les donn\u00e9es recueillies par ce formulaire ne seront jamais utilis\u00e9es \u00e0 d&rsquo;autres fins ni communiqu\u00e9es \u00e0 des tiers. Pour conna\u00eetre et exercer vos droits, notamment de retrait de votre consentement \u00e0 l&rsquo;utilisation des donn\u00e9es succinctes collect\u00e9es par ce formulaire (aux fins cit\u00e9es ci-dessus), vous pouvez consulter la <\/span><a style=\"font-size: 12pt; text-indent: 0em; text-align: inherit;\" href=\"https:\/\/raphael.vaucourte.rparejo.eu\/index.php\/notre-politique-de-confidentialite\/\" target=\"_blank\" rel=\"noopener\">politique de confidentialit\u00e9<\/a><span style=\"color: #ffffff; font-size: 12pt; text-indent: 0em; text-align: inherit;\"> du site. Pour toute demande de retrait de votre consentement, envoyez un message au webmestre du site.<\/span><\/p>\t\t\t\t\t\t\t\t<\/div>\n\t\t\t\t<\/div>\n\t\t\t\t\t<\/div>\n\t\t<\/div>\n\t\t\t\t\t<\/div>\n\t\t<\/section>\n\t\t\t\t<section class=\"elementor-section elementor-top-section elementor-element elementor-element-026defc elementor-section-boxed elementor-section-height-default elementor-section-height-default\" data-id=\"026defc\" data-element_type=\"section\" data-e-type=\"section\">\n\t\t\t\t\t\t<div class=\"elementor-container elementor-column-gap-default\">\n\t\t\t\t\t<div class=\"elementor-column elementor-col-33 elementor-top-column elementor-element elementor-element-32530aa\" data-id=\"32530aa\" data-element_type=\"column\" data-e-type=\"column\">\n\t\t\t<div class=\"elementor-widget-wrap\">\n\t\t\t\t\t\t\t<\/div>\n\t\t<\/div>\n\t\t\t\t<div class=\"elementor-column elementor-col-33 elementor-top-column elementor-element elementor-element-c7036be\" data-id=\"c7036be\" data-element_type=\"column\" data-e-type=\"column\">\n\t\t\t<div class=\"elementor-widget-wrap elementor-element-populated\">\n\t\t\t\t\t\t<div class=\"elementor-element elementor-element-49383a5 elementor-widget elementor-widget-text-editor\" data-id=\"49383a5\" data-element_type=\"widget\" data-e-type=\"widget\" data-widget_type=\"text-editor.default\">\n\t\t\t\t<div class=\"elementor-widget-container\">\n\t\t\t\t\t\t\t\t\t\n<div class=\"wpcf7 no-js\" id=\"wpcf7-f1212-o1\" lang=\"fr-FR\" dir=\"ltr\" data-wpcf7-id=\"1212\">\n<div class=\"screen-reader-response\"><p role=\"status\" aria-live=\"polite\" aria-atomic=\"true\"><\/p> <ul><\/ul><\/div>\n<form action=\"\/index.php\/wp-json\/wp\/v2\/pages\/225#wpcf7-f1212-o1\" method=\"post\" class=\"wpcf7-form init\" aria-label=\"Formulaire de contact\" novalidate=\"novalidate\" data-status=\"init\">\n<fieldset class=\"hidden-fields-container\"><input type=\"hidden\" name=\"_wpcf7\" value=\"1212\" \/><input type=\"hidden\" name=\"_wpcf7_version\" value=\"6.1.5\" \/><input type=\"hidden\" name=\"_wpcf7_locale\" value=\"fr_FR\" \/><input type=\"hidden\" name=\"_wpcf7_unit_tag\" value=\"wpcf7-f1212-o1\" \/><input type=\"hidden\" name=\"_wpcf7_container_post\" value=\"0\" \/><input type=\"hidden\" name=\"_wpcf7_posted_data_hash\" value=\"\" \/>\n<\/fieldset>\n<p><label> Votre nom (obligatoire)<br \/>\n<span class=\"wpcf7-form-control-wrap\" data-name=\"your-name\"><input size=\"40\" maxlength=\"400\" class=\"wpcf7-form-control wpcf7-text wpcf7-validates-as-required\" aria-required=\"true\" aria-invalid=\"false\" value=\"\" type=\"text\" name=\"your-name\" \/><\/span> <\/label>\n<\/p>\n<p><label> Votre adresse de messagerie (obligatoire)<br \/>\n<span class=\"wpcf7-form-control-wrap\" data-name=\"your-email\"><input size=\"40\" maxlength=\"400\" class=\"wpcf7-form-control wpcf7-email wpcf7-validates-as-required wpcf7-text wpcf7-validates-as-email\" aria-required=\"true\" aria-invalid=\"false\" value=\"\" type=\"email\" name=\"your-email\" \/><\/span> <\/label>\n<\/p>\n<p><label> Objet<br \/>\n<span class=\"wpcf7-form-control-wrap\" data-name=\"your-subject\"><input size=\"40\" maxlength=\"400\" class=\"wpcf7-form-control wpcf7-text\" aria-invalid=\"false\" value=\"\" type=\"text\" name=\"your-subject\" \/><\/span> <\/label>\n<\/p>\n<p><label> Votre message<br \/>\n<span class=\"wpcf7-form-control-wrap\" data-name=\"your-message\"><textarea cols=\"40\" rows=\"10\" maxlength=\"2000\" class=\"wpcf7-form-control wpcf7-textarea\" aria-invalid=\"false\" name=\"your-message\"><\/textarea><\/span> <\/label>\n<\/p>\n<p><input class=\"wpcf7-form-control wpcf7-submit has-spinner\" type=\"submit\" value=\"Envoyer\" \/>\n<\/p><div class=\"wpcf7-response-output\" aria-hidden=\"true\"><\/div>\n<\/form>\n<\/div>\n\t\t\t\t\t\t\t\t<\/div>\n\t\t\t\t<\/div>\n\t\t\t\t\t<\/div>\n\t\t<\/div>\n\t\t\t\t<div class=\"elementor-column elementor-col-33 elementor-top-column elementor-element elementor-element-a02fa2a\" data-id=\"a02fa2a\" data-element_type=\"column\" data-e-type=\"column\">\n\t\t\t<div class=\"elementor-widget-wrap\">\n\t\t\t\t\t\t\t<\/div>\n\t\t<\/div>\n\t\t\t\t\t<\/div>\n\t\t<\/section>\n\t\t\t\t<section class=\"elementor-section elementor-top-section elementor-element elementor-element-4c47203 elementor-section-boxed elementor-section-height-default elementor-section-height-default\" data-id=\"4c47203\" data-element_type=\"section\" data-e-type=\"section\">\n\t\t\t\t\t\t<div class=\"elementor-container elementor-column-gap-default\">\n\t\t\t\t\t<div class=\"elementor-column elementor-col-100 elementor-top-column elementor-element elementor-element-c5b1506\" data-id=\"c5b1506\" data-element_type=\"column\" data-e-type=\"column\">\n\t\t\t<div class=\"elementor-widget-wrap elementor-element-populated\">\n\t\t\t\t\t\t\t<\/div>\n\t\t<\/div>\n\t\t\t\t\t<\/div>\n\t\t<\/section>\n\t\t\t\t<\/div>\n\t\t","protected":false},"excerpt":{"rendered":"<p>Si vous souhaitez contacter Rapha\u00ebl directement, merci de remplir le formulaire suivant. Il vous r\u00e9pondra d\u00e8s que possible. Vous pouvez \u00e9galement contacter son agent tourneur Ingrid Kuschick, par courriel ou par t\u00e9l\u00e9phone. Vous pouvez \u00e9galement \u00e9changer avec Rapha\u00ebl par la messagerie s\u00e9curis\u00e9e Signal (https:\/\/signal.org\/), que ce soit pour \u00e9viter des frais t\u00e9l\u00e9phoniques ou pour une interview. Il suffit d&rsquo;installer Signal &hellip;<\/p>\n","protected":false},"author":1,"featured_media":1915,"parent":0,"menu_order":2,"comment_status":"closed","ping_status":"closed","template":"elementor_header_footer","meta":{"footnotes":""},"class_list":["post-225","page","type-page","status-publish","has-post-thumbnail","hentry"],"yoast_head":"<!-- This site is optimized with the Yoast SEO plugin v27.5 - https:\/\/yoast.com\/product\/yoast-seo-wordpress\/ -->\n<title>Contacter Rapha\u00ebl - Rapha\u00ebl Vaucourte (site officiel)<\/title>\n<meta name=\"robots\" content=\"index, follow, max-snippet:-1, max-image-preview:large, max-video-preview:-1\" \/>\n<link rel=\"canonical\" href=\"https:\/\/raphael.vaucourte.rparejo.eu\/index.php\/formulaire-de-contact\/\" \/>\n<meta property=\"og:locale\" content=\"fr_FR\" \/>\n<meta property=\"og:type\" content=\"article\" \/>\n<meta property=\"og:title\" content=\"Contacter Rapha\u00ebl - Rapha\u00ebl Vaucourte (site officiel)\" \/>\n<meta property=\"og:description\" content=\"Si vous souhaitez contacter Rapha\u00ebl directement, merci de remplir le formulaire suivant. Il vous r\u00e9pondra d\u00e8s que possible. Vous pouvez \u00e9galement contacter son agent tourneur Ingrid Kuschick, par courriel ou par t\u00e9l\u00e9phone. Vous pouvez \u00e9galement \u00e9changer avec Rapha\u00ebl par la messagerie s\u00e9curis\u00e9e Signal (https:\/\/signal.org\/), que ce soit pour \u00e9viter des frais t\u00e9l\u00e9phoniques ou pour une interview. Il suffit d&rsquo;installer Signal &hellip;\" \/>\n<meta property=\"og:url\" content=\"https:\/\/raphael.vaucourte.rparejo.eu\/index.php\/formulaire-de-contact\/\" \/>\n<meta property=\"og:site_name\" content=\"Rapha\u00ebl Vaucourte (site officiel)\" \/>\n<meta property=\"article:modified_time\" content=\"2025-03-31T17:06:30+00:00\" \/>\n<meta property=\"og:image\" content=\"https:\/\/raphael.vaucourte.rparejo.eu\/wp-content\/uploads\/2019\/11\/Antique-museum-phone-telephone-communication-talk-884224-pxhere.com_web.jpg\" \/>\n\t<meta property=\"og:image:width\" content=\"1920\" \/>\n\t<meta property=\"og:image:height\" content=\"650\" \/>\n\t<meta property=\"og:image:type\" content=\"image\/jpeg\" \/>\n<meta name=\"twitter:card\" content=\"summary_large_image\" \/>\n<meta name=\"twitter:label1\" content=\"Dur\u00e9e de lecture estim\u00e9e\" \/>\n\t<meta name=\"twitter:data1\" content=\"2 minutes\" \/>\n<script type=\"application\/ld+json\" class=\"yoast-schema-graph\">{\"@context\":\"https:\\\/\\\/schema.org\",\"@graph\":[{\"@type\":\"WebPage\",\"@id\":\"https:\\\/\\\/raphael.vaucourte.rparejo.eu\\\/index.php\\\/formulaire-de-contact\\\/\",\"url\":\"https:\\\/\\\/raphael.vaucourte.rparejo.eu\\\/index.php\\\/formulaire-de-contact\\\/\",\"name\":\"Contacter Rapha\u00ebl - Rapha\u00ebl Vaucourte (site officiel)\",\"isPartOf\":{\"@id\":\"https:\\\/\\\/raphael.vaucourte.rparejo.eu\\\/#website\"},\"primaryImageOfPage\":{\"@id\":\"https:\\\/\\\/raphael.vaucourte.rparejo.eu\\\/index.php\\\/formulaire-de-contact\\\/#primaryimage\"},\"image\":{\"@id\":\"https:\\\/\\\/raphael.vaucourte.rparejo.eu\\\/index.php\\\/formulaire-de-contact\\\/#primaryimage\"},\"thumbnailUrl\":\"https:\\\/\\\/raphael.vaucourte.rparejo.eu\\\/wp-content\\\/uploads\\\/2019\\\/11\\\/Antique-museum-phone-telephone-communication-talk-884224-pxhere.com_web.jpg\",\"datePublished\":\"2015-11-02T01:32:33+00:00\",\"dateModified\":\"2025-03-31T17:06:30+00:00\",\"breadcrumb\":{\"@id\":\"https:\\\/\\\/raphael.vaucourte.rparejo.eu\\\/index.php\\\/formulaire-de-contact\\\/#breadcrumb\"},\"inLanguage\":\"fr-FR\",\"potentialAction\":[{\"@type\":\"ReadAction\",\"target\":[\"https:\\\/\\\/raphael.vaucourte.rparejo.eu\\\/index.php\\\/formulaire-de-contact\\\/\"]}]},{\"@type\":\"ImageObject\",\"inLanguage\":\"fr-FR\",\"@id\":\"https:\\\/\\\/raphael.vaucourte.rparejo.eu\\\/index.php\\\/formulaire-de-contact\\\/#primaryimage\",\"url\":\"https:\\\/\\\/raphael.vaucourte.rparejo.eu\\\/wp-content\\\/uploads\\\/2019\\\/11\\\/Antique-museum-phone-telephone-communication-talk-884224-pxhere.com_web.jpg\",\"contentUrl\":\"https:\\\/\\\/raphael.vaucourte.rparejo.eu\\\/wp-content\\\/uploads\\\/2019\\\/11\\\/Antique-museum-phone-telephone-communication-talk-884224-pxhere.com_web.jpg\",\"width\":1920,\"height\":650},{\"@type\":\"BreadcrumbList\",\"@id\":\"https:\\\/\\\/raphael.vaucourte.rparejo.eu\\\/index.php\\\/formulaire-de-contact\\\/#breadcrumb\",\"itemListElement\":[{\"@type\":\"ListItem\",\"position\":1,\"name\":\"Accueil\",\"item\":\"https:\\\/\\\/raphael.vaucourte.rparejo.eu\\\/\"},{\"@type\":\"ListItem\",\"position\":2,\"name\":\"Contacter Rapha\u00ebl\"}]},{\"@type\":\"WebSite\",\"@id\":\"https:\\\/\\\/raphael.vaucourte.rparejo.eu\\\/#website\",\"url\":\"https:\\\/\\\/raphael.vaucourte.rparejo.eu\\\/\",\"name\":\"Rapha\u00ebl Vaucourte (site officiel)\",\"description\":\"Chanson fran\u00e7aise\",\"potentialAction\":[{\"@type\":\"SearchAction\",\"target\":{\"@type\":\"EntryPoint\",\"urlTemplate\":\"https:\\\/\\\/raphael.vaucourte.rparejo.eu\\\/?s={search_term_string}\"},\"query-input\":{\"@type\":\"PropertyValueSpecification\",\"valueRequired\":true,\"valueName\":\"search_term_string\"}}],\"inLanguage\":\"fr-FR\"}]}<\/script>\n<!-- \/ Yoast SEO plugin. -->","yoast_head_json":{"title":"Contacter Rapha\u00ebl - Rapha\u00ebl Vaucourte (site officiel)","robots":{"index":"index","follow":"follow","max-snippet":"max-snippet:-1","max-image-preview":"max-image-preview:large","max-video-preview":"max-video-preview:-1"},"canonical":"https:\/\/raphael.vaucourte.rparejo.eu\/index.php\/formulaire-de-contact\/","og_locale":"fr_FR","og_type":"article","og_title":"Contacter Rapha\u00ebl - Rapha\u00ebl Vaucourte (site officiel)","og_description":"Si vous souhaitez contacter Rapha\u00ebl directement, merci de remplir le formulaire suivant. Il vous r\u00e9pondra d\u00e8s que possible. Vous pouvez \u00e9galement contacter son agent tourneur Ingrid Kuschick, par courriel ou par t\u00e9l\u00e9phone. Vous pouvez \u00e9galement \u00e9changer avec Rapha\u00ebl par la messagerie s\u00e9curis\u00e9e Signal (https:\/\/signal.org\/), que ce soit pour \u00e9viter des frais t\u00e9l\u00e9phoniques ou pour une interview. Il suffit d&rsquo;installer Signal &hellip;","og_url":"https:\/\/raphael.vaucourte.rparejo.eu\/index.php\/formulaire-de-contact\/","og_site_name":"Rapha\u00ebl Vaucourte (site officiel)","article_modified_time":"2025-03-31T17:06:30+00:00","og_image":[{"width":1920,"height":650,"url":"https:\/\/raphael.vaucourte.rparejo.eu\/wp-content\/uploads\/2019\/11\/Antique-museum-phone-telephone-communication-talk-884224-pxhere.com_web.jpg","type":"image\/jpeg"}],"twitter_card":"summary_large_image","twitter_misc":{"Dur\u00e9e de lecture estim\u00e9e":"2 minutes"},"schema":{"@context":"https:\/\/schema.org","@graph":[{"@type":"WebPage","@id":"https:\/\/raphael.vaucourte.rparejo.eu\/index.php\/formulaire-de-contact\/","url":"https:\/\/raphael.vaucourte.rparejo.eu\/index.php\/formulaire-de-contact\/","name":"Contacter Rapha\u00ebl - Rapha\u00ebl Vaucourte (site officiel)","isPartOf":{"@id":"https:\/\/raphael.vaucourte.rparejo.eu\/#website"},"primaryImageOfPage":{"@id":"https:\/\/raphael.vaucourte.rparejo.eu\/index.php\/formulaire-de-contact\/#primaryimage"},"image":{"@id":"https:\/\/raphael.vaucourte.rparejo.eu\/index.php\/formulaire-de-contact\/#primaryimage"},"thumbnailUrl":"https:\/\/raphael.vaucourte.rparejo.eu\/wp-content\/uploads\/2019\/11\/Antique-museum-phone-telephone-communication-talk-884224-pxhere.com_web.jpg","datePublished":"2015-11-02T01:32:33+00:00","dateModified":"2025-03-31T17:06:30+00:00","breadcrumb":{"@id":"https:\/\/raphael.vaucourte.rparejo.eu\/index.php\/formulaire-de-contact\/#breadcrumb"},"inLanguage":"fr-FR","potentialAction":[{"@type":"ReadAction","target":["https:\/\/raphael.vaucourte.rparejo.eu\/index.php\/formulaire-de-contact\/"]}]},{"@type":"ImageObject","inLanguage":"fr-FR","@id":"https:\/\/raphael.vaucourte.rparejo.eu\/index.php\/formulaire-de-contact\/#primaryimage","url":"https:\/\/raphael.vaucourte.rparejo.eu\/wp-content\/uploads\/2019\/11\/Antique-museum-phone-telephone-communication-talk-884224-pxhere.com_web.jpg","contentUrl":"https:\/\/raphael.vaucourte.rparejo.eu\/wp-content\/uploads\/2019\/11\/Antique-museum-phone-telephone-communication-talk-884224-pxhere.com_web.jpg","width":1920,"height":650},{"@type":"BreadcrumbList","@id":"https:\/\/raphael.vaucourte.rparejo.eu\/index.php\/formulaire-de-contact\/#breadcrumb","itemListElement":[{"@type":"ListItem","position":1,"name":"Accueil","item":"https:\/\/raphael.vaucourte.rparejo.eu\/"},{"@type":"ListItem","position":2,"name":"Contacter Rapha\u00ebl"}]},{"@type":"WebSite","@id":"https:\/\/raphael.vaucourte.rparejo.eu\/#website","url":"https:\/\/raphael.vaucourte.rparejo.eu\/","name":"Rapha\u00ebl Vaucourte (site officiel)","description":"Chanson fran\u00e7aise","potentialAction":[{"@type":"SearchAction","target":{"@type":"EntryPoint","urlTemplate":"https:\/\/raphael.vaucourte.rparejo.eu\/?s={search_term_string}"},"query-input":{"@type":"PropertyValueSpecification","valueRequired":true,"valueName":"search_term_string"}}],"inLanguage":"fr-FR"}]}},"_links":{"self":[{"href":"https:\/\/raphael.vaucourte.rparejo.eu\/index.php\/wp-json\/wp\/v2\/pages\/225","targetHints":{"allow":["GET"]}}],"collection":[{"href":"https:\/\/raphael.vaucourte.rparejo.eu\/index.php\/wp-json\/wp\/v2\/pages"}],"about":[{"href":"https:\/\/raphael.vaucourte.rparejo.eu\/index.php\/wp-json\/wp\/v2\/types\/page"}],"author":[{"embeddable":true,"href":"https:\/\/raphael.vaucourte.rparejo.eu\/index.php\/wp-json\/wp\/v2\/users\/1"}],"replies":[{"embeddable":true,"href":"https:\/\/raphael.vaucourte.rparejo.eu\/index.php\/wp-json\/wp\/v2\/comments?post=225"}],"version-history":[{"count":9,"href":"https:\/\/raphael.vaucourte.rparejo.eu\/index.php\/wp-json\/wp\/v2\/pages\/225\/revisions"}],"predecessor-version":[{"id":3104,"href":"https:\/\/raphael.vaucourte.rparejo.eu\/index.php\/wp-json\/wp\/v2\/pages\/225\/revisions\/3104"}],"wp:featuredmedia":[{"embeddable":true,"href":"https:\/\/raphael.vaucourte.rparejo.eu\/index.php\/wp-json\/wp\/v2\/media\/1915"}],"wp:attachment":[{"href":"https:\/\/raphael.vaucourte.rparejo.eu\/index.php\/wp-json\/wp\/v2\/media?parent=225"}],"curies":[{"name":"wp","href":"https:\/\/api.w.org\/{rel}","templated":true}]}}