{"id":1812,"date":"2019-10-17T02:05:36","date_gmt":"2019-10-17T00:05:36","guid":{"rendered":"https:\/\/raphael.vaucourte.rparejo.eu\/?page_id=1812"},"modified":"2019-11-25T13:11:23","modified_gmt":"2019-11-25T12:11:23","slug":"remerciements-et-credits-photographiques","status":"publish","type":"page","link":"https:\/\/raphael.vaucourte.rparejo.eu\/index.php\/remerciements-et-credits-photographiques\/","title":{"rendered":"Remerciements et cr\u00e9dits photographiques"},"content":{"rendered":"\t\t<div data-elementor-type=\"wp-page\" data-elementor-id=\"1812\" class=\"elementor elementor-1812\">\n\t\t\t\t\t\t<section class=\"elementor-section elementor-top-section elementor-element elementor-element-bd17eac elementor-section-boxed elementor-section-height-default elementor-section-height-default\" data-id=\"bd17eac\" data-element_type=\"section\" data-e-type=\"section\">\n\t\t\t\t\t\t<div class=\"elementor-container elementor-column-gap-default\">\n\t\t\t\t\t<div class=\"elementor-column elementor-col-33 elementor-top-column elementor-element elementor-element-d4dc0f8\" data-id=\"d4dc0f8\" data-element_type=\"column\" data-e-type=\"column\">\n\t\t\t<div class=\"elementor-widget-wrap\">\n\t\t\t\t\t\t\t<\/div>\n\t\t<\/div>\n\t\t\t\t<div class=\"elementor-column elementor-col-33 elementor-top-column elementor-element elementor-element-67daa61\" data-id=\"67daa61\" data-element_type=\"column\" data-e-type=\"column\">\n\t\t\t<div class=\"elementor-widget-wrap elementor-element-populated\">\n\t\t\t\t\t\t<div class=\"elementor-element elementor-element-6f82232 elementor-widget elementor-widget-text-editor\" data-id=\"6f82232\" data-element_type=\"widget\" data-e-type=\"widget\" data-widget_type=\"text-editor.default\">\n\t\t\t\t<div class=\"elementor-widget-container\">\n\t\t\t\t\t\t\t\t\t<p style=\"text-align: justify;\">Je tiens \u00e0 remercier amis et professionnels qui m&rsquo;ont encourag\u00e9 dans mon projet de chansons fran\u00e7aises et m&rsquo;ont aid\u00e9 par leurs divers apports \u00e0 monter ce site, que ce soient par leurs conseils ou opinions, ou encore par les photographies qu&rsquo;ils ou elles ont fait de moi et m&rsquo;ont permis d&rsquo;utiliser. Les premiers, qui m&rsquo;ont beaucoup aid\u00e9 par leurs commentaires, leur appr\u00e9ciations et critiques et leurs conseils sont trop nombreux pour \u00eatre cit\u00e9s, mais je sais qu&rsquo;\u00e9videmment ils se reconna\u00eetront car nous avons beaucoup \u00e9chang\u00e9 depuis 2015 jusqu&rsquo;\u00e0 la date de l&rsquo;avant-premi\u00e8re de \u00ab Chansons den France et de la francophonie \u00bb en d\u00e9cembre 2019 et la mise en ligne du site. Un remerciement tr\u00e8s sp\u00e9cial pour ma compagne Ingrid pour son soutien au projet et tout ce qu&rsquo;elle a fait et fait en tant que mon agent artistique, m\u00e9tier qui n&rsquo;est pas tr\u00e8s facile.<\/p>\t\t\t\t\t\t\t\t<\/div>\n\t\t\t\t<\/div>\n\t\t\t\t\t<\/div>\n\t\t<\/div>\n\t\t\t\t<div class=\"elementor-column elementor-col-33 elementor-top-column elementor-element elementor-element-9ed63c5\" data-id=\"9ed63c5\" data-element_type=\"column\" data-e-type=\"column\">\n\t\t\t<div class=\"elementor-widget-wrap\">\n\t\t\t\t\t\t\t<\/div>\n\t\t<\/div>\n\t\t\t\t\t<\/div>\n\t\t<\/section>\n\t\t\t\t<section class=\"elementor-section elementor-top-section elementor-element elementor-element-8b97f68 elementor-section-boxed elementor-section-height-default elementor-section-height-default\" data-id=\"8b97f68\" data-element_type=\"section\" data-e-type=\"section\">\n\t\t\t\t\t\t<div class=\"elementor-container elementor-column-gap-default\">\n\t\t\t\t\t<div class=\"elementor-column elementor-col-50 elementor-top-column elementor-element elementor-element-50319ad\" data-id=\"50319ad\" data-element_type=\"column\" data-e-type=\"column\">\n\t\t\t<div class=\"elementor-widget-wrap elementor-element-populated\">\n\t\t\t\t\t\t<div class=\"elementor-element elementor-element-c3f4698 elementor-widget elementor-widget-text-editor\" data-id=\"c3f4698\" data-element_type=\"widget\" data-e-type=\"widget\" data-widget_type=\"text-editor.default\">\n\t\t\t\t<div class=\"elementor-widget-container\">\n\t\t\t\t\t\t\t\t\t<p style=\"text-align: justify;\">\u00a0Je tiens \u00e0 remercier les amis et amies qui ont pris les photos lors de s\u00e9ances multiples et pour certains m\u00e9morables, et en particulier <strong>Julia Iglesias\u00a0L\u00f3pez<\/strong> qui a obtenu de moi quelques photos \u00e9tonnantes autant qu&rsquo;inattendues, <strong>Ingrid\u00a0Kuschick<\/strong> dont certaines photos figurent dans le diaporama de la page d&rsquo;accueil et certains en-t\u00eates, <strong>Juan Bosco Hormaechea<\/strong> qui a produit une s\u00e9rie de photos tr\u00e8s diff\u00e9rentes des s\u00e9ries pr\u00e9c\u00e9dentes o\u00f9 appara\u00eet plus fortement le c\u00f4t\u00e9 tourment\u00e9 de votre serviteur, ou encore <strong>Yann Leblanc<\/strong> de qui j&rsquo;utilise r\u00e9guli\u00e8rement deux photos, que ce soit sur mes pages Facebook ou sur ce site. Je remercie \u00e9galement ma fille <strong>Maywa Parejo<\/strong> pour la tr\u00e8s belle photo de chardon qui figure dans le diaporama de la page d&rsquo;accueil et comme en-t\u00eate de la page consacr\u00e9e \u00e0 la pr\u00e9sentation du spectacle <em>Chansons d&rsquo;en France et de la Francophonie<\/em>.<\/p>\t\t\t\t\t\t\t\t<\/div>\n\t\t\t\t<\/div>\n\t\t\t\t\t<\/div>\n\t\t<\/div>\n\t\t\t\t<div class=\"elementor-column elementor-col-50 elementor-top-column elementor-element elementor-element-ac39bd3\" data-id=\"ac39bd3\" data-element_type=\"column\" data-e-type=\"column\">\n\t\t\t<div class=\"elementor-widget-wrap elementor-element-populated\">\n\t\t\t\t\t\t<div class=\"elementor-element elementor-element-5390084 elementor-widget elementor-widget-text-editor\" data-id=\"5390084\" data-element_type=\"widget\" data-e-type=\"widget\" data-widget_type=\"text-editor.default\">\n\t\t\t\t<div class=\"elementor-widget-container\">\n\t\t\t\t\t\t\t\t\t<p>Lorem ipsum dolor sit amet, consectetur adipiscing elit. Ut elit tellus, luctus nec ullamcorper mattis, pulvinar dapibus leo.<\/p>\t\t\t\t\t\t\t\t<\/div>\n\t\t\t\t<\/div>\n\t\t\t\t\t<\/div>\n\t\t<\/div>\n\t\t\t\t\t<\/div>\n\t\t<\/section>\n\t\t\t\t<section class=\"elementor-section elementor-top-section elementor-element elementor-element-608559e7 elementor-section-boxed elementor-section-height-default elementor-section-height-default\" data-id=\"608559e7\" data-element_type=\"section\" data-e-type=\"section\">\n\t\t\t\t\t\t<div class=\"elementor-container elementor-column-gap-default\">\n\t\t\t\t\t<div class=\"elementor-column elementor-col-100 elementor-top-column elementor-element elementor-element-5513485c\" data-id=\"5513485c\" data-element_type=\"column\" data-e-type=\"column\">\n\t\t\t<div class=\"elementor-widget-wrap elementor-element-populated\">\n\t\t\t\t\t\t<div class=\"elementor-element elementor-element-4f28dc31 elementor-widget elementor-widget-text-editor\" data-id=\"4f28dc31\" data-element_type=\"widget\" data-e-type=\"widget\" data-widget_type=\"text-editor.default\">\n\t\t\t\t<div class=\"elementor-widget-container\">\n\t\t\t\t\t\t\t\t\t<p style=\"text-align: justify;\">Enfin, mes remerciements vont aussi \u00e0 tous les amis musiciens, chanteurs et auteurs compositeurs qui ont \u00e9chang\u00e9 avec moi ces derni\u00e8res ann\u00e9es. L\u00e0 aussi, il serait trop long de les \u00e9num\u00e9rer toutes et tous. J&rsquo;ai une pens\u00e9e \u00e9mue pour deux femmes, deux grandes artistes, d\u00e9c\u00e9d\u00e9es toute deux en 2019, et portant le m\u00eame pr\u00e9nom: <b>Anne Quesemand<\/b>, agr\u00e9g\u00e9e de lettres classiques, metteur en sc\u00e8ne, auteur, com\u00e9dienne, accord\u00e9oniste, formatrice, avec qui nous avions envisag\u00e9 de fa\u00e7on un peu hypoth\u00e9tique un r\u00e9cital \u00e0 la Vieille Grille il y a de cela d\u00e9j\u00e0 un bon moment ; et <b>Anne Vanderlove<\/b>, dont je souhaitais interpr\u00e9ter une ou deux chansons, et que que j&rsquo;avais contact\u00e9e \u00e0 ce sujet. Elle m&rsquo;avait tr\u00e8s gentiment orient\u00e9 en fonction de mes r\u00e9pertoires malgr\u00e9 son grave \u00e9tat de sant\u00e9.<\/p>\t\t\t\t\t\t\t\t<\/div>\n\t\t\t\t<\/div>\n\t\t\t\t\t<\/div>\n\t\t<\/div>\n\t\t\t\t\t<\/div>\n\t\t<\/section>\n\t\t\t\t<section class=\"elementor-section elementor-top-section elementor-element elementor-element-60a3074 elementor-section-boxed elementor-section-height-default elementor-section-height-default\" data-id=\"60a3074\" data-element_type=\"section\" data-e-type=\"section\">\n\t\t\t\t\t\t<div class=\"elementor-container elementor-column-gap-default\">\n\t\t\t\t\t<div class=\"elementor-column elementor-col-50 elementor-top-column elementor-element elementor-element-c5135d4\" data-id=\"c5135d4\" data-element_type=\"column\" data-e-type=\"column\">\n\t\t\t<div class=\"elementor-widget-wrap elementor-element-populated\">\n\t\t\t\t\t\t<div class=\"elementor-element elementor-element-4e12589 elementor-widget elementor-widget-text-editor\" data-id=\"4e12589\" data-element_type=\"widget\" data-e-type=\"widget\" data-widget_type=\"text-editor.default\">\n\t\t\t\t<div class=\"elementor-widget-container\">\n\t\t\t\t\t\t\t\t\t<p style=\"text-align: center;\"><img fetchpriority=\"high\" decoding=\"async\" class=\"alignnone size-full wp-image-1823\" src=\"https:\/\/raphael.vaucourte.rparejo.eu\/wp-content\/uploads\/2019\/10\/AVT_Anne-Quesemand_8554.jpg\" alt=\"\" width=\"300\" height=\"454\" \/><\/p><p style=\"text-align: center;\"><strong><em>Anne Quesemand<\/em><\/strong><\/p>\t\t\t\t\t\t\t\t<\/div>\n\t\t\t\t<\/div>\n\t\t\t\t\t<\/div>\n\t\t<\/div>\n\t\t\t\t<div class=\"elementor-column elementor-col-50 elementor-top-column elementor-element elementor-element-019992e\" data-id=\"019992e\" data-element_type=\"column\" data-e-type=\"column\">\n\t\t\t<div class=\"elementor-widget-wrap elementor-element-populated\">\n\t\t\t\t\t\t<div class=\"elementor-element elementor-element-f712f52 elementor-widget elementor-widget-image\" data-id=\"f712f52\" data-element_type=\"widget\" data-e-type=\"widget\" data-widget_type=\"image.default\">\n\t\t\t\t<div class=\"elementor-widget-container\">\n\t\t\t\t\t\t\t\t\t\t\t\t<figure class=\"wp-caption\">\n\t\t\t\t\t\t\t\t\t\t<img decoding=\"async\" src=\"https:\/\/raphael.vaucourte.rparejo.eu\/wp-content\/uploads\/2019\/10\/Anne-Vanderlove-Ballade-en-novembre-est-de\u0301ce\u0301de\u0301e_1000-e1571349763295.jpg\" title=\"Anne Vanderlove Ballade en novembre est de\u0301ce\u0301de\u0301e_1000\" alt=\"Anne Vanderlove Ballade en novembre est de\u0301ce\u0301de\u0301e_1000\" loading=\"lazy\" \/>\t\t\t\t\t\t\t\t\t\t\t<figcaption class=\"widget-image-caption wp-caption-text\">Anne Vanderlove<\/figcaption>\n\t\t\t\t\t\t\t\t\t\t<\/figure>\n\t\t\t\t\t\t\t\t\t<\/div>\n\t\t\t\t<\/div>\n\t\t\t\t\t<\/div>\n\t\t<\/div>\n\t\t\t\t\t<\/div>\n\t\t<\/section>\n\t\t\t\t<\/div>\n\t\t","protected":false},"excerpt":{"rendered":"<p>Je tiens \u00e0 remercier amis et professionnels qui m&rsquo;ont encourag\u00e9 dans mon projet de chansons fran\u00e7aises et m&rsquo;ont aid\u00e9 par leurs divers apports \u00e0 monter ce site, que ce soient par leurs conseils ou opinions, ou encore par les photographies qu&rsquo;ils ou elles ont fait de moi et m&rsquo;ont permis d&rsquo;utiliser. Les premiers, qui m&rsquo;ont beaucoup aid\u00e9 par leurs commentaires, &hellip;<\/p>\n","protected":false},"author":1,"featured_media":0,"parent":0,"menu_order":2,"comment_status":"closed","ping_status":"closed","template":"elementor_header_footer","meta":{"footnotes":""},"class_list":["post-1812","page","type-page","status-publish","hentry"],"yoast_head":"<!-- This site is optimized with the Yoast SEO plugin v27.4 - https:\/\/yoast.com\/product\/yoast-seo-wordpress\/ -->\n<title>Remerciements et cr\u00e9dits photographiques - Rapha\u00ebl Vaucourte (site officiel)<\/title>\n<meta name=\"robots\" content=\"index, follow, max-snippet:-1, max-image-preview:large, max-video-preview:-1\" \/>\n<link rel=\"canonical\" href=\"https:\/\/raphael.vaucourte.rparejo.eu\/index.php\/remerciements-et-credits-photographiques\/\" \/>\n<meta property=\"og:locale\" content=\"fr_FR\" \/>\n<meta property=\"og:type\" content=\"article\" \/>\n<meta property=\"og:title\" content=\"Remerciements et cr\u00e9dits photographiques - Rapha\u00ebl Vaucourte (site officiel)\" \/>\n<meta property=\"og:description\" content=\"Je tiens \u00e0 remercier amis et professionnels qui m&rsquo;ont encourag\u00e9 dans mon projet de chansons fran\u00e7aises et m&rsquo;ont aid\u00e9 par leurs divers apports \u00e0 monter ce site, que ce soient par leurs conseils ou opinions, ou encore par les photographies qu&rsquo;ils ou elles ont fait de moi et m&rsquo;ont permis d&rsquo;utiliser. Les premiers, qui m&rsquo;ont beaucoup aid\u00e9 par leurs commentaires, &hellip;\" \/>\n<meta property=\"og:url\" content=\"https:\/\/raphael.vaucourte.rparejo.eu\/index.php\/remerciements-et-credits-photographiques\/\" \/>\n<meta property=\"og:site_name\" content=\"Rapha\u00ebl Vaucourte (site officiel)\" \/>\n<meta property=\"article:modified_time\" content=\"2019-11-25T12:11:23+00:00\" \/>\n<meta property=\"og:image\" content=\"https:\/\/raphael.vaucourte.rparejo.eu\/wp-content\/uploads\/2019\/10\/AVT_Anne-Quesemand_8554.jpg\" \/>\n<meta name=\"twitter:card\" content=\"summary_large_image\" \/>\n<meta name=\"twitter:label1\" content=\"Dur\u00e9e de lecture estim\u00e9e\" \/>\n\t<meta name=\"twitter:data1\" content=\"2 minutes\" \/>\n<script type=\"application\/ld+json\" class=\"yoast-schema-graph\">{\"@context\":\"https:\\\/\\\/schema.org\",\"@graph\":[{\"@type\":\"WebPage\",\"@id\":\"https:\\\/\\\/raphael.vaucourte.rparejo.eu\\\/index.php\\\/remerciements-et-credits-photographiques\\\/\",\"url\":\"https:\\\/\\\/raphael.vaucourte.rparejo.eu\\\/index.php\\\/remerciements-et-credits-photographiques\\\/\",\"name\":\"Remerciements et cr\u00e9dits photographiques - Rapha\u00ebl Vaucourte (site officiel)\",\"isPartOf\":{\"@id\":\"https:\\\/\\\/raphael.vaucourte.rparejo.eu\\\/#website\"},\"primaryImageOfPage\":{\"@id\":\"https:\\\/\\\/raphael.vaucourte.rparejo.eu\\\/index.php\\\/remerciements-et-credits-photographiques\\\/#primaryimage\"},\"image\":{\"@id\":\"https:\\\/\\\/raphael.vaucourte.rparejo.eu\\\/index.php\\\/remerciements-et-credits-photographiques\\\/#primaryimage\"},\"thumbnailUrl\":\"https:\\\/\\\/raphael.vaucourte.rparejo.eu\\\/wp-content\\\/uploads\\\/2019\\\/10\\\/AVT_Anne-Quesemand_8554.jpg\",\"datePublished\":\"2019-10-17T00:05:36+00:00\",\"dateModified\":\"2019-11-25T12:11:23+00:00\",\"breadcrumb\":{\"@id\":\"https:\\\/\\\/raphael.vaucourte.rparejo.eu\\\/index.php\\\/remerciements-et-credits-photographiques\\\/#breadcrumb\"},\"inLanguage\":\"fr-FR\",\"potentialAction\":[{\"@type\":\"ReadAction\",\"target\":[\"https:\\\/\\\/raphael.vaucourte.rparejo.eu\\\/index.php\\\/remerciements-et-credits-photographiques\\\/\"]}]},{\"@type\":\"ImageObject\",\"inLanguage\":\"fr-FR\",\"@id\":\"https:\\\/\\\/raphael.vaucourte.rparejo.eu\\\/index.php\\\/remerciements-et-credits-photographiques\\\/#primaryimage\",\"url\":\"https:\\\/\\\/raphael.vaucourte.rparejo.eu\\\/wp-content\\\/uploads\\\/2019\\\/10\\\/AVT_Anne-Quesemand_8554.jpg\",\"contentUrl\":\"https:\\\/\\\/raphael.vaucourte.rparejo.eu\\\/wp-content\\\/uploads\\\/2019\\\/10\\\/AVT_Anne-Quesemand_8554.jpg\",\"width\":300,\"height\":454},{\"@type\":\"BreadcrumbList\",\"@id\":\"https:\\\/\\\/raphael.vaucourte.rparejo.eu\\\/index.php\\\/remerciements-et-credits-photographiques\\\/#breadcrumb\",\"itemListElement\":[{\"@type\":\"ListItem\",\"position\":1,\"name\":\"Accueil\",\"item\":\"https:\\\/\\\/raphael.vaucourte.rparejo.eu\\\/\"},{\"@type\":\"ListItem\",\"position\":2,\"name\":\"Remerciements et cr\u00e9dits photographiques\"}]},{\"@type\":\"WebSite\",\"@id\":\"https:\\\/\\\/raphael.vaucourte.rparejo.eu\\\/#website\",\"url\":\"https:\\\/\\\/raphael.vaucourte.rparejo.eu\\\/\",\"name\":\"Rapha\u00ebl Vaucourte (site officiel)\",\"description\":\"Chanson fran\u00e7aise\",\"potentialAction\":[{\"@type\":\"SearchAction\",\"target\":{\"@type\":\"EntryPoint\",\"urlTemplate\":\"https:\\\/\\\/raphael.vaucourte.rparejo.eu\\\/?s={search_term_string}\"},\"query-input\":{\"@type\":\"PropertyValueSpecification\",\"valueRequired\":true,\"valueName\":\"search_term_string\"}}],\"inLanguage\":\"fr-FR\"}]}<\/script>\n<!-- \/ Yoast SEO plugin. -->","yoast_head_json":{"title":"Remerciements et cr\u00e9dits photographiques - Rapha\u00ebl Vaucourte (site officiel)","robots":{"index":"index","follow":"follow","max-snippet":"max-snippet:-1","max-image-preview":"max-image-preview:large","max-video-preview":"max-video-preview:-1"},"canonical":"https:\/\/raphael.vaucourte.rparejo.eu\/index.php\/remerciements-et-credits-photographiques\/","og_locale":"fr_FR","og_type":"article","og_title":"Remerciements et cr\u00e9dits photographiques - Rapha\u00ebl Vaucourte (site officiel)","og_description":"Je tiens \u00e0 remercier amis et professionnels qui m&rsquo;ont encourag\u00e9 dans mon projet de chansons fran\u00e7aises et m&rsquo;ont aid\u00e9 par leurs divers apports \u00e0 monter ce site, que ce soient par leurs conseils ou opinions, ou encore par les photographies qu&rsquo;ils ou elles ont fait de moi et m&rsquo;ont permis d&rsquo;utiliser. Les premiers, qui m&rsquo;ont beaucoup aid\u00e9 par leurs commentaires, &hellip;","og_url":"https:\/\/raphael.vaucourte.rparejo.eu\/index.php\/remerciements-et-credits-photographiques\/","og_site_name":"Rapha\u00ebl Vaucourte (site officiel)","article_modified_time":"2019-11-25T12:11:23+00:00","og_image":[{"url":"https:\/\/raphael.vaucourte.rparejo.eu\/wp-content\/uploads\/2019\/10\/AVT_Anne-Quesemand_8554.jpg","type":"","width":"","height":""}],"twitter_card":"summary_large_image","twitter_misc":{"Dur\u00e9e de lecture estim\u00e9e":"2 minutes"},"schema":{"@context":"https:\/\/schema.org","@graph":[{"@type":"WebPage","@id":"https:\/\/raphael.vaucourte.rparejo.eu\/index.php\/remerciements-et-credits-photographiques\/","url":"https:\/\/raphael.vaucourte.rparejo.eu\/index.php\/remerciements-et-credits-photographiques\/","name":"Remerciements et cr\u00e9dits photographiques - Rapha\u00ebl Vaucourte (site officiel)","isPartOf":{"@id":"https:\/\/raphael.vaucourte.rparejo.eu\/#website"},"primaryImageOfPage":{"@id":"https:\/\/raphael.vaucourte.rparejo.eu\/index.php\/remerciements-et-credits-photographiques\/#primaryimage"},"image":{"@id":"https:\/\/raphael.vaucourte.rparejo.eu\/index.php\/remerciements-et-credits-photographiques\/#primaryimage"},"thumbnailUrl":"https:\/\/raphael.vaucourte.rparejo.eu\/wp-content\/uploads\/2019\/10\/AVT_Anne-Quesemand_8554.jpg","datePublished":"2019-10-17T00:05:36+00:00","dateModified":"2019-11-25T12:11:23+00:00","breadcrumb":{"@id":"https:\/\/raphael.vaucourte.rparejo.eu\/index.php\/remerciements-et-credits-photographiques\/#breadcrumb"},"inLanguage":"fr-FR","potentialAction":[{"@type":"ReadAction","target":["https:\/\/raphael.vaucourte.rparejo.eu\/index.php\/remerciements-et-credits-photographiques\/"]}]},{"@type":"ImageObject","inLanguage":"fr-FR","@id":"https:\/\/raphael.vaucourte.rparejo.eu\/index.php\/remerciements-et-credits-photographiques\/#primaryimage","url":"https:\/\/raphael.vaucourte.rparejo.eu\/wp-content\/uploads\/2019\/10\/AVT_Anne-Quesemand_8554.jpg","contentUrl":"https:\/\/raphael.vaucourte.rparejo.eu\/wp-content\/uploads\/2019\/10\/AVT_Anne-Quesemand_8554.jpg","width":300,"height":454},{"@type":"BreadcrumbList","@id":"https:\/\/raphael.vaucourte.rparejo.eu\/index.php\/remerciements-et-credits-photographiques\/#breadcrumb","itemListElement":[{"@type":"ListItem","position":1,"name":"Accueil","item":"https:\/\/raphael.vaucourte.rparejo.eu\/"},{"@type":"ListItem","position":2,"name":"Remerciements et cr\u00e9dits photographiques"}]},{"@type":"WebSite","@id":"https:\/\/raphael.vaucourte.rparejo.eu\/#website","url":"https:\/\/raphael.vaucourte.rparejo.eu\/","name":"Rapha\u00ebl Vaucourte (site officiel)","description":"Chanson fran\u00e7aise","potentialAction":[{"@type":"SearchAction","target":{"@type":"EntryPoint","urlTemplate":"https:\/\/raphael.vaucourte.rparejo.eu\/?s={search_term_string}"},"query-input":{"@type":"PropertyValueSpecification","valueRequired":true,"valueName":"search_term_string"}}],"inLanguage":"fr-FR"}]}},"_links":{"self":[{"href":"https:\/\/raphael.vaucourte.rparejo.eu\/index.php\/wp-json\/wp\/v2\/pages\/1812","targetHints":{"allow":["GET"]}}],"collection":[{"href":"https:\/\/raphael.vaucourte.rparejo.eu\/index.php\/wp-json\/wp\/v2\/pages"}],"about":[{"href":"https:\/\/raphael.vaucourte.rparejo.eu\/index.php\/wp-json\/wp\/v2\/types\/page"}],"author":[{"embeddable":true,"href":"https:\/\/raphael.vaucourte.rparejo.eu\/index.php\/wp-json\/wp\/v2\/users\/1"}],"replies":[{"embeddable":true,"href":"https:\/\/raphael.vaucourte.rparejo.eu\/index.php\/wp-json\/wp\/v2\/comments?post=1812"}],"version-history":[{"count":0,"href":"https:\/\/raphael.vaucourte.rparejo.eu\/index.php\/wp-json\/wp\/v2\/pages\/1812\/revisions"}],"wp:attachment":[{"href":"https:\/\/raphael.vaucourte.rparejo.eu\/index.php\/wp-json\/wp\/v2\/media?parent=1812"}],"curies":[{"name":"wp","href":"https:\/\/api.w.org\/{rel}","templated":true}]}}