{"id":1507,"date":"2018-08-26T19:30:29","date_gmt":"2018-08-26T17:30:29","guid":{"rendered":"https:\/\/raphael.vaucourte.rparejo.eu\/?page_id=1507"},"modified":"2025-03-31T19:03:44","modified_gmt":"2025-03-31T17:03:44","slug":"solliciter-un-entretien","status":"publish","type":"page","link":"https:\/\/raphael.vaucourte.rparejo.eu\/index.php\/solliciter-un-entretien\/","title":{"rendered":"Solliciter un entretien"},"content":{"rendered":"\t\t<div data-elementor-type=\"wp-page\" data-elementor-id=\"1507\" class=\"elementor elementor-1507\">\n\t\t\t\t\t\t<section class=\"elementor-section elementor-top-section elementor-element elementor-element-999e782 elementor-section-boxed elementor-section-height-default elementor-section-height-default\" data-id=\"999e782\" data-element_type=\"section\" data-e-type=\"section\">\n\t\t\t\t\t\t<div class=\"elementor-container elementor-column-gap-default\">\n\t\t\t\t\t<div class=\"elementor-column elementor-col-50 elementor-top-column elementor-element elementor-element-5c08438\" data-id=\"5c08438\" data-element_type=\"column\" data-e-type=\"column\">\n\t\t\t<div class=\"elementor-widget-wrap elementor-element-populated\">\n\t\t\t\t\t\t<div class=\"elementor-element elementor-element-c0e968b elementor-invisible elementor-widget elementor-widget-text-editor\" data-id=\"c0e968b\" data-element_type=\"widget\" data-e-type=\"widget\" data-settings=\"{&quot;_animation&quot;:&quot;fadeInLeft&quot;}\" data-widget_type=\"text-editor.default\">\n\t\t\t\t<div class=\"elementor-widget-container\">\n\t\t\t\t\t\t\t\t\t<p style=\"text-align: justify;\">\u00a0Si vous \u00eates journaliste de la presse \u00e9crite (quotidiens, hebdomadaires, revues sp\u00e9cialis\u00e9es), sur Internet, \u00e0 la radio ou la t\u00e9l\u00e9vision, et souhaitez solliciter un entretien, vous pouvez le faire directement par le formulaire de cette page. Pr\u00e9cisez-nous le lieu (physique ou virtuel), la date et l&rsquo;heure, ainsi que la dur\u00e9e souhait\u00e9e de l&rsquo;entretien dans le corps de votre message. N&rsquo;oubliez pas de consulter notre <strong><a href=\"https:\/\/raphael.vaucourte.rparejo.eu\/index.php\/notre-politique-de-confidentialite\/\" target=\"_blank\" rel=\"noopener noreferrer\">politique de confidentialit\u00e9<\/a><\/strong> quant aux donn\u00e9es que vous nous fournissez en remplissant le formulaire ci-dessous. Vous pouvez \u00e9galement consulter <strong><a href=\"https:\/\/raphael.vaucourte.rparejo.eu\/index.php\/formulaire-de-contact\/\">ma page de contact<\/a>.<\/strong><\/p><p style=\"text-align: justify;\"><strong>Habitant en Biscaye, dans la communaut\u00e9 autonome basque (Espagne), il m&rsquo;est difficile de me d\u00e9placer pour des rendez-vous \u00e9loign\u00e9s. Vous pouvez \u00e9galement me joindre par la messagerie Signal en me pr\u00e9cisant \u00e0 l&rsquo;avance par un message envoy\u00e9 par le formulaire ci-dessous la date, l&rsquo;heure souhait\u00e9e pour l&rsquo;entretien. Mon identifiant Signal est : Raph PC<\/strong><\/p><p style=\"text-align: justify;\">Merci d&rsquo;avance de bien vouloir prendre en compte mes disponibilit\u00e9s en contactant <a href=\"https:\/\/raphael.vaucourte.rparejo.eu\/index.php\/227-2\/\" target=\"_blank\" rel=\"noopener noreferrer\"><strong><span style=\"color: #ffffff;\">mon agent artistique<\/span><\/strong><\/a>, qui vous fournira aussi d&rsquo;autres informations.<\/p><p style=\"text-align: justify;\">\n<div class=\"wpcf7 no-js\" id=\"wpcf7-f1212-o1\" lang=\"fr-FR\" dir=\"ltr\" data-wpcf7-id=\"1212\">\n<div class=\"screen-reader-response\"><p role=\"status\" aria-live=\"polite\" aria-atomic=\"true\"><\/p> <ul><\/ul><\/div>\n<form action=\"\/index.php\/wp-json\/wp\/v2\/pages\/1507#wpcf7-f1212-o1\" method=\"post\" class=\"wpcf7-form init\" aria-label=\"Formulaire de contact\" novalidate=\"novalidate\" data-status=\"init\">\n<fieldset class=\"hidden-fields-container\"><input type=\"hidden\" name=\"_wpcf7\" value=\"1212\" \/><input type=\"hidden\" name=\"_wpcf7_version\" value=\"6.1.5\" \/><input type=\"hidden\" name=\"_wpcf7_locale\" value=\"fr_FR\" \/><input type=\"hidden\" name=\"_wpcf7_unit_tag\" value=\"wpcf7-f1212-o1\" \/><input type=\"hidden\" name=\"_wpcf7_container_post\" value=\"0\" \/><input type=\"hidden\" name=\"_wpcf7_posted_data_hash\" value=\"\" \/>\n<\/fieldset>\n<p><label> Votre nom (obligatoire)<br \/>\n<span class=\"wpcf7-form-control-wrap\" data-name=\"your-name\"><input size=\"40\" maxlength=\"400\" class=\"wpcf7-form-control wpcf7-text wpcf7-validates-as-required\" aria-required=\"true\" aria-invalid=\"false\" value=\"\" type=\"text\" name=\"your-name\" \/><\/span> <\/label>\n<\/p>\n<p><label> Votre adresse de messagerie (obligatoire)<br \/>\n<span class=\"wpcf7-form-control-wrap\" data-name=\"your-email\"><input size=\"40\" maxlength=\"400\" class=\"wpcf7-form-control wpcf7-email wpcf7-validates-as-required wpcf7-text wpcf7-validates-as-email\" aria-required=\"true\" aria-invalid=\"false\" value=\"\" type=\"email\" name=\"your-email\" \/><\/span> <\/label>\n<\/p>\n<p><label> Objet<br \/>\n<span class=\"wpcf7-form-control-wrap\" data-name=\"your-subject\"><input size=\"40\" maxlength=\"400\" class=\"wpcf7-form-control wpcf7-text\" aria-invalid=\"false\" value=\"\" type=\"text\" name=\"your-subject\" \/><\/span> <\/label>\n<\/p>\n<p><label> Votre message<br \/>\n<span class=\"wpcf7-form-control-wrap\" data-name=\"your-message\"><textarea cols=\"40\" rows=\"10\" maxlength=\"2000\" class=\"wpcf7-form-control wpcf7-textarea\" aria-invalid=\"false\" name=\"your-message\"><\/textarea><\/span> <\/label>\n<\/p>\n<p><input class=\"wpcf7-form-control wpcf7-submit has-spinner\" type=\"submit\" value=\"Envoyer\" \/>\n<\/p><div class=\"wpcf7-response-output\" aria-hidden=\"true\"><\/div>\n<\/form>\n<\/div>\n<\/p>\t\t\t\t\t\t\t\t<\/div>\n\t\t\t\t<\/div>\n\t\t\t\t\t<\/div>\n\t\t<\/div>\n\t\t\t\t<div class=\"elementor-column elementor-col-50 elementor-top-column elementor-element elementor-element-085e879\" data-id=\"085e879\" data-element_type=\"column\" data-e-type=\"column\">\n\t\t\t<div class=\"elementor-widget-wrap elementor-element-populated\">\n\t\t\t\t\t\t<div class=\"elementor-element elementor-element-2198362 elementor-invisible elementor-widget elementor-widget-image\" data-id=\"2198362\" data-element_type=\"widget\" data-e-type=\"widget\" data-settings=\"{&quot;_animation&quot;:&quot;fadeInRight&quot;}\" data-widget_type=\"image.default\">\n\t\t\t\t<div class=\"elementor-widget-container\">\n\t\t\t\t\t\t\t\t\t\t\t\t\t\t\t<img fetchpriority=\"high\" decoding=\"async\" width=\"768\" height=\"1024\" src=\"https:\/\/raphael.vaucourte.rparejo.eu\/wp-content\/uploads\/2018\/08\/Raph-guitare-classique-telephone-768x1024.jpg\" class=\"attachment-large size-large wp-image-1428\" alt=\"\" srcset=\"https:\/\/raphael.vaucourte.rparejo.eu\/wp-content\/uploads\/2018\/08\/Raph-guitare-classique-telephone-768x1024.jpg 768w, https:\/\/raphael.vaucourte.rparejo.eu\/wp-content\/uploads\/2018\/08\/Raph-guitare-classique-telephone-345x460.jpg 345w, https:\/\/raphael.vaucourte.rparejo.eu\/wp-content\/uploads\/2018\/08\/Raph-guitare-classique-telephone-488x650.jpg 488w, https:\/\/raphael.vaucourte.rparejo.eu\/wp-content\/uploads\/2018\/08\/Raph-guitare-classique-telephone.jpg 900w\" sizes=\"(max-width: 768px) 100vw, 768px\" \/>\t\t\t\t\t\t\t\t\t\t\t\t\t\t\t<\/div>\n\t\t\t\t<\/div>\n\t\t\t\t\t<\/div>\n\t\t<\/div>\n\t\t\t\t\t<\/div>\n\t\t<\/section>\n\t\t\t\t<\/div>\n\t\t","protected":false},"excerpt":{"rendered":"<p>\u00a0Si vous \u00eates journaliste de la presse \u00e9crite (quotidiens, hebdomadaires, revues sp\u00e9cialis\u00e9es), sur Internet, \u00e0 la radio ou la t\u00e9l\u00e9vision, et souhaitez solliciter un entretien, vous pouvez le faire directement par le formulaire de cette page. Pr\u00e9cisez-nous le lieu (physique ou virtuel), la date et l&rsquo;heure, ainsi que la dur\u00e9e souhait\u00e9e de l&rsquo;entretien dans le corps de votre message. N&rsquo;oubliez &hellip;<\/p>\n","protected":false},"author":1,"featured_media":1520,"parent":0,"menu_order":3,"comment_status":"closed","ping_status":"closed","template":"elementor_header_footer","meta":{"footnotes":""},"class_list":["post-1507","page","type-page","status-publish","has-post-thumbnail","hentry"],"yoast_head":"<!-- This site is optimized with the Yoast SEO plugin v27.5 - https:\/\/yoast.com\/product\/yoast-seo-wordpress\/ -->\n<title>Solliciter un entretien - Rapha\u00ebl Vaucourte (site officiel)<\/title>\n<meta name=\"robots\" content=\"index, follow, max-snippet:-1, max-image-preview:large, max-video-preview:-1\" \/>\n<link rel=\"canonical\" href=\"https:\/\/raphael.vaucourte.rparejo.eu\/index.php\/solliciter-un-entretien\/\" \/>\n<meta property=\"og:locale\" content=\"fr_FR\" \/>\n<meta property=\"og:type\" content=\"article\" \/>\n<meta property=\"og:title\" content=\"Solliciter un entretien - Rapha\u00ebl Vaucourte (site officiel)\" \/>\n<meta property=\"og:description\" content=\"\u00a0Si vous \u00eates journaliste de la presse \u00e9crite (quotidiens, hebdomadaires, revues sp\u00e9cialis\u00e9es), sur Internet, \u00e0 la radio ou la t\u00e9l\u00e9vision, et souhaitez solliciter un entretien, vous pouvez le faire directement par le formulaire de cette page. Pr\u00e9cisez-nous le lieu (physique ou virtuel), la date et l&rsquo;heure, ainsi que la dur\u00e9e souhait\u00e9e de l&rsquo;entretien dans le corps de votre message. N&rsquo;oubliez &hellip;\" \/>\n<meta property=\"og:url\" content=\"https:\/\/raphael.vaucourte.rparejo.eu\/index.php\/solliciter-un-entretien\/\" \/>\n<meta property=\"og:site_name\" content=\"Rapha\u00ebl Vaucourte (site officiel)\" \/>\n<meta property=\"article:modified_time\" content=\"2025-03-31T17:03:44+00:00\" \/>\n<meta property=\"og:image\" content=\"https:\/\/raphael.vaucourte.rparejo.eu\/wp-content\/uploads\/2018\/08\/Vaucourte-solliciter-entretien_Image-en-avant.jpg\" \/>\n\t<meta property=\"og:image:width\" content=\"1920\" \/>\n\t<meta property=\"og:image:height\" content=\"400\" \/>\n\t<meta property=\"og:image:type\" content=\"image\/jpeg\" \/>\n<meta name=\"twitter:card\" content=\"summary_large_image\" \/>\n<meta name=\"twitter:label1\" content=\"Dur\u00e9e de lecture estim\u00e9e\" \/>\n\t<meta name=\"twitter:data1\" content=\"2 minutes\" \/>\n<script type=\"application\/ld+json\" class=\"yoast-schema-graph\">{\"@context\":\"https:\\\/\\\/schema.org\",\"@graph\":[{\"@type\":\"WebPage\",\"@id\":\"https:\\\/\\\/raphael.vaucourte.rparejo.eu\\\/index.php\\\/solliciter-un-entretien\\\/\",\"url\":\"https:\\\/\\\/raphael.vaucourte.rparejo.eu\\\/index.php\\\/solliciter-un-entretien\\\/\",\"name\":\"Solliciter un entretien - Rapha\u00ebl Vaucourte (site officiel)\",\"isPartOf\":{\"@id\":\"https:\\\/\\\/raphael.vaucourte.rparejo.eu\\\/#website\"},\"primaryImageOfPage\":{\"@id\":\"https:\\\/\\\/raphael.vaucourte.rparejo.eu\\\/index.php\\\/solliciter-un-entretien\\\/#primaryimage\"},\"image\":{\"@id\":\"https:\\\/\\\/raphael.vaucourte.rparejo.eu\\\/index.php\\\/solliciter-un-entretien\\\/#primaryimage\"},\"thumbnailUrl\":\"https:\\\/\\\/raphael.vaucourte.rparejo.eu\\\/wp-content\\\/uploads\\\/2018\\\/08\\\/Vaucourte-solliciter-entretien_Image-en-avant.jpg\",\"datePublished\":\"2018-08-26T17:30:29+00:00\",\"dateModified\":\"2025-03-31T17:03:44+00:00\",\"breadcrumb\":{\"@id\":\"https:\\\/\\\/raphael.vaucourte.rparejo.eu\\\/index.php\\\/solliciter-un-entretien\\\/#breadcrumb\"},\"inLanguage\":\"fr-FR\",\"potentialAction\":[{\"@type\":\"ReadAction\",\"target\":[\"https:\\\/\\\/raphael.vaucourte.rparejo.eu\\\/index.php\\\/solliciter-un-entretien\\\/\"]}]},{\"@type\":\"ImageObject\",\"inLanguage\":\"fr-FR\",\"@id\":\"https:\\\/\\\/raphael.vaucourte.rparejo.eu\\\/index.php\\\/solliciter-un-entretien\\\/#primaryimage\",\"url\":\"https:\\\/\\\/raphael.vaucourte.rparejo.eu\\\/wp-content\\\/uploads\\\/2018\\\/08\\\/Vaucourte-solliciter-entretien_Image-en-avant.jpg\",\"contentUrl\":\"https:\\\/\\\/raphael.vaucourte.rparejo.eu\\\/wp-content\\\/uploads\\\/2018\\\/08\\\/Vaucourte-solliciter-entretien_Image-en-avant.jpg\",\"width\":1920,\"height\":400},{\"@type\":\"BreadcrumbList\",\"@id\":\"https:\\\/\\\/raphael.vaucourte.rparejo.eu\\\/index.php\\\/solliciter-un-entretien\\\/#breadcrumb\",\"itemListElement\":[{\"@type\":\"ListItem\",\"position\":1,\"name\":\"Accueil\",\"item\":\"https:\\\/\\\/raphael.vaucourte.rparejo.eu\\\/\"},{\"@type\":\"ListItem\",\"position\":2,\"name\":\"Solliciter un entretien\"}]},{\"@type\":\"WebSite\",\"@id\":\"https:\\\/\\\/raphael.vaucourte.rparejo.eu\\\/#website\",\"url\":\"https:\\\/\\\/raphael.vaucourte.rparejo.eu\\\/\",\"name\":\"Rapha\u00ebl Vaucourte (site officiel)\",\"description\":\"Chanson fran\u00e7aise\",\"potentialAction\":[{\"@type\":\"SearchAction\",\"target\":{\"@type\":\"EntryPoint\",\"urlTemplate\":\"https:\\\/\\\/raphael.vaucourte.rparejo.eu\\\/?s={search_term_string}\"},\"query-input\":{\"@type\":\"PropertyValueSpecification\",\"valueRequired\":true,\"valueName\":\"search_term_string\"}}],\"inLanguage\":\"fr-FR\"}]}<\/script>\n<!-- \/ Yoast SEO plugin. -->","yoast_head_json":{"title":"Solliciter un entretien - Rapha\u00ebl Vaucourte (site officiel)","robots":{"index":"index","follow":"follow","max-snippet":"max-snippet:-1","max-image-preview":"max-image-preview:large","max-video-preview":"max-video-preview:-1"},"canonical":"https:\/\/raphael.vaucourte.rparejo.eu\/index.php\/solliciter-un-entretien\/","og_locale":"fr_FR","og_type":"article","og_title":"Solliciter un entretien - Rapha\u00ebl Vaucourte (site officiel)","og_description":"\u00a0Si vous \u00eates journaliste de la presse \u00e9crite (quotidiens, hebdomadaires, revues sp\u00e9cialis\u00e9es), sur Internet, \u00e0 la radio ou la t\u00e9l\u00e9vision, et souhaitez solliciter un entretien, vous pouvez le faire directement par le formulaire de cette page. Pr\u00e9cisez-nous le lieu (physique ou virtuel), la date et l&rsquo;heure, ainsi que la dur\u00e9e souhait\u00e9e de l&rsquo;entretien dans le corps de votre message. N&rsquo;oubliez &hellip;","og_url":"https:\/\/raphael.vaucourte.rparejo.eu\/index.php\/solliciter-un-entretien\/","og_site_name":"Rapha\u00ebl Vaucourte (site officiel)","article_modified_time":"2025-03-31T17:03:44+00:00","og_image":[{"width":1920,"height":400,"url":"https:\/\/raphael.vaucourte.rparejo.eu\/wp-content\/uploads\/2018\/08\/Vaucourte-solliciter-entretien_Image-en-avant.jpg","type":"image\/jpeg"}],"twitter_card":"summary_large_image","twitter_misc":{"Dur\u00e9e de lecture estim\u00e9e":"2 minutes"},"schema":{"@context":"https:\/\/schema.org","@graph":[{"@type":"WebPage","@id":"https:\/\/raphael.vaucourte.rparejo.eu\/index.php\/solliciter-un-entretien\/","url":"https:\/\/raphael.vaucourte.rparejo.eu\/index.php\/solliciter-un-entretien\/","name":"Solliciter un entretien - Rapha\u00ebl Vaucourte (site officiel)","isPartOf":{"@id":"https:\/\/raphael.vaucourte.rparejo.eu\/#website"},"primaryImageOfPage":{"@id":"https:\/\/raphael.vaucourte.rparejo.eu\/index.php\/solliciter-un-entretien\/#primaryimage"},"image":{"@id":"https:\/\/raphael.vaucourte.rparejo.eu\/index.php\/solliciter-un-entretien\/#primaryimage"},"thumbnailUrl":"https:\/\/raphael.vaucourte.rparejo.eu\/wp-content\/uploads\/2018\/08\/Vaucourte-solliciter-entretien_Image-en-avant.jpg","datePublished":"2018-08-26T17:30:29+00:00","dateModified":"2025-03-31T17:03:44+00:00","breadcrumb":{"@id":"https:\/\/raphael.vaucourte.rparejo.eu\/index.php\/solliciter-un-entretien\/#breadcrumb"},"inLanguage":"fr-FR","potentialAction":[{"@type":"ReadAction","target":["https:\/\/raphael.vaucourte.rparejo.eu\/index.php\/solliciter-un-entretien\/"]}]},{"@type":"ImageObject","inLanguage":"fr-FR","@id":"https:\/\/raphael.vaucourte.rparejo.eu\/index.php\/solliciter-un-entretien\/#primaryimage","url":"https:\/\/raphael.vaucourte.rparejo.eu\/wp-content\/uploads\/2018\/08\/Vaucourte-solliciter-entretien_Image-en-avant.jpg","contentUrl":"https:\/\/raphael.vaucourte.rparejo.eu\/wp-content\/uploads\/2018\/08\/Vaucourte-solliciter-entretien_Image-en-avant.jpg","width":1920,"height":400},{"@type":"BreadcrumbList","@id":"https:\/\/raphael.vaucourte.rparejo.eu\/index.php\/solliciter-un-entretien\/#breadcrumb","itemListElement":[{"@type":"ListItem","position":1,"name":"Accueil","item":"https:\/\/raphael.vaucourte.rparejo.eu\/"},{"@type":"ListItem","position":2,"name":"Solliciter un entretien"}]},{"@type":"WebSite","@id":"https:\/\/raphael.vaucourte.rparejo.eu\/#website","url":"https:\/\/raphael.vaucourte.rparejo.eu\/","name":"Rapha\u00ebl Vaucourte (site officiel)","description":"Chanson fran\u00e7aise","potentialAction":[{"@type":"SearchAction","target":{"@type":"EntryPoint","urlTemplate":"https:\/\/raphael.vaucourte.rparejo.eu\/?s={search_term_string}"},"query-input":{"@type":"PropertyValueSpecification","valueRequired":true,"valueName":"search_term_string"}}],"inLanguage":"fr-FR"}]}},"_links":{"self":[{"href":"https:\/\/raphael.vaucourte.rparejo.eu\/index.php\/wp-json\/wp\/v2\/pages\/1507","targetHints":{"allow":["GET"]}}],"collection":[{"href":"https:\/\/raphael.vaucourte.rparejo.eu\/index.php\/wp-json\/wp\/v2\/pages"}],"about":[{"href":"https:\/\/raphael.vaucourte.rparejo.eu\/index.php\/wp-json\/wp\/v2\/types\/page"}],"author":[{"embeddable":true,"href":"https:\/\/raphael.vaucourte.rparejo.eu\/index.php\/wp-json\/wp\/v2\/users\/1"}],"replies":[{"embeddable":true,"href":"https:\/\/raphael.vaucourte.rparejo.eu\/index.php\/wp-json\/wp\/v2\/comments?post=1507"}],"version-history":[{"count":3,"href":"https:\/\/raphael.vaucourte.rparejo.eu\/index.php\/wp-json\/wp\/v2\/pages\/1507\/revisions"}],"predecessor-version":[{"id":3101,"href":"https:\/\/raphael.vaucourte.rparejo.eu\/index.php\/wp-json\/wp\/v2\/pages\/1507\/revisions\/3101"}],"wp:featuredmedia":[{"embeddable":true,"href":"https:\/\/raphael.vaucourte.rparejo.eu\/index.php\/wp-json\/wp\/v2\/media\/1520"}],"wp:attachment":[{"href":"https:\/\/raphael.vaucourte.rparejo.eu\/index.php\/wp-json\/wp\/v2\/media?parent=1507"}],"curies":[{"name":"wp","href":"https:\/\/api.w.org\/{rel}","templated":true}]}}