{"id":1444,"date":"2018-08-25T13:17:09","date_gmt":"2018-08-25T11:17:09","guid":{"rendered":"https:\/\/raphael.vaucourte.rparejo.eu\/?page_id=1444"},"modified":"2019-11-25T12:43:12","modified_gmt":"2019-11-25T11:43:12","slug":"sur-mon-site","status":"publish","type":"page","link":"https:\/\/raphael.vaucourte.rparejo.eu\/index.php\/sur-mon-site\/","title":{"rendered":"Sur le site"},"content":{"rendered":"\t\t<div data-elementor-type=\"wp-page\" data-elementor-id=\"1444\" class=\"elementor elementor-1444\">\n\t\t\t\t\t\t<section class=\"elementor-section elementor-top-section elementor-element elementor-element-1706c51 elementor-section-boxed elementor-section-height-default elementor-section-height-default\" data-id=\"1706c51\" data-element_type=\"section\" data-e-type=\"section\">\n\t\t\t\t\t\t<div class=\"elementor-container elementor-column-gap-default\">\n\t\t\t\t\t<div class=\"elementor-column elementor-col-100 elementor-top-column elementor-element elementor-element-44340a6\" data-id=\"44340a6\" data-element_type=\"column\" data-e-type=\"column\">\n\t\t\t<div class=\"elementor-widget-wrap elementor-element-populated\">\n\t\t\t\t\t\t<div class=\"elementor-element elementor-element-05a569d animated-slow elementor-invisible elementor-widget elementor-widget-heading\" data-id=\"05a569d\" data-element_type=\"widget\" data-e-type=\"widget\" data-settings=\"{&quot;_animation&quot;:&quot;fadeInDown&quot;}\" data-widget_type=\"heading.default\">\n\t\t\t\t<div class=\"elementor-widget-container\">\n\t\t\t\t\t<h2 class=\"elementor-heading-title elementor-size-default\">Finalit\u00e9s du site<\/h2>\t\t\t\t<\/div>\n\t\t\t\t<\/div>\n\t\t\t\t\t<\/div>\n\t\t<\/div>\n\t\t\t\t\t<\/div>\n\t\t<\/section>\n\t\t\t\t<section class=\"elementor-section elementor-top-section elementor-element elementor-element-3d22f08 elementor-section-boxed elementor-section-height-default elementor-section-height-default\" data-id=\"3d22f08\" data-element_type=\"section\" data-e-type=\"section\">\n\t\t\t\t\t\t<div class=\"elementor-container elementor-column-gap-default\">\n\t\t\t\t\t<div class=\"elementor-column elementor-col-50 elementor-top-column elementor-element elementor-element-f415153\" data-id=\"f415153\" data-element_type=\"column\" data-e-type=\"column\">\n\t\t\t<div class=\"elementor-widget-wrap elementor-element-populated\">\n\t\t\t\t\t\t<div class=\"elementor-element elementor-element-259e9f2 elementor-invisible elementor-widget elementor-widget-text-editor\" data-id=\"259e9f2\" data-element_type=\"widget\" data-e-type=\"widget\" data-settings=\"{&quot;_animation&quot;:&quot;fadeInLeft&quot;}\" data-widget_type=\"text-editor.default\">\n\t\t\t\t<div class=\"elementor-widget-container\">\n\t\t\t\t\t\t\t\t\t<p style=\"text-align: justify;\">Ce site n&rsquo;est pas un site commercial. Vous n&rsquo;y trouverez pas comme sur le site d&rsquo;autres musiciens de la musique ou d&rsquo;autres produits d&rsquo;appel \u00e0 vendre. Il a pour but de pr\u00e9senter mon travail\u00a0 sur la chanson fran\u00e7aise et les trois programmes que je pr\u00e9sente. D&rsquo;abord les deux r\u00e9citals de chansons que je propose : <a href=\"https:\/\/raphael.vaucourte.rparejo.eu\/index.php\/chansons-den-france-et-de-la-francophonie\/\" target=\"_blank\" rel=\"noopener noreferrer\"><em>Chansons d&rsquo;en France et de la Francophonie<\/em><\/a> et\u00a0\u00a0<a href=\"https:\/\/raphael.vaucourte.rparejo.eu\/index.php\/chansons-pour-la-route\/\" target=\"_blank\" rel=\"noopener noreferrer\"><em>Chansons pour la route<\/em><\/a>. Ensuite un spectacle plus complexe sc\u00e9niquement parlant, qui m\u00eale histoires, po\u00e9sie et chansons, intitul\u00e9 <a href=\"https:\/\/raphael.vaucourte.rparejo.eu\/index.php\/a-lenseigne-du-vieux-k-barre\/\" target=\"_blank\" rel=\"noopener noreferrer\"><em>\u00c0 l&rsquo;enseigne du vieux K-barr\u00e9<\/em><\/a>.<\/p><p style=\"text-align: justify;\">Vous trouverez donc sur le site la pr\u00e9sentation des deux r\u00e9citals purement musicaux ainsi que de ce troisi\u00e8me programme, une biographie succincte, mes r\u00e9f\u00e9rences (lieux de concerts o\u00f9 je me suis produit ant\u00e9rieurement).<\/p><p style=\"text-align: justify;\">Les journalistes sp\u00e9cialis\u00e9s et les professionnels du spectacle y trouveront un dossier de presse complet : biographie et pr\u00e9sentation des r\u00e9citals, les visuels (flyers A4 et affiches A3) des trois spectacles au format PDF, ainsi qu&rsquo;un choix de photos de presse. Quant aux tourneurs et techniciens de sc\u00e8ne ils trouveront aux pages correspondantes la <a href=\"https:\/\/raphael.vaucourte.rparejo.eu\/index.php\/presse-et-professionnels\/technical-rider-fiche-technique-stage-plot-plan-de-scene\/\" target=\"_blank\" rel=\"noopener noreferrer\">fiche technique<\/a> (technical rider) et les <a href=\"https:\/\/raphael.vaucourte.rparejo.eu\/index.php\/stage-plot-plan-de-scene\/\" target=\"_blank\" rel=\"noopener noreferrer\">plans de sc\u00e8ne<\/a> (stage plots) des spectacles, t\u00e9l\u00e9chargeables au format PDF.<\/p><p style=\"text-align: justify;\">L&rsquo;\u00e9l\u00e9ment \u00ab Contact \u00bb du menu sup\u00e9rieur de navigation du site vous permet d&rsquo;acc\u00e9der \u00e0 la page de contact de mon agent artistique, Ingrid Kuschick, ou de me contacter directement par un formulaire de courrier \u00e9lectronique.<\/p>\t\t\t\t\t\t\t\t<\/div>\n\t\t\t\t<\/div>\n\t\t\t\t\t<\/div>\n\t\t<\/div>\n\t\t\t\t<div class=\"elementor-column elementor-col-50 elementor-top-column elementor-element elementor-element-1e1351a\" data-id=\"1e1351a\" data-element_type=\"column\" data-e-type=\"column\">\n\t\t\t<div class=\"elementor-widget-wrap elementor-element-populated\">\n\t\t\t\t\t\t<div class=\"elementor-element elementor-element-e03d827 elementor-invisible elementor-widget elementor-widget-image\" data-id=\"e03d827\" data-element_type=\"widget\" data-e-type=\"widget\" data-settings=\"{&quot;_animation&quot;:&quot;fadeInRight&quot;}\" data-widget_type=\"image.default\">\n\t\t\t\t<div class=\"elementor-widget-container\">\n\t\t\t\t\t\t\t\t\t\t\t\t\t\t\t<img decoding=\"async\" src=\"https:\/\/raphael.vaucourte.rparejo.eu\/wp-content\/uploads\/2018\/07\/Raph-micro-web.jpg\" title=\"Raph-micro-web\" alt=\"Raph-micro-web\" loading=\"lazy\" \/>\t\t\t\t\t\t\t\t\t\t\t\t\t\t\t<\/div>\n\t\t\t\t<\/div>\n\t\t\t\t\t<\/div>\n\t\t<\/div>\n\t\t\t\t\t<\/div>\n\t\t<\/section>\n\t\t\t\t<section class=\"elementor-section elementor-top-section elementor-element elementor-element-7f70e473 elementor-section-boxed elementor-section-height-default elementor-section-height-default\" data-id=\"7f70e473\" data-element_type=\"section\" data-e-type=\"section\">\n\t\t\t\t\t\t<div class=\"elementor-container elementor-column-gap-default\">\n\t\t\t\t\t<div class=\"elementor-column elementor-col-100 elementor-top-column elementor-element elementor-element-ca2a4fd\" data-id=\"ca2a4fd\" data-element_type=\"column\" data-e-type=\"column\">\n\t\t\t<div class=\"elementor-widget-wrap elementor-element-populated\">\n\t\t\t\t\t\t\t<\/div>\n\t\t<\/div>\n\t\t\t\t\t<\/div>\n\t\t<\/section>\n\t\t\t\t<section class=\"elementor-section elementor-top-section elementor-element elementor-element-be6b593 elementor-section-boxed elementor-section-height-default elementor-section-height-default\" data-id=\"be6b593\" data-element_type=\"section\" data-e-type=\"section\">\n\t\t\t\t\t\t<div class=\"elementor-container elementor-column-gap-default\">\n\t\t\t\t\t<div class=\"elementor-column elementor-col-100 elementor-top-column elementor-element elementor-element-76299bb\" data-id=\"76299bb\" data-element_type=\"column\" data-e-type=\"column\">\n\t\t\t<div class=\"elementor-widget-wrap elementor-element-populated\">\n\t\t\t\t\t\t<div class=\"elementor-element elementor-element-397701e elementor-invisible elementor-widget elementor-widget-heading\" data-id=\"397701e\" data-element_type=\"widget\" data-e-type=\"widget\" data-settings=\"{&quot;_animation&quot;:&quot;lightSpeedIn&quot;}\" data-widget_type=\"heading.default\">\n\t\t\t\t<div class=\"elementor-widget-container\">\n\t\t\t\t\t<h2 class=\"elementor-heading-title elementor-size-default\">Notre politique de confidentialit\u00e9<\/h2>\t\t\t\t<\/div>\n\t\t\t\t<\/div>\n\t\t\t\t\t<\/div>\n\t\t<\/div>\n\t\t\t\t\t<\/div>\n\t\t<\/section>\n\t\t\t\t<section class=\"elementor-section elementor-top-section elementor-element elementor-element-09c8fb6 elementor-section-boxed elementor-section-height-default elementor-section-height-default\" data-id=\"09c8fb6\" data-element_type=\"section\" data-e-type=\"section\">\n\t\t\t\t\t\t<div class=\"elementor-container elementor-column-gap-default\">\n\t\t\t\t\t<div class=\"elementor-column elementor-col-33 elementor-top-column elementor-element elementor-element-2bc2d8d\" data-id=\"2bc2d8d\" data-element_type=\"column\" data-e-type=\"column\">\n\t\t\t<div class=\"elementor-widget-wrap\">\n\t\t\t\t\t\t\t<\/div>\n\t\t<\/div>\n\t\t\t\t<div class=\"elementor-column elementor-col-33 elementor-top-column elementor-element elementor-element-9456ff5\" data-id=\"9456ff5\" data-element_type=\"column\" data-e-type=\"column\">\n\t\t\t<div class=\"elementor-widget-wrap elementor-element-populated\">\n\t\t\t\t\t\t<div class=\"elementor-element elementor-element-aaead71 elementor-widget elementor-widget-text-editor\" data-id=\"aaead71\" data-element_type=\"widget\" data-e-type=\"widget\" data-widget_type=\"text-editor.default\">\n\t\t\t\t<div class=\"elementor-widget-container\">\n\t\t\t\t\t\t\t\t\t<p style=\"text-align: justify;\"><span style=\"font-size: 12pt;\">Soucieux de conserver la confidentialit\u00e9 des visiteurs du site, comme la protection de leurs donn\u00e9es personnelles collect\u00e9es, nous avons mis en place une politique de confidentialit\u00e9 que nous vous invitons \u00e0 consulter en cas de doutes. Les d\u00e9tails se trouvent <span style=\"text-decoration: underline;\"><a href=\"https:\/\/raphael.vaucourte.rparejo.eu\/index.php\/notre-politique-de-confidentialite\/\" target=\"_blank\" rel=\"noopener noreferrer\">ICI<\/a><\/span>.<\/span><\/p>\t\t\t\t\t\t\t\t<\/div>\n\t\t\t\t<\/div>\n\t\t\t\t\t<\/div>\n\t\t<\/div>\n\t\t\t\t<div class=\"elementor-column elementor-col-33 elementor-top-column elementor-element elementor-element-2d01092\" data-id=\"2d01092\" data-element_type=\"column\" data-e-type=\"column\">\n\t\t\t<div class=\"elementor-widget-wrap\">\n\t\t\t\t\t\t\t<\/div>\n\t\t<\/div>\n\t\t\t\t\t<\/div>\n\t\t<\/section>\n\t\t\t\t<\/div>\n\t\t","protected":false},"excerpt":{"rendered":"<p>Finalit\u00e9s du site Ce site n&rsquo;est pas un site commercial. Vous n&rsquo;y trouverez pas comme sur le site d&rsquo;autres musiciens de la musique ou d&rsquo;autres produits d&rsquo;appel \u00e0 vendre. Il a pour but de pr\u00e9senter mon travail\u00a0 sur la chanson fran\u00e7aise et les trois programmes que je pr\u00e9sente. D&rsquo;abord les deux r\u00e9citals de chansons que je propose : Chansons d&rsquo;en &hellip;<\/p>\n","protected":false},"author":1,"featured_media":0,"parent":0,"menu_order":0,"comment_status":"closed","ping_status":"closed","template":"elementor_header_footer","meta":{"footnotes":""},"class_list":["post-1444","page","type-page","status-publish","hentry"],"yoast_head":"<!-- This site is optimized with the Yoast SEO plugin v27.5 - https:\/\/yoast.com\/product\/yoast-seo-wordpress\/ -->\n<title>Sur le site - Rapha\u00ebl Vaucourte (site officiel)<\/title>\n<meta name=\"robots\" content=\"index, follow, max-snippet:-1, max-image-preview:large, max-video-preview:-1\" \/>\n<link rel=\"canonical\" href=\"https:\/\/raphael.vaucourte.rparejo.eu\/index.php\/sur-mon-site\/\" \/>\n<meta property=\"og:locale\" content=\"fr_FR\" \/>\n<meta property=\"og:type\" content=\"article\" \/>\n<meta property=\"og:title\" content=\"Sur le site - Rapha\u00ebl Vaucourte (site officiel)\" \/>\n<meta property=\"og:description\" content=\"Finalit\u00e9s du site Ce site n&rsquo;est pas un site commercial. Vous n&rsquo;y trouverez pas comme sur le site d&rsquo;autres musiciens de la musique ou d&rsquo;autres produits d&rsquo;appel \u00e0 vendre. Il a pour but de pr\u00e9senter mon travail\u00a0 sur la chanson fran\u00e7aise et les trois programmes que je pr\u00e9sente. D&rsquo;abord les deux r\u00e9citals de chansons que je propose : Chansons d&rsquo;en &hellip;\" \/>\n<meta property=\"og:url\" content=\"https:\/\/raphael.vaucourte.rparejo.eu\/index.php\/sur-mon-site\/\" \/>\n<meta property=\"og:site_name\" content=\"Rapha\u00ebl Vaucourte (site officiel)\" \/>\n<meta property=\"article:modified_time\" content=\"2019-11-25T11:43:12+00:00\" \/>\n<meta property=\"og:image\" content=\"https:\/\/raphael.vaucourte.rparejo.eu\/wp-content\/uploads\/2018\/07\/Raph-micro-web.jpg\" \/>\n<meta name=\"twitter:card\" content=\"summary_large_image\" \/>\n<meta name=\"twitter:label1\" content=\"Dur\u00e9e de lecture estim\u00e9e\" \/>\n\t<meta name=\"twitter:data1\" content=\"1 minute\" \/>\n<script type=\"application\/ld+json\" class=\"yoast-schema-graph\">{\"@context\":\"https:\\\/\\\/schema.org\",\"@graph\":[{\"@type\":\"WebPage\",\"@id\":\"https:\\\/\\\/raphael.vaucourte.rparejo.eu\\\/index.php\\\/sur-mon-site\\\/\",\"url\":\"https:\\\/\\\/raphael.vaucourte.rparejo.eu\\\/index.php\\\/sur-mon-site\\\/\",\"name\":\"Sur le site - Rapha\u00ebl Vaucourte (site officiel)\",\"isPartOf\":{\"@id\":\"https:\\\/\\\/raphael.vaucourte.rparejo.eu\\\/#website\"},\"primaryImageOfPage\":{\"@id\":\"https:\\\/\\\/raphael.vaucourte.rparejo.eu\\\/index.php\\\/sur-mon-site\\\/#primaryimage\"},\"image\":{\"@id\":\"https:\\\/\\\/raphael.vaucourte.rparejo.eu\\\/index.php\\\/sur-mon-site\\\/#primaryimage\"},\"thumbnailUrl\":\"https:\\\/\\\/raphael.vaucourte.rparejo.eu\\\/wp-content\\\/uploads\\\/2018\\\/07\\\/Raph-micro-web.jpg\",\"datePublished\":\"2018-08-25T11:17:09+00:00\",\"dateModified\":\"2019-11-25T11:43:12+00:00\",\"breadcrumb\":{\"@id\":\"https:\\\/\\\/raphael.vaucourte.rparejo.eu\\\/index.php\\\/sur-mon-site\\\/#breadcrumb\"},\"inLanguage\":\"fr-FR\",\"potentialAction\":[{\"@type\":\"ReadAction\",\"target\":[\"https:\\\/\\\/raphael.vaucourte.rparejo.eu\\\/index.php\\\/sur-mon-site\\\/\"]}]},{\"@type\":\"ImageObject\",\"inLanguage\":\"fr-FR\",\"@id\":\"https:\\\/\\\/raphael.vaucourte.rparejo.eu\\\/index.php\\\/sur-mon-site\\\/#primaryimage\",\"url\":\"https:\\\/\\\/raphael.vaucourte.rparejo.eu\\\/wp-content\\\/uploads\\\/2018\\\/07\\\/Raph-micro-web.jpg\",\"contentUrl\":\"https:\\\/\\\/raphael.vaucourte.rparejo.eu\\\/wp-content\\\/uploads\\\/2018\\\/07\\\/Raph-micro-web.jpg\",\"width\":1200,\"height\":815},{\"@type\":\"BreadcrumbList\",\"@id\":\"https:\\\/\\\/raphael.vaucourte.rparejo.eu\\\/index.php\\\/sur-mon-site\\\/#breadcrumb\",\"itemListElement\":[{\"@type\":\"ListItem\",\"position\":1,\"name\":\"Accueil\",\"item\":\"https:\\\/\\\/raphael.vaucourte.rparejo.eu\\\/\"},{\"@type\":\"ListItem\",\"position\":2,\"name\":\"Sur le site\"}]},{\"@type\":\"WebSite\",\"@id\":\"https:\\\/\\\/raphael.vaucourte.rparejo.eu\\\/#website\",\"url\":\"https:\\\/\\\/raphael.vaucourte.rparejo.eu\\\/\",\"name\":\"Rapha\u00ebl Vaucourte (site officiel)\",\"description\":\"Chanson fran\u00e7aise\",\"potentialAction\":[{\"@type\":\"SearchAction\",\"target\":{\"@type\":\"EntryPoint\",\"urlTemplate\":\"https:\\\/\\\/raphael.vaucourte.rparejo.eu\\\/?s={search_term_string}\"},\"query-input\":{\"@type\":\"PropertyValueSpecification\",\"valueRequired\":true,\"valueName\":\"search_term_string\"}}],\"inLanguage\":\"fr-FR\"}]}<\/script>\n<!-- \/ Yoast SEO plugin. -->","yoast_head_json":{"title":"Sur le site - Rapha\u00ebl Vaucourte (site officiel)","robots":{"index":"index","follow":"follow","max-snippet":"max-snippet:-1","max-image-preview":"max-image-preview:large","max-video-preview":"max-video-preview:-1"},"canonical":"https:\/\/raphael.vaucourte.rparejo.eu\/index.php\/sur-mon-site\/","og_locale":"fr_FR","og_type":"article","og_title":"Sur le site - Rapha\u00ebl Vaucourte (site officiel)","og_description":"Finalit\u00e9s du site Ce site n&rsquo;est pas un site commercial. Vous n&rsquo;y trouverez pas comme sur le site d&rsquo;autres musiciens de la musique ou d&rsquo;autres produits d&rsquo;appel \u00e0 vendre. Il a pour but de pr\u00e9senter mon travail\u00a0 sur la chanson fran\u00e7aise et les trois programmes que je pr\u00e9sente. D&rsquo;abord les deux r\u00e9citals de chansons que je propose : Chansons d&rsquo;en &hellip;","og_url":"https:\/\/raphael.vaucourte.rparejo.eu\/index.php\/sur-mon-site\/","og_site_name":"Rapha\u00ebl Vaucourte (site officiel)","article_modified_time":"2019-11-25T11:43:12+00:00","og_image":[{"url":"https:\/\/raphael.vaucourte.rparejo.eu\/wp-content\/uploads\/2018\/07\/Raph-micro-web.jpg","type":"","width":"","height":""}],"twitter_card":"summary_large_image","twitter_misc":{"Dur\u00e9e de lecture estim\u00e9e":"1 minute"},"schema":{"@context":"https:\/\/schema.org","@graph":[{"@type":"WebPage","@id":"https:\/\/raphael.vaucourte.rparejo.eu\/index.php\/sur-mon-site\/","url":"https:\/\/raphael.vaucourte.rparejo.eu\/index.php\/sur-mon-site\/","name":"Sur le site - Rapha\u00ebl Vaucourte (site officiel)","isPartOf":{"@id":"https:\/\/raphael.vaucourte.rparejo.eu\/#website"},"primaryImageOfPage":{"@id":"https:\/\/raphael.vaucourte.rparejo.eu\/index.php\/sur-mon-site\/#primaryimage"},"image":{"@id":"https:\/\/raphael.vaucourte.rparejo.eu\/index.php\/sur-mon-site\/#primaryimage"},"thumbnailUrl":"https:\/\/raphael.vaucourte.rparejo.eu\/wp-content\/uploads\/2018\/07\/Raph-micro-web.jpg","datePublished":"2018-08-25T11:17:09+00:00","dateModified":"2019-11-25T11:43:12+00:00","breadcrumb":{"@id":"https:\/\/raphael.vaucourte.rparejo.eu\/index.php\/sur-mon-site\/#breadcrumb"},"inLanguage":"fr-FR","potentialAction":[{"@type":"ReadAction","target":["https:\/\/raphael.vaucourte.rparejo.eu\/index.php\/sur-mon-site\/"]}]},{"@type":"ImageObject","inLanguage":"fr-FR","@id":"https:\/\/raphael.vaucourte.rparejo.eu\/index.php\/sur-mon-site\/#primaryimage","url":"https:\/\/raphael.vaucourte.rparejo.eu\/wp-content\/uploads\/2018\/07\/Raph-micro-web.jpg","contentUrl":"https:\/\/raphael.vaucourte.rparejo.eu\/wp-content\/uploads\/2018\/07\/Raph-micro-web.jpg","width":1200,"height":815},{"@type":"BreadcrumbList","@id":"https:\/\/raphael.vaucourte.rparejo.eu\/index.php\/sur-mon-site\/#breadcrumb","itemListElement":[{"@type":"ListItem","position":1,"name":"Accueil","item":"https:\/\/raphael.vaucourte.rparejo.eu\/"},{"@type":"ListItem","position":2,"name":"Sur le site"}]},{"@type":"WebSite","@id":"https:\/\/raphael.vaucourte.rparejo.eu\/#website","url":"https:\/\/raphael.vaucourte.rparejo.eu\/","name":"Rapha\u00ebl Vaucourte (site officiel)","description":"Chanson fran\u00e7aise","potentialAction":[{"@type":"SearchAction","target":{"@type":"EntryPoint","urlTemplate":"https:\/\/raphael.vaucourte.rparejo.eu\/?s={search_term_string}"},"query-input":{"@type":"PropertyValueSpecification","valueRequired":true,"valueName":"search_term_string"}}],"inLanguage":"fr-FR"}]}},"_links":{"self":[{"href":"https:\/\/raphael.vaucourte.rparejo.eu\/index.php\/wp-json\/wp\/v2\/pages\/1444","targetHints":{"allow":["GET"]}}],"collection":[{"href":"https:\/\/raphael.vaucourte.rparejo.eu\/index.php\/wp-json\/wp\/v2\/pages"}],"about":[{"href":"https:\/\/raphael.vaucourte.rparejo.eu\/index.php\/wp-json\/wp\/v2\/types\/page"}],"author":[{"embeddable":true,"href":"https:\/\/raphael.vaucourte.rparejo.eu\/index.php\/wp-json\/wp\/v2\/users\/1"}],"replies":[{"embeddable":true,"href":"https:\/\/raphael.vaucourte.rparejo.eu\/index.php\/wp-json\/wp\/v2\/comments?post=1444"}],"version-history":[{"count":0,"href":"https:\/\/raphael.vaucourte.rparejo.eu\/index.php\/wp-json\/wp\/v2\/pages\/1444\/revisions"}],"wp:attachment":[{"href":"https:\/\/raphael.vaucourte.rparejo.eu\/index.php\/wp-json\/wp\/v2\/media?parent=1444"}],"curies":[{"name":"wp","href":"https:\/\/api.w.org\/{rel}","templated":true}]}}