{"id":1065,"date":"2017-11-20T15:19:56","date_gmt":"2017-11-20T14:19:56","guid":{"rendered":"https:\/\/raphael.vaucourte.rparejo.eu\/?page_id=1065"},"modified":"2020-01-27T00:30:15","modified_gmt":"2020-01-26T23:30:15","slug":"stage-plot-plan-de-scene","status":"publish","type":"page","link":"https:\/\/raphael.vaucourte.rparejo.eu\/index.php\/stage-plot-plan-de-scene\/","title":{"rendered":"Stage Plot (plan de sc\u00e8ne)"},"content":{"rendered":"\t\t<div data-elementor-type=\"wp-page\" data-elementor-id=\"1065\" class=\"elementor elementor-1065\">\n\t\t\t\t\t\t<section class=\"elementor-section elementor-top-section elementor-element elementor-element-b61fd49 elementor-section-boxed elementor-section-height-default elementor-section-height-default\" data-id=\"b61fd49\" data-element_type=\"section\" data-e-type=\"section\">\n\t\t\t\t\t\t<div class=\"elementor-container elementor-column-gap-default\">\n\t\t\t\t\t<div class=\"elementor-column elementor-col-100 elementor-top-column elementor-element elementor-element-bdea925\" data-id=\"bdea925\" data-element_type=\"column\" data-e-type=\"column\">\n\t\t\t<div class=\"elementor-widget-wrap elementor-element-populated\">\n\t\t\t\t\t\t<div class=\"elementor-element elementor-element-8947dd5 elementor-widget elementor-widget-heading\" data-id=\"8947dd5\" data-element_type=\"widget\" data-e-type=\"widget\" data-widget_type=\"heading.default\">\n\t\t\t\t<div class=\"elementor-widget-container\">\n\t\t\t\t\t<h3 class=\"elementor-heading-title elementor-size-default\">Chansons d'en France et de la Francophonie<\/h3>\t\t\t\t<\/div>\n\t\t\t\t<\/div>\n\t\t\t\t\t<\/div>\n\t\t<\/div>\n\t\t\t\t\t<\/div>\n\t\t<\/section>\n\t\t\t\t<section class=\"elementor-section elementor-top-section elementor-element elementor-element-05932fe elementor-section-boxed elementor-section-height-default elementor-section-height-default\" data-id=\"05932fe\" data-element_type=\"section\" data-e-type=\"section\">\n\t\t\t\t\t\t<div class=\"elementor-container elementor-column-gap-default\">\n\t\t\t\t\t<div class=\"elementor-column elementor-col-50 elementor-top-column elementor-element elementor-element-6665b67\" data-id=\"6665b67\" data-element_type=\"column\" data-e-type=\"column\">\n\t\t\t<div class=\"elementor-widget-wrap elementor-element-populated\">\n\t\t\t\t\t\t<div class=\"elementor-element elementor-element-47bc8e4 elementor-widget elementor-widget-heading\" data-id=\"47bc8e4\" data-element_type=\"widget\" data-e-type=\"widget\" data-widget_type=\"heading.default\">\n\t\t\t\t<div class=\"elementor-widget-container\">\n\t\t\t\t\t<h4 class=\"elementor-heading-title elementor-size-default\">En solo<\/h4>\t\t\t\t<\/div>\n\t\t\t\t<\/div>\n\t\t\t\t<div class=\"elementor-element elementor-element-df5505f elementor-widget elementor-widget-text-editor\" data-id=\"df5505f\" data-element_type=\"widget\" data-e-type=\"widget\" data-widget_type=\"text-editor.default\">\n\t\t\t\t<div class=\"elementor-widget-container\">\n\t\t\t\t\t\t\t\t\t<p style=\"text-align: justify;\"><span style=\"font-size: 12pt; text-indent: 0em;\">En Fran\u00e7ais : <\/span><a style=\"font-size: 12pt; text-indent: 0em;\" href=\"https:\/\/raphael.vaucourte.rparejo.eu\/wp-content\/uploads\/2017\/11\/Raph_d_en-France_solo_Stage-Plot_web.pdf\">Raph_d_en-France_solo_Stage-Plot_web<\/a><\/p><p style=\"text-align: justify;\"><span style=\"font-size: 12pt;\">En Espa\u00f1ol: <a href=\"https:\/\/raphael.vaucourte.rparejo.eu\/wp-content\/uploads\/2020\/01\/Raph_de-Francia_solista_Stage-Plot_ES-Web.pdf\">Raph_de-Francia_solista_Stage-Plot_ES-Web<\/a><\/span><\/p>\t\t\t\t\t\t\t\t<\/div>\n\t\t\t\t<\/div>\n\t\t\t\t\t<\/div>\n\t\t<\/div>\n\t\t\t\t<div class=\"elementor-column elementor-col-50 elementor-top-column elementor-element elementor-element-6b7351e\" data-id=\"6b7351e\" data-element_type=\"column\" data-e-type=\"column\">\n\t\t\t<div class=\"elementor-widget-wrap elementor-element-populated\">\n\t\t\t\t\t\t<div class=\"elementor-element elementor-element-4d4a1bf elementor-widget elementor-widget-heading\" data-id=\"4d4a1bf\" data-element_type=\"widget\" data-e-type=\"widget\" data-widget_type=\"heading.default\">\n\t\t\t\t<div class=\"elementor-widget-container\">\n\t\t\t\t\t<h4 class=\"elementor-heading-title elementor-size-default\">Avec un violoncelle ou une contrebasse<\/h4>\t\t\t\t<\/div>\n\t\t\t\t<\/div>\n\t\t\t\t<div class=\"elementor-element elementor-element-ae2c5f1 elementor-widget elementor-widget-text-editor\" data-id=\"ae2c5f1\" data-element_type=\"widget\" data-e-type=\"widget\" data-widget_type=\"text-editor.default\">\n\t\t\t\t<div class=\"elementor-widget-container\">\n\t\t\t\t\t\t\t\t\t<p>Le plan de sc\u00e8ne, bien que pr\u00e9cis, reste indicatif. Nous consulter.<\/p><p style=\"text-align: justify;\"><span style=\"font-size: 12pt;\">En Fran\u00e7ais : <a href=\"https:\/\/raphael.vaucourte.rparejo.eu\/wp-content\/uploads\/2020\/01\/Raph_den-France_violoncelle_Stage-Plot_Web.pdf\">Raph_d&rsquo;en France_violoncelle_Stage-Plot_Web<\/a><\/span><\/p><p><span style=\"font-size: 12pt;\">En Espa\u00f1ol: <a href=\"https:\/\/raphael.vaucourte.rparejo.eu\/wp-content\/uploads\/2020\/01\/Raph_de-Francia_chelo_Stage-Plot_ES_Web.pdf\">Raph_de-Francia_chelo_Stage-Plot_ES_Web<\/a><\/span><\/p>\t\t\t\t\t\t\t\t<\/div>\n\t\t\t\t<\/div>\n\t\t\t\t\t<\/div>\n\t\t<\/div>\n\t\t\t\t\t<\/div>\n\t\t<\/section>\n\t\t\t\t<section class=\"elementor-section elementor-top-section elementor-element elementor-element-d918e68 elementor-section-boxed elementor-section-height-default elementor-section-height-default\" data-id=\"d918e68\" data-element_type=\"section\" data-e-type=\"section\">\n\t\t\t\t\t\t<div class=\"elementor-container elementor-column-gap-default\">\n\t\t\t\t\t<div class=\"elementor-column elementor-col-100 elementor-top-column elementor-element elementor-element-244ab21\" data-id=\"244ab21\" data-element_type=\"column\" data-e-type=\"column\">\n\t\t\t<div class=\"elementor-widget-wrap elementor-element-populated\">\n\t\t\t\t\t\t<div class=\"elementor-element elementor-element-bbec195 elementor-widget elementor-widget-heading\" data-id=\"bbec195\" data-element_type=\"widget\" data-e-type=\"widget\" data-widget_type=\"heading.default\">\n\t\t\t\t<div class=\"elementor-widget-container\">\n\t\t\t\t\t<h3 class=\"elementor-heading-title elementor-size-default\">Chansons pour la route<\/h3>\t\t\t\t<\/div>\n\t\t\t\t<\/div>\n\t\t\t\t\t<\/div>\n\t\t<\/div>\n\t\t\t\t\t<\/div>\n\t\t<\/section>\n\t\t\t\t<section class=\"elementor-section elementor-top-section elementor-element elementor-element-571092c elementor-section-boxed elementor-section-height-default elementor-section-height-default\" data-id=\"571092c\" data-element_type=\"section\" data-e-type=\"section\">\n\t\t\t\t\t\t<div class=\"elementor-container elementor-column-gap-default\">\n\t\t\t\t\t<div class=\"elementor-column elementor-col-50 elementor-top-column elementor-element elementor-element-82e484d\" data-id=\"82e484d\" data-element_type=\"column\" data-e-type=\"column\">\n\t\t\t<div class=\"elementor-widget-wrap elementor-element-populated\">\n\t\t\t\t\t\t<div class=\"elementor-element elementor-element-f477257 elementor-widget elementor-widget-heading\" data-id=\"f477257\" data-element_type=\"widget\" data-e-type=\"widget\" data-widget_type=\"heading.default\">\n\t\t\t\t<div class=\"elementor-widget-container\">\n\t\t\t\t\t<h4 class=\"elementor-heading-title elementor-size-default\">En solo<\/h4>\t\t\t\t<\/div>\n\t\t\t\t<\/div>\n\t\t\t\t<div class=\"elementor-element elementor-element-40944d9 elementor-widget elementor-widget-text-editor\" data-id=\"40944d9\" data-element_type=\"widget\" data-e-type=\"widget\" data-widget_type=\"text-editor.default\">\n\t\t\t\t<div class=\"elementor-widget-container\">\n\t\t\t\t\t\t\t\t\t<p style=\"text-align: justify;\"><span style=\"font-size: 12pt;\">NON ENCORE DISPONIBLE !<\/span><\/p><p style=\"text-align: justify;\"><span style=\"font-size: 12pt;\">En Fran\u00e7ais :\u00a0<\/span><\/p><p style=\"text-align: justify;\"><span style=\"font-size: 12pt;\">En Espa\u00f1ol:\u00a0<\/span><\/p>\t\t\t\t\t\t\t\t<\/div>\n\t\t\t\t<\/div>\n\t\t\t\t\t<\/div>\n\t\t<\/div>\n\t\t\t\t<div class=\"elementor-column elementor-col-50 elementor-top-column elementor-element elementor-element-080869b\" data-id=\"080869b\" data-element_type=\"column\" data-e-type=\"column\">\n\t\t\t<div class=\"elementor-widget-wrap elementor-element-populated\">\n\t\t\t\t\t\t<div class=\"elementor-element elementor-element-a548c92 elementor-widget elementor-widget-heading\" data-id=\"a548c92\" data-element_type=\"widget\" data-e-type=\"widget\" data-widget_type=\"heading.default\">\n\t\t\t\t<div class=\"elementor-widget-container\">\n\t\t\t\t\t<h4 class=\"elementor-heading-title elementor-size-default\">En groupe<\/h4>\t\t\t\t<\/div>\n\t\t\t\t<\/div>\n\t\t\t\t<div class=\"elementor-element elementor-element-c0063ee elementor-widget elementor-widget-text-editor\" data-id=\"c0063ee\" data-element_type=\"widget\" data-e-type=\"widget\" data-widget_type=\"text-editor.default\">\n\t\t\t\t<div class=\"elementor-widget-container\">\n\t\t\t\t\t\t\t\t\t<p><span style=\"font-family: 'Open Sans'; font-size: 16px; font-style: normal; font-variant-ligatures: normal; font-variant-caps: normal; font-weight: 400; text-align: justify;\">NON ENCORE DISPONIBLE !<\/span><\/p><p>En Fran\u00e7ais :\u00a0<\/p><p>En Espa\u00f1ol:\u00a0<\/p>\t\t\t\t\t\t\t\t<\/div>\n\t\t\t\t<\/div>\n\t\t\t\t\t<\/div>\n\t\t<\/div>\n\t\t\t\t\t<\/div>\n\t\t<\/section>\n\t\t\t\t<\/div>\n\t\t","protected":false},"excerpt":{"rendered":"<p>Chansons d&rsquo;en France et de la Francophonie En solo En Fran\u00e7ais : Raph_d_en-France_solo_Stage-Plot_web En Espa\u00f1ol: Raph_de-Francia_solista_Stage-Plot_ES-Web Avec un violoncelle ou une contrebasse Le plan de sc\u00e8ne, bien que pr\u00e9cis, reste indicatif. Nous consulter. En Fran\u00e7ais : Raph_d&rsquo;en France_violoncelle_Stage-Plot_Web En Espa\u00f1ol: Raph_de-Francia_chelo_Stage-Plot_ES_Web Chansons pour la route En solo NON ENCORE DISPONIBLE ! En Fran\u00e7ais :\u00a0 En Espa\u00f1ol:\u00a0 En groupe NON ENCORE &hellip;<\/p>\n","protected":false},"author":1,"featured_media":0,"parent":0,"menu_order":2,"comment_status":"closed","ping_status":"closed","template":"","meta":{"footnotes":""},"class_list":["post-1065","page","type-page","status-publish","hentry"],"yoast_head":"<!-- This site is optimized with the Yoast SEO plugin v27.3 - https:\/\/yoast.com\/product\/yoast-seo-wordpress\/ -->\n<title>Stage Plot (plan de sc\u00e8ne) - Rapha\u00ebl Vaucourte (site officiel)<\/title>\n<meta name=\"robots\" content=\"index, follow, max-snippet:-1, max-image-preview:large, max-video-preview:-1\" \/>\n<link rel=\"canonical\" href=\"https:\/\/raphael.vaucourte.rparejo.eu\/index.php\/stage-plot-plan-de-scene\/\" \/>\n<meta property=\"og:locale\" content=\"fr_FR\" \/>\n<meta property=\"og:type\" content=\"article\" \/>\n<meta property=\"og:title\" content=\"Stage Plot (plan de sc\u00e8ne) - Rapha\u00ebl Vaucourte (site officiel)\" \/>\n<meta property=\"og:description\" content=\"Chansons d&rsquo;en France et de la Francophonie En solo En Fran\u00e7ais : Raph_d_en-France_solo_Stage-Plot_web En Espa\u00f1ol: Raph_de-Francia_solista_Stage-Plot_ES-Web Avec un violoncelle ou une contrebasse Le plan de sc\u00e8ne, bien que pr\u00e9cis, reste indicatif. Nous consulter. En Fran\u00e7ais : Raph_d&rsquo;en France_violoncelle_Stage-Plot_Web En Espa\u00f1ol: Raph_de-Francia_chelo_Stage-Plot_ES_Web Chansons pour la route En solo NON ENCORE DISPONIBLE ! En Fran\u00e7ais :\u00a0 En Espa\u00f1ol:\u00a0 En groupe NON ENCORE &hellip;\" \/>\n<meta property=\"og:url\" content=\"https:\/\/raphael.vaucourte.rparejo.eu\/index.php\/stage-plot-plan-de-scene\/\" \/>\n<meta property=\"og:site_name\" content=\"Rapha\u00ebl Vaucourte (site officiel)\" \/>\n<meta property=\"article:modified_time\" content=\"2020-01-26T23:30:15+00:00\" \/>\n<meta name=\"twitter:card\" content=\"summary_large_image\" \/>\n<script type=\"application\/ld+json\" class=\"yoast-schema-graph\">{\"@context\":\"https:\\\/\\\/schema.org\",\"@graph\":[{\"@type\":\"WebPage\",\"@id\":\"https:\\\/\\\/raphael.vaucourte.rparejo.eu\\\/index.php\\\/stage-plot-plan-de-scene\\\/\",\"url\":\"https:\\\/\\\/raphael.vaucourte.rparejo.eu\\\/index.php\\\/stage-plot-plan-de-scene\\\/\",\"name\":\"Stage Plot (plan de sc\u00e8ne) - Rapha\u00ebl Vaucourte (site officiel)\",\"isPartOf\":{\"@id\":\"https:\\\/\\\/raphael.vaucourte.rparejo.eu\\\/#website\"},\"datePublished\":\"2017-11-20T14:19:56+00:00\",\"dateModified\":\"2020-01-26T23:30:15+00:00\",\"breadcrumb\":{\"@id\":\"https:\\\/\\\/raphael.vaucourte.rparejo.eu\\\/index.php\\\/stage-plot-plan-de-scene\\\/#breadcrumb\"},\"inLanguage\":\"fr-FR\",\"potentialAction\":[{\"@type\":\"ReadAction\",\"target\":[\"https:\\\/\\\/raphael.vaucourte.rparejo.eu\\\/index.php\\\/stage-plot-plan-de-scene\\\/\"]}]},{\"@type\":\"BreadcrumbList\",\"@id\":\"https:\\\/\\\/raphael.vaucourte.rparejo.eu\\\/index.php\\\/stage-plot-plan-de-scene\\\/#breadcrumb\",\"itemListElement\":[{\"@type\":\"ListItem\",\"position\":1,\"name\":\"Accueil\",\"item\":\"https:\\\/\\\/raphael.vaucourte.rparejo.eu\\\/\"},{\"@type\":\"ListItem\",\"position\":2,\"name\":\"Stage Plot (plan de sc\u00e8ne)\"}]},{\"@type\":\"WebSite\",\"@id\":\"https:\\\/\\\/raphael.vaucourte.rparejo.eu\\\/#website\",\"url\":\"https:\\\/\\\/raphael.vaucourte.rparejo.eu\\\/\",\"name\":\"Rapha\u00ebl Vaucourte (site officiel)\",\"description\":\"Chanson fran\u00e7aise\",\"potentialAction\":[{\"@type\":\"SearchAction\",\"target\":{\"@type\":\"EntryPoint\",\"urlTemplate\":\"https:\\\/\\\/raphael.vaucourte.rparejo.eu\\\/?s={search_term_string}\"},\"query-input\":{\"@type\":\"PropertyValueSpecification\",\"valueRequired\":true,\"valueName\":\"search_term_string\"}}],\"inLanguage\":\"fr-FR\"}]}<\/script>\n<!-- \/ Yoast SEO plugin. -->","yoast_head_json":{"title":"Stage Plot (plan de sc\u00e8ne) - Rapha\u00ebl Vaucourte (site officiel)","robots":{"index":"index","follow":"follow","max-snippet":"max-snippet:-1","max-image-preview":"max-image-preview:large","max-video-preview":"max-video-preview:-1"},"canonical":"https:\/\/raphael.vaucourte.rparejo.eu\/index.php\/stage-plot-plan-de-scene\/","og_locale":"fr_FR","og_type":"article","og_title":"Stage Plot (plan de sc\u00e8ne) - Rapha\u00ebl Vaucourte (site officiel)","og_description":"Chansons d&rsquo;en France et de la Francophonie En solo En Fran\u00e7ais : Raph_d_en-France_solo_Stage-Plot_web En Espa\u00f1ol: Raph_de-Francia_solista_Stage-Plot_ES-Web Avec un violoncelle ou une contrebasse Le plan de sc\u00e8ne, bien que pr\u00e9cis, reste indicatif. Nous consulter. En Fran\u00e7ais : Raph_d&rsquo;en France_violoncelle_Stage-Plot_Web En Espa\u00f1ol: Raph_de-Francia_chelo_Stage-Plot_ES_Web Chansons pour la route En solo NON ENCORE DISPONIBLE ! En Fran\u00e7ais :\u00a0 En Espa\u00f1ol:\u00a0 En groupe NON ENCORE &hellip;","og_url":"https:\/\/raphael.vaucourte.rparejo.eu\/index.php\/stage-plot-plan-de-scene\/","og_site_name":"Rapha\u00ebl Vaucourte (site officiel)","article_modified_time":"2020-01-26T23:30:15+00:00","twitter_card":"summary_large_image","schema":{"@context":"https:\/\/schema.org","@graph":[{"@type":"WebPage","@id":"https:\/\/raphael.vaucourte.rparejo.eu\/index.php\/stage-plot-plan-de-scene\/","url":"https:\/\/raphael.vaucourte.rparejo.eu\/index.php\/stage-plot-plan-de-scene\/","name":"Stage Plot (plan de sc\u00e8ne) - Rapha\u00ebl Vaucourte (site officiel)","isPartOf":{"@id":"https:\/\/raphael.vaucourte.rparejo.eu\/#website"},"datePublished":"2017-11-20T14:19:56+00:00","dateModified":"2020-01-26T23:30:15+00:00","breadcrumb":{"@id":"https:\/\/raphael.vaucourte.rparejo.eu\/index.php\/stage-plot-plan-de-scene\/#breadcrumb"},"inLanguage":"fr-FR","potentialAction":[{"@type":"ReadAction","target":["https:\/\/raphael.vaucourte.rparejo.eu\/index.php\/stage-plot-plan-de-scene\/"]}]},{"@type":"BreadcrumbList","@id":"https:\/\/raphael.vaucourte.rparejo.eu\/index.php\/stage-plot-plan-de-scene\/#breadcrumb","itemListElement":[{"@type":"ListItem","position":1,"name":"Accueil","item":"https:\/\/raphael.vaucourte.rparejo.eu\/"},{"@type":"ListItem","position":2,"name":"Stage Plot (plan de sc\u00e8ne)"}]},{"@type":"WebSite","@id":"https:\/\/raphael.vaucourte.rparejo.eu\/#website","url":"https:\/\/raphael.vaucourte.rparejo.eu\/","name":"Rapha\u00ebl Vaucourte (site officiel)","description":"Chanson fran\u00e7aise","potentialAction":[{"@type":"SearchAction","target":{"@type":"EntryPoint","urlTemplate":"https:\/\/raphael.vaucourte.rparejo.eu\/?s={search_term_string}"},"query-input":{"@type":"PropertyValueSpecification","valueRequired":true,"valueName":"search_term_string"}}],"inLanguage":"fr-FR"}]}},"_links":{"self":[{"href":"https:\/\/raphael.vaucourte.rparejo.eu\/index.php\/wp-json\/wp\/v2\/pages\/1065","targetHints":{"allow":["GET"]}}],"collection":[{"href":"https:\/\/raphael.vaucourte.rparejo.eu\/index.php\/wp-json\/wp\/v2\/pages"}],"about":[{"href":"https:\/\/raphael.vaucourte.rparejo.eu\/index.php\/wp-json\/wp\/v2\/types\/page"}],"author":[{"embeddable":true,"href":"https:\/\/raphael.vaucourte.rparejo.eu\/index.php\/wp-json\/wp\/v2\/users\/1"}],"replies":[{"embeddable":true,"href":"https:\/\/raphael.vaucourte.rparejo.eu\/index.php\/wp-json\/wp\/v2\/comments?post=1065"}],"version-history":[{"count":0,"href":"https:\/\/raphael.vaucourte.rparejo.eu\/index.php\/wp-json\/wp\/v2\/pages\/1065\/revisions"}],"wp:attachment":[{"href":"https:\/\/raphael.vaucourte.rparejo.eu\/index.php\/wp-json\/wp\/v2\/media?parent=1065"}],"curies":[{"name":"wp","href":"https:\/\/api.w.org\/{rel}","templated":true}]}}